{"id":1931,"date":"2024-03-09T11:04:58","date_gmt":"2024-03-09T11:04:58","guid":{"rendered":"https:\/\/spinalcode.in.rs\/?page_id=1931"},"modified":"2024-03-24T15:10:32","modified_gmt":"2024-03-24T15:10:32","slug":"ushop","status":"publish","type":"page","link":"https:\/\/spinalcode.in.rs\/en\/ushop\/","title":{"rendered":"Ushop"},"content":{"rendered":"\t\t<div data-elementor-type=\"wp-page\" data-elementor-id=\"1931\" class=\"elementor elementor-1931\">\n\t\t\t\t<div class=\"elementor-element elementor-element-e1de763 e-con-full e-flex e-con e-parent\" data-id=\"e1de763\" data-element_type=\"container\" data-e-type=\"container\">\n\t\t\t\t<div class=\"elementor-element elementor-element-864148c elementor-widget elementor-widget-image\" data-id=\"864148c\" data-element_type=\"widget\" data-e-type=\"widget\" data-widget_type=\"image.default\">\n\t\t\t\t<div class=\"elementor-widget-container\">\n\t\t\t\t\t\t\t\t\t\t\t\t\t\t\t\t<a href=\"https:\/\/ushop.in.rs\/\">\n\t\t\t\t\t\t\t<img fetchpriority=\"high\" decoding=\"async\" width=\"1920\" height=\"1152\" src=\"https:\/\/spinalcode.in.rs\/wp-content\/uploads\/2024\/03\/ushopresponsive.webp\" class=\"attachment-full size-full wp-image-3081\" alt=\"Spinal Code - Ushop veb sajt\" srcset=\"https:\/\/spinalcode.in.rs\/wp-content\/uploads\/2024\/03\/ushopresponsive.webp 1920w, https:\/\/spinalcode.in.rs\/wp-content\/uploads\/2024\/03\/ushopresponsive-300x180.webp 300w, https:\/\/spinalcode.in.rs\/wp-content\/uploads\/2024\/03\/ushopresponsive-1024x614.webp 1024w, https:\/\/spinalcode.in.rs\/wp-content\/uploads\/2024\/03\/ushopresponsive-768x461.webp 768w, https:\/\/spinalcode.in.rs\/wp-content\/uploads\/2024\/03\/ushopresponsive-1536x922.webp 1536w\" sizes=\"(max-width: 1920px) 100vw, 1920px\" \/>\t\t\t\t\t\t\t\t<\/a>\n\t\t\t\t\t\t\t\t\t\t\t\t\t\t\t<\/div>\n\t\t\t\t<\/div>\n\t\t\t\t<\/div>\n\t\t<div class=\"elementor-element elementor-element-1f6dce3 e-flex e-con-boxed e-con e-parent\" data-id=\"1f6dce3\" data-element_type=\"container\" data-e-type=\"container\">\n\t\t\t\t\t<div class=\"e-con-inner\">\n\t\t<div class=\"elementor-element elementor-element-f32c432 e-flex e-con-boxed e-con e-child\" data-id=\"f32c432\" data-element_type=\"container\" data-e-type=\"container\">\n\t\t\t\t\t<div class=\"e-con-inner\">\n\t\t\t\t<div class=\"elementor-element elementor-element-be63c0d elementor-widget elementor-widget-heading\" data-id=\"be63c0d\" data-element_type=\"widget\" data-e-type=\"widget\" data-widget_type=\"heading.default\">\n\t\t\t\t<div class=\"elementor-widget-container\">\n\t\t\t\t\t<h1 class=\"elementor-heading-title elementor-size-default\"><a href=\"https:\/\/ushop.in.rs\/\">Ushop<\/a><\/h1>\t\t\t\t<\/div>\n\t\t\t\t<\/div>\n\t\t\t\t<div class=\"elementor-element elementor-element-d58ff19 elementor-widget elementor-widget-text-editor\" data-id=\"d58ff19\" data-element_type=\"widget\" data-e-type=\"widget\" data-widget_type=\"text-editor.default\">\n\t\t\t\t<div class=\"elementor-widget-container\">\n\t\t\t\t\t\t\t\t\t<p>Veb sajt ura\u0111en u WordPress-u sa Woocommerce-om. Veb prodavnica je namenjena Va\u0161oj kupovini novih i polovnih stvari. Korisnik se mo\u017ee registrovati i kupiti bilo koji artikl karticom ili izabrati opciju kupi pouze\u0107em. Tadko\u0111e, veb sajt se mo\u017ee vrlo lako prevoditi sa engleskog jezika na srpski i obrnuto. Ushop je primer kako mo\u017ee izgledati Va\u0161a veb prodavnica.\u00a0<\/p>\t\t\t\t\t\t\t\t<\/div>\n\t\t\t\t<\/div>\n\t\t\t\t\t<\/div>\n\t\t\t\t<\/div>\n\t\t<div class=\"elementor-element elementor-element-e908d18 e-flex e-con-boxed e-con e-child\" data-id=\"e908d18\" data-element_type=\"container\" data-e-type=\"container\" data-settings=\"{&quot;background_background&quot;:&quot;slideshow&quot;,&quot;background_slideshow_gallery&quot;:[{&quot;id&quot;:3088,&quot;url&quot;:&quot;https:\\\/\\\/spinalcode.in.rs\\\/wp-content\\\/uploads\\\/2024\\\/03\\\/u1.webp&quot;},{&quot;id&quot;:3097,&quot;url&quot;:&quot;https:\\\/\\\/spinalcode.in.rs\\\/wp-content\\\/uploads\\\/2024\\\/03\\\/u10.webp&quot;},{&quot;id&quot;:3096,&quot;url&quot;:&quot;https:\\\/\\\/spinalcode.in.rs\\\/wp-content\\\/uploads\\\/2024\\\/03\\\/u9.webp&quot;},{&quot;id&quot;:3093,&quot;url&quot;:&quot;https:\\\/\\\/spinalcode.in.rs\\\/wp-content\\\/uploads\\\/2024\\\/03\\\/u6.webp&quot;},{&quot;id&quot;:3092,&quot;url&quot;:&quot;https:\\\/\\\/spinalcode.in.rs\\\/wp-content\\\/uploads\\\/2024\\\/03\\\/u5.webp&quot;},{&quot;id&quot;:3089,&quot;url&quot;:&quot;https:\\\/\\\/spinalcode.in.rs\\\/wp-content\\\/uploads\\\/2024\\\/03\\\/u2.webp&quot;},{&quot;id&quot;:3091,&quot;url&quot;:&quot;https:\\\/\\\/spinalcode.in.rs\\\/wp-content\\\/uploads\\\/2024\\\/03\\\/u4.webp&quot;},{&quot;id&quot;:3090,&quot;url&quot;:&quot;https:\\\/\\\/spinalcode.in.rs\\\/wp-content\\\/uploads\\\/2024\\\/03\\\/u3.webp&quot;},{&quot;id&quot;:3094,&quot;url&quot;:&quot;https:\\\/\\\/spinalcode.in.rs\\\/wp-content\\\/uploads\\\/2024\\\/03\\\/u7-1.webp&quot;},{&quot;id&quot;:3095,&quot;url&quot;:&quot;https:\\\/\\\/spinalcode.in.rs\\\/wp-content\\\/uploads\\\/2024\\\/03\\\/u8.webp&quot;}],&quot;background_slideshow_loop&quot;:&quot;yes&quot;,&quot;background_slideshow_slide_duration&quot;:5000,&quot;background_slideshow_slide_transition&quot;:&quot;fade&quot;,&quot;background_slideshow_transition_duration&quot;:500}\">\n\t\t\t\t\t<div class=\"e-con-inner\">\n\t\t\t\t\t<\/div>\n\t\t\t\t<\/div>\n\t\t\t\t\t<\/div>\n\t\t\t\t<\/div>\n\t\t\t\t<\/div>\n\t\t","protected":false},"excerpt":{"rendered":"<p>Ushop Veb sajt ura\u0111en u WordPress-u sa Woocommerce-om. Veb prodavnica je namenjena Va\u0161oj kupovini novih i polovnih stvari. Korisnik se mo\u017ee registrovati i kupiti bilo koji artikl karticom ili izabrati opciju kupi pouze\u0107em. Tadko\u0111e, veb sajt se mo\u017ee vrlo lako prevoditi sa engleskog jezika na srpski i obrnuto. Ushop je primer kako mo\u017ee izgledati Va\u0161a [&hellip;]<\/p>\n","protected":false},"author":1,"featured_media":0,"parent":0,"menu_order":0,"comment_status":"closed","ping_status":"closed","template":"","meta":{"footnotes":""},"class_list":["post-1931","page","type-page","status-publish","hentry"],"blocksy_meta":{"has_hero_section":"disabled","vertical_spacing_source":"custom","content_area_spacing":"none","styles_descriptor":{"styles":{"desktop":"","tablet":"","mobile":""},"google_fonts":[],"version":6}},"yoast_head":"<!-- This site is optimized with the Yoast SEO plugin v27.4 - https:\/\/yoast.com\/product\/yoast-seo-wordpress\/ -->\n<title>Spinal Code | Ushop | Profesionalno.Moderno.Kreativno.<\/title>\n<meta name=\"description\" content=\"Ushop Veb sajt ura\u0111en u WordPress-u sa Woocommerce-om. Veb prodavnica je namenjena Va\u0161oj kupovini novih i polovnih stvari. Korisnik se mo\u017ee registrovati i\" \/>\n<meta name=\"robots\" content=\"index, follow, max-snippet:-1, max-image-preview:large, max-video-preview:-1\" \/>\n<link rel=\"canonical\" href=\"https:\/\/spinalcode.in.rs\/en\/ushop\/\" \/>\n<meta property=\"og:locale\" content=\"en_GB\" \/>\n<meta property=\"og:type\" content=\"article\" \/>\n<meta property=\"og:title\" content=\"Spinal Code | Ushop | Profesionalno.Moderno.Kreativno.\" \/>\n<meta property=\"og:description\" content=\"Ushop Veb sajt ura\u0111en u WordPress-u sa Woocommerce-om. Veb prodavnica je namenjena Va\u0161oj kupovini novih i polovnih stvari. Korisnik se mo\u017ee registrovati i\" \/>\n<meta property=\"og:url\" content=\"https:\/\/spinalcode.in.rs\/en\/ushop\/\" \/>\n<meta property=\"og:site_name\" content=\"Spinal Code\" \/>\n<meta property=\"article:publisher\" content=\"https:\/\/www.facebook.com\/spinal.code9\" \/>\n<meta property=\"article:modified_time\" content=\"2024-03-24T15:10:32+00:00\" \/>\n<meta property=\"og:image\" content=\"https:\/\/spinalcode.in.rs\/wp-content\/uploads\/2024\/03\/ushopresponsive.webp\" \/>\n<meta name=\"twitter:card\" content=\"summary_large_image\" \/>\n<meta name=\"twitter:label1\" content=\"Estimated reading time\" \/>\n\t<meta name=\"twitter:data1\" content=\"1 minute\" \/>\n<script type=\"application\/ld+json\" class=\"yoast-schema-graph\">{\"@context\":\"https:\\\/\\\/schema.org\",\"@graph\":[{\"@type\":\"WebPage\",\"@id\":\"https:\\\/\\\/spinalcode.in.rs\\\/ushop\\\/\",\"url\":\"https:\\\/\\\/spinalcode.in.rs\\\/ushop\\\/\",\"name\":\"Spinal Code | Ushop | Profesionalno.Moderno.Kreativno.\",\"isPartOf\":{\"@id\":\"https:\\\/\\\/spinalcode.in.rs\\\/#website\"},\"primaryImageOfPage\":{\"@id\":\"https:\\\/\\\/spinalcode.in.rs\\\/ushop\\\/#primaryimage\"},\"image\":{\"@id\":\"https:\\\/\\\/spinalcode.in.rs\\\/ushop\\\/#primaryimage\"},\"thumbnailUrl\":\"https:\\\/\\\/spinalcode.in.rs\\\/wp-content\\\/uploads\\\/2024\\\/03\\\/ushopresponsive.webp\",\"datePublished\":\"2024-03-09T11:04:58+00:00\",\"dateModified\":\"2024-03-24T15:10:32+00:00\",\"description\":\"Ushop Veb sajt ura\u0111en u WordPress-u sa Woocommerce-om. Veb prodavnica je namenjena Va\u0161oj kupovini novih i polovnih stvari. Korisnik se mo\u017ee registrovati i\",\"breadcrumb\":{\"@id\":\"https:\\\/\\\/spinalcode.in.rs\\\/ushop\\\/#breadcrumb\"},\"inLanguage\":\"en-GB\",\"potentialAction\":[{\"@type\":\"ReadAction\",\"target\":[\"https:\\\/\\\/spinalcode.in.rs\\\/ushop\\\/\"]}]},{\"@type\":\"ImageObject\",\"inLanguage\":\"en-GB\",\"@id\":\"https:\\\/\\\/spinalcode.in.rs\\\/ushop\\\/#primaryimage\",\"url\":\"https:\\\/\\\/spinalcode.in.rs\\\/wp-content\\\/uploads\\\/2024\\\/03\\\/ushopresponsive.webp\",\"contentUrl\":\"https:\\\/\\\/spinalcode.in.rs\\\/wp-content\\\/uploads\\\/2024\\\/03\\\/ushopresponsive.webp\"},{\"@type\":\"BreadcrumbList\",\"@id\":\"https:\\\/\\\/spinalcode.in.rs\\\/ushop\\\/#breadcrumb\",\"itemListElement\":[{\"@type\":\"ListItem\",\"position\":1,\"name\":\"Home\",\"item\":\"https:\\\/\\\/spinalcode.in.rs\\\/\"},{\"@type\":\"ListItem\",\"position\":2,\"name\":\"Ushop\"}]},{\"@type\":\"WebSite\",\"@id\":\"https:\\\/\\\/spinalcode.in.rs\\\/#website\",\"url\":\"https:\\\/\\\/spinalcode.in.rs\\\/\",\"name\":\"Spinal Code\",\"description\":\"Profesionalno.Moderno.Kreativno.\",\"publisher\":{\"@id\":\"https:\\\/\\\/spinalcode.in.rs\\\/#organization\"},\"potentialAction\":[{\"@type\":\"SearchAction\",\"target\":{\"@type\":\"EntryPoint\",\"urlTemplate\":\"https:\\\/\\\/spinalcode.in.rs\\\/?s={search_term_string}\"},\"query-input\":{\"@type\":\"PropertyValueSpecification\",\"valueRequired\":true,\"valueName\":\"search_term_string\"}}],\"inLanguage\":\"en-GB\"},{\"@type\":\"Organization\",\"@id\":\"https:\\\/\\\/spinalcode.in.rs\\\/#organization\",\"name\":\"Spinal Code\",\"url\":\"https:\\\/\\\/spinalcode.in.rs\\\/\",\"logo\":{\"@type\":\"ImageObject\",\"inLanguage\":\"en-GB\",\"@id\":\"https:\\\/\\\/spinalcode.in.rs\\\/#\\\/schema\\\/logo\\\/image\\\/\",\"url\":\"https:\\\/\\\/spinalcode.in.rs\\\/wp-content\\\/uploads\\\/2024\\\/02\\\/sclogonoviprovucen200i.png\",\"contentUrl\":\"https:\\\/\\\/spinalcode.in.rs\\\/wp-content\\\/uploads\\\/2024\\\/02\\\/sclogonoviprovucen200i.png\",\"width\":200,\"height\":200,\"caption\":\"Spinal Code\"},\"image\":{\"@id\":\"https:\\\/\\\/spinalcode.in.rs\\\/#\\\/schema\\\/logo\\\/image\\\/\"},\"sameAs\":[\"https:\\\/\\\/www.facebook.com\\\/spinal.code9\",\"https:\\\/\\\/www.instagram.com\\\/spinal.code.rs\\\/\"]}]}<\/script>\n<!-- \/ Yoast SEO plugin. -->","yoast_head_json":{"title":"Spinal Code | Ushop | Profesionalno.Moderno.Kreativno.","description":"Ushop Veb sajt ura\u0111en u WordPress-u sa Woocommerce-om. Veb prodavnica je namenjena Va\u0161oj kupovini novih i polovnih stvari. Korisnik se mo\u017ee registrovati i","robots":{"index":"index","follow":"follow","max-snippet":"max-snippet:-1","max-image-preview":"max-image-preview:large","max-video-preview":"max-video-preview:-1"},"canonical":"https:\/\/spinalcode.in.rs\/en\/ushop\/","og_locale":"en_GB","og_type":"article","og_title":"Spinal Code | Ushop | Profesionalno.Moderno.Kreativno.","og_description":"Ushop Veb sajt ura\u0111en u WordPress-u sa Woocommerce-om. Veb prodavnica je namenjena Va\u0161oj kupovini novih i polovnih stvari. Korisnik se mo\u017ee registrovati i","og_url":"https:\/\/spinalcode.in.rs\/en\/ushop\/","og_site_name":"Spinal Code","article_publisher":"https:\/\/www.facebook.com\/spinal.code9","article_modified_time":"2024-03-24T15:10:32+00:00","og_image":[{"url":"https:\/\/spinalcode.in.rs\/wp-content\/uploads\/2024\/03\/ushopresponsive.webp","type":"","width":"","height":""}],"twitter_card":"summary_large_image","twitter_misc":{"Estimated reading time":"1 minute"},"schema":{"@context":"https:\/\/schema.org","@graph":[{"@type":"WebPage","@id":"https:\/\/spinalcode.in.rs\/ushop\/","url":"https:\/\/spinalcode.in.rs\/ushop\/","name":"Spinal Code | Ushop | Profesionalno.Moderno.Kreativno.","isPartOf":{"@id":"https:\/\/spinalcode.in.rs\/#website"},"primaryImageOfPage":{"@id":"https:\/\/spinalcode.in.rs\/ushop\/#primaryimage"},"image":{"@id":"https:\/\/spinalcode.in.rs\/ushop\/#primaryimage"},"thumbnailUrl":"https:\/\/spinalcode.in.rs\/wp-content\/uploads\/2024\/03\/ushopresponsive.webp","datePublished":"2024-03-09T11:04:58+00:00","dateModified":"2024-03-24T15:10:32+00:00","description":"Ushop Veb sajt ura\u0111en u WordPress-u sa Woocommerce-om. Veb prodavnica je namenjena Va\u0161oj kupovini novih i polovnih stvari. Korisnik se mo\u017ee registrovati i","breadcrumb":{"@id":"https:\/\/spinalcode.in.rs\/ushop\/#breadcrumb"},"inLanguage":"en-GB","potentialAction":[{"@type":"ReadAction","target":["https:\/\/spinalcode.in.rs\/ushop\/"]}]},{"@type":"ImageObject","inLanguage":"en-GB","@id":"https:\/\/spinalcode.in.rs\/ushop\/#primaryimage","url":"https:\/\/spinalcode.in.rs\/wp-content\/uploads\/2024\/03\/ushopresponsive.webp","contentUrl":"https:\/\/spinalcode.in.rs\/wp-content\/uploads\/2024\/03\/ushopresponsive.webp"},{"@type":"BreadcrumbList","@id":"https:\/\/spinalcode.in.rs\/ushop\/#breadcrumb","itemListElement":[{"@type":"ListItem","position":1,"name":"Home","item":"https:\/\/spinalcode.in.rs\/"},{"@type":"ListItem","position":2,"name":"Ushop"}]},{"@type":"WebSite","@id":"https:\/\/spinalcode.in.rs\/#website","url":"https:\/\/spinalcode.in.rs\/","name":"Spinal Code","description":"Profesionalno.Moderno.Kreativno.","publisher":{"@id":"https:\/\/spinalcode.in.rs\/#organization"},"potentialAction":[{"@type":"SearchAction","target":{"@type":"EntryPoint","urlTemplate":"https:\/\/spinalcode.in.rs\/?s={search_term_string}"},"query-input":{"@type":"PropertyValueSpecification","valueRequired":true,"valueName":"search_term_string"}}],"inLanguage":"en-GB"},{"@type":"Organization","@id":"https:\/\/spinalcode.in.rs\/#organization","name":"Spinal Code","url":"https:\/\/spinalcode.in.rs\/","logo":{"@type":"ImageObject","inLanguage":"en-GB","@id":"https:\/\/spinalcode.in.rs\/#\/schema\/logo\/image\/","url":"https:\/\/spinalcode.in.rs\/wp-content\/uploads\/2024\/02\/sclogonoviprovucen200i.png","contentUrl":"https:\/\/spinalcode.in.rs\/wp-content\/uploads\/2024\/02\/sclogonoviprovucen200i.png","width":200,"height":200,"caption":"Spinal Code"},"image":{"@id":"https:\/\/spinalcode.in.rs\/#\/schema\/logo\/image\/"},"sameAs":["https:\/\/www.facebook.com\/spinal.code9","https:\/\/www.instagram.com\/spinal.code.rs\/"]}]}},"_links":{"self":[{"href":"https:\/\/spinalcode.in.rs\/en\/wp-json\/wp\/v2\/pages\/1931","targetHints":{"allow":["GET"]}}],"collection":[{"href":"https:\/\/spinalcode.in.rs\/en\/wp-json\/wp\/v2\/pages"}],"about":[{"href":"https:\/\/spinalcode.in.rs\/en\/wp-json\/wp\/v2\/types\/page"}],"author":[{"embeddable":true,"href":"https:\/\/spinalcode.in.rs\/en\/wp-json\/wp\/v2\/users\/1"}],"replies":[{"embeddable":true,"href":"https:\/\/spinalcode.in.rs\/en\/wp-json\/wp\/v2\/comments?post=1931"}],"version-history":[{"count":40,"href":"https:\/\/spinalcode.in.rs\/en\/wp-json\/wp\/v2\/pages\/1931\/revisions"}],"predecessor-version":[{"id":3101,"href":"https:\/\/spinalcode.in.rs\/en\/wp-json\/wp\/v2\/pages\/1931\/revisions\/3101"}],"wp:attachment":[{"href":"https:\/\/spinalcode.in.rs\/en\/wp-json\/wp\/v2\/media?parent=1931"}],"curies":[{"name":"wp","href":"https:\/\/api.w.org\/{rel}","templated":true}]}}