{"id":2140,"date":"2024-03-14T15:07:12","date_gmt":"2024-03-14T15:07:12","guid":{"rendered":"https:\/\/spinalcode.in.rs\/?page_id=2140"},"modified":"2024-03-17T18:43:27","modified_gmt":"2024-03-17T18:43:27","slug":"esho-immigration-canada","status":"publish","type":"page","link":"https:\/\/spinalcode.in.rs\/en\/esho-immigration-canada\/","title":{"rendered":"Esho Immigration Canada"},"content":{"rendered":"<div data-elementor-type=\"wp-page\" data-elementor-id=\"2140\" class=\"elementor elementor-2140\">\n\t\t\t\t<div class=\"elementor-element elementor-element-48f6024 e-con-full e-flex e-con e-parent\" data-id=\"48f6024\" data-element_type=\"container\" data-e-type=\"container\">\n\t\t\t\t<div class=\"elementor-element elementor-element-b5435c4 elementor-widget elementor-widget-image\" data-id=\"b5435c4\" data-element_type=\"widget\" data-e-type=\"widget\" data-widget_type=\"image.default\">\n\t\t\t\t<div class=\"elementor-widget-container\">\n\t\t\t\t\t\t\t\t\t\t\t\t\t\t\t\t<a href=\"https:\/\/eshoimmigration.ca\/\">\n\t\t\t\t\t\t\t<img fetchpriority=\"high\" decoding=\"async\" width=\"1920\" height=\"1152\" src=\"https:\/\/spinalcode.in.rs\/wp-content\/uploads\/2024\/03\/eshoo.webp\" class=\"attachment-full size-full wp-image-2142\" alt=\"Spinal Code - Esho Immigration Canada responsive\" srcset=\"https:\/\/spinalcode.in.rs\/wp-content\/uploads\/2024\/03\/eshoo.webp 1920w, https:\/\/spinalcode.in.rs\/wp-content\/uploads\/2024\/03\/eshoo-300x180.webp 300w, https:\/\/spinalcode.in.rs\/wp-content\/uploads\/2024\/03\/eshoo-1024x614.webp 1024w, https:\/\/spinalcode.in.rs\/wp-content\/uploads\/2024\/03\/eshoo-768x461.webp 768w, https:\/\/spinalcode.in.rs\/wp-content\/uploads\/2024\/03\/eshoo-1536x922.webp 1536w\" sizes=\"(max-width: 1920px) 100vw, 1920px\" \/>\t\t\t\t\t\t\t\t<\/a>\n\t\t\t\t\t\t\t\t\t\t\t\t\t\t\t<\/div>\n\t\t\t\t<\/div>\n\t\t\t\t<\/div>\n\t\t<div class=\"elementor-element elementor-element-7f52ec6 e-flex e-con-boxed e-con e-parent\" data-id=\"7f52ec6\" data-element_type=\"container\" data-e-type=\"container\">\n\t\t\t\t\t<div class=\"e-con-inner\">\n\t\t<div class=\"elementor-element elementor-element-7f06f7f e-flex e-con-boxed e-con e-child\" data-id=\"7f06f7f\" data-element_type=\"container\" data-e-type=\"container\">\n\t\t\t\t\t<div class=\"e-con-inner\">\n\t\t\t\t<div class=\"elementor-element elementor-element-cd8b239 elementor-widget elementor-widget-heading\" data-id=\"cd8b239\" data-element_type=\"widget\" data-e-type=\"widget\" data-widget_type=\"heading.default\">\n\t\t\t\t<div class=\"elementor-widget-container\">\n\t\t\t\t\t<h1 class=\"elementor-heading-title elementor-size-default\"><a href=\"https:\/\/eshoimmigration.ca\/\">Esho Immigration Canada<\/a><\/h1>\t\t\t\t<\/div>\n\t\t\t\t<\/div>\n\t\t\t\t<div class=\"elementor-element elementor-element-76303d8 elementor-widget elementor-widget-text-editor\" data-id=\"76303d8\" data-element_type=\"widget\" data-e-type=\"widget\" data-widget_type=\"text-editor.default\">\n\t\t\t\t<div class=\"elementor-widget-container\">\n\t\t\t\t\t\t\t\t\t<p>Another immigration service from Canada has become our client. Clients who are interested in\nimmigrating, studying, working or visiting Canada can easily apply through certain contact\nforms. The website is modern, fast and very easy to navigate, which makes it easier for users to\nnavigate through the website and contact Esho Immigration Services.<\/p>\t\t\t\t\t\t\t\t<\/div>\n\t\t\t\t<\/div>\n\t\t\t\t\t<\/div>\n\t\t\t\t<\/div>\n\t\t<div class=\"elementor-element elementor-element-8413f87 e-flex e-con-boxed e-con e-child\" data-id=\"8413f87\" data-element_type=\"container\" data-e-type=\"container\">\n\t\t\t\t\t<div class=\"e-con-inner\">\n\t\t\t\t<div class=\"elementor-element elementor-element-504a394 elementor-widget elementor-widget-image\" data-id=\"504a394\" data-element_type=\"widget\" data-e-type=\"widget\" data-widget_type=\"image.default\">\n\t\t\t\t<div class=\"elementor-widget-container\">\n\t\t\t\t\t\t\t\t\t\t\t\t\t\t\t<img decoding=\"async\" width=\"600\" height=\"600\" src=\"https:\/\/spinalcode.in.rs\/wp-content\/uploads\/2024\/03\/esho2.webp\" class=\"attachment-full size-full wp-image-2922\" alt=\"Spinal Code - Esho Immigration Canada\" srcset=\"https:\/\/spinalcode.in.rs\/wp-content\/uploads\/2024\/03\/esho2.webp 600w, https:\/\/spinalcode.in.rs\/wp-content\/uploads\/2024\/03\/esho2-300x300.webp 300w, https:\/\/spinalcode.in.rs\/wp-content\/uploads\/2024\/03\/esho2-150x150.webp 150w\" sizes=\"(max-width: 600px) 100vw, 600px\" \/>\t\t\t\t\t\t\t\t\t\t\t\t\t\t\t<\/div>\n\t\t\t\t<\/div>\n\t\t\t\t\t<\/div>\n\t\t\t\t<\/div>\n\t\t\t\t\t<\/div>\n\t\t\t\t<\/div>\n\t\t\t\t<\/div>","protected":false},"excerpt":{"rendered":"<p>Esho Immigration Canada Jo\u0161 jedna imigraciona slu\u017eba iz Kanade postala je na\u0161 klijent. Klijenti koji su zainteresovani za imigraciju, studiranje, posao ili posetu Kanadi vrlo lako mogu aplicirati putem odrdjenih kontakt formi. Veb sajt je moderan, brz i vrlo pregledan, \u0161to korisincima omogu\u0107ava lak\u0161e kretanje kroz veb sajt i kontaktiranje Esho Immigration Services.<\/p>","protected":false},"author":1,"featured_media":0,"parent":0,"menu_order":0,"comment_status":"closed","ping_status":"closed","template":"","meta":{"footnotes":""},"class_list":["post-2140","page","type-page","status-publish","hentry"],"blocksy_meta":{"has_hero_section":"disabled","vertical_spacing_source":"custom","content_area_spacing":"none","styles_descriptor":{"styles":{"desktop":"","tablet":"","mobile":""},"google_fonts":[],"version":6}},"yoast_head":"<!-- This site is optimized with the Yoast SEO plugin v27.5 - https:\/\/yoast.com\/product\/yoast-seo-wordpress\/ -->\n<title>Spinal Code | Esho Immigration Canada | Profesionalno.Moderno.Kreativno.<\/title>\n<meta name=\"description\" content=\"Esho Immigration Canada Jo\u0161 jedna imigraciona slu\u017eba iz Kanade postala je na\u0161 klijent. Klijenti koji su zainteresovani za imigraciju, studiranje, posao\" \/>\n<meta name=\"robots\" content=\"index, follow, max-snippet:-1, max-image-preview:large, max-video-preview:-1\" \/>\n<link rel=\"canonical\" href=\"https:\/\/spinalcode.in.rs\/en\/esho-immigration-canada\/\" \/>\n<meta property=\"og:locale\" content=\"en_GB\" \/>\n<meta property=\"og:type\" content=\"article\" \/>\n<meta property=\"og:title\" content=\"Spinal Code | Esho Immigration Canada | Profesionalno.Moderno.Kreativno.\" \/>\n<meta property=\"og:description\" content=\"Esho Immigration Canada Jo\u0161 jedna imigraciona slu\u017eba iz Kanade postala je na\u0161 klijent. Klijenti koji su zainteresovani za imigraciju, studiranje, posao\" \/>\n<meta property=\"og:url\" content=\"https:\/\/spinalcode.in.rs\/en\/esho-immigration-canada\/\" \/>\n<meta property=\"og:site_name\" content=\"Spinal Code\" \/>\n<meta property=\"article:publisher\" content=\"https:\/\/www.facebook.com\/spinal.code9\" \/>\n<meta property=\"article:modified_time\" content=\"2024-03-17T18:43:27+00:00\" \/>\n<meta property=\"og:image\" content=\"https:\/\/spinalcode.in.rs\/wp-content\/uploads\/2024\/03\/eshoo.webp\" \/>\n<meta name=\"twitter:card\" content=\"summary_large_image\" \/>\n<meta name=\"twitter:label1\" content=\"Estimated reading time\" \/>\n\t<meta name=\"twitter:data1\" content=\"1 minute\" \/>\n<script type=\"application\/ld+json\" class=\"yoast-schema-graph\">{\"@context\":\"https:\\\/\\\/schema.org\",\"@graph\":[{\"@type\":\"WebPage\",\"@id\":\"https:\\\/\\\/spinalcode.in.rs\\\/esho-immigration-canada\\\/\",\"url\":\"https:\\\/\\\/spinalcode.in.rs\\\/esho-immigration-canada\\\/\",\"name\":\"Spinal Code | Esho Immigration Canada | Profesionalno.Moderno.Kreativno.\",\"isPartOf\":{\"@id\":\"https:\\\/\\\/spinalcode.in.rs\\\/#website\"},\"primaryImageOfPage\":{\"@id\":\"https:\\\/\\\/spinalcode.in.rs\\\/esho-immigration-canada\\\/#primaryimage\"},\"image\":{\"@id\":\"https:\\\/\\\/spinalcode.in.rs\\\/esho-immigration-canada\\\/#primaryimage\"},\"thumbnailUrl\":\"https:\\\/\\\/spinalcode.in.rs\\\/wp-content\\\/uploads\\\/2024\\\/03\\\/eshoo.webp\",\"datePublished\":\"2024-03-14T15:07:12+00:00\",\"dateModified\":\"2024-03-17T18:43:27+00:00\",\"description\":\"Esho Immigration Canada Jo\u0161 jedna imigraciona slu\u017eba iz Kanade postala je na\u0161 klijent. Klijenti koji su zainteresovani za imigraciju, studiranje, posao\",\"breadcrumb\":{\"@id\":\"https:\\\/\\\/spinalcode.in.rs\\\/esho-immigration-canada\\\/#breadcrumb\"},\"inLanguage\":\"en-GB\",\"potentialAction\":[{\"@type\":\"ReadAction\",\"target\":[\"https:\\\/\\\/spinalcode.in.rs\\\/esho-immigration-canada\\\/\"]}]},{\"@type\":\"ImageObject\",\"inLanguage\":\"en-GB\",\"@id\":\"https:\\\/\\\/spinalcode.in.rs\\\/esho-immigration-canada\\\/#primaryimage\",\"url\":\"https:\\\/\\\/spinalcode.in.rs\\\/wp-content\\\/uploads\\\/2024\\\/03\\\/eshoo.webp\",\"contentUrl\":\"https:\\\/\\\/spinalcode.in.rs\\\/wp-content\\\/uploads\\\/2024\\\/03\\\/eshoo.webp\"},{\"@type\":\"BreadcrumbList\",\"@id\":\"https:\\\/\\\/spinalcode.in.rs\\\/esho-immigration-canada\\\/#breadcrumb\",\"itemListElement\":[{\"@type\":\"ListItem\",\"position\":1,\"name\":\"Home\",\"item\":\"https:\\\/\\\/spinalcode.in.rs\\\/\"},{\"@type\":\"ListItem\",\"position\":2,\"name\":\"Esho Immigration Canada\"}]},{\"@type\":\"WebSite\",\"@id\":\"https:\\\/\\\/spinalcode.in.rs\\\/#website\",\"url\":\"https:\\\/\\\/spinalcode.in.rs\\\/\",\"name\":\"Spinal Code\",\"description\":\"Profesionalno.Moderno.Kreativno.\",\"publisher\":{\"@id\":\"https:\\\/\\\/spinalcode.in.rs\\\/#organization\"},\"potentialAction\":[{\"@type\":\"SearchAction\",\"target\":{\"@type\":\"EntryPoint\",\"urlTemplate\":\"https:\\\/\\\/spinalcode.in.rs\\\/?s={search_term_string}\"},\"query-input\":{\"@type\":\"PropertyValueSpecification\",\"valueRequired\":true,\"valueName\":\"search_term_string\"}}],\"inLanguage\":\"en-GB\"},{\"@type\":\"Organization\",\"@id\":\"https:\\\/\\\/spinalcode.in.rs\\\/#organization\",\"name\":\"Spinal Code\",\"url\":\"https:\\\/\\\/spinalcode.in.rs\\\/\",\"logo\":{\"@type\":\"ImageObject\",\"inLanguage\":\"en-GB\",\"@id\":\"https:\\\/\\\/spinalcode.in.rs\\\/#\\\/schema\\\/logo\\\/image\\\/\",\"url\":\"https:\\\/\\\/spinalcode.in.rs\\\/wp-content\\\/uploads\\\/2024\\\/02\\\/sclogonoviprovucen200i.png\",\"contentUrl\":\"https:\\\/\\\/spinalcode.in.rs\\\/wp-content\\\/uploads\\\/2024\\\/02\\\/sclogonoviprovucen200i.png\",\"width\":200,\"height\":200,\"caption\":\"Spinal Code\"},\"image\":{\"@id\":\"https:\\\/\\\/spinalcode.in.rs\\\/#\\\/schema\\\/logo\\\/image\\\/\"},\"sameAs\":[\"https:\\\/\\\/www.facebook.com\\\/spinal.code9\",\"https:\\\/\\\/www.instagram.com\\\/spinal.code.rs\\\/\"]}]}<\/script>\n<!-- \/ Yoast SEO plugin. -->","yoast_head_json":{"title":"Spinal Code | Esho Immigration Canada | Profesionalno.Moderno.Kreativno.","description":"Esho Immigration Canada Jo\u0161 jedna imigraciona slu\u017eba iz Kanade postala je na\u0161 klijent. Klijenti koji su zainteresovani za imigraciju, studiranje, posao","robots":{"index":"index","follow":"follow","max-snippet":"max-snippet:-1","max-image-preview":"max-image-preview:large","max-video-preview":"max-video-preview:-1"},"canonical":"https:\/\/spinalcode.in.rs\/en\/esho-immigration-canada\/","og_locale":"en_GB","og_type":"article","og_title":"Spinal Code | Esho Immigration Canada | Profesionalno.Moderno.Kreativno.","og_description":"Esho Immigration Canada Jo\u0161 jedna imigraciona slu\u017eba iz Kanade postala je na\u0161 klijent. Klijenti koji su zainteresovani za imigraciju, studiranje, posao","og_url":"https:\/\/spinalcode.in.rs\/en\/esho-immigration-canada\/","og_site_name":"Spinal Code","article_publisher":"https:\/\/www.facebook.com\/spinal.code9","article_modified_time":"2024-03-17T18:43:27+00:00","og_image":[{"url":"https:\/\/spinalcode.in.rs\/wp-content\/uploads\/2024\/03\/eshoo.webp","type":"","width":"","height":""}],"twitter_card":"summary_large_image","twitter_misc":{"Estimated reading time":"1 minute"},"schema":{"@context":"https:\/\/schema.org","@graph":[{"@type":"WebPage","@id":"https:\/\/spinalcode.in.rs\/esho-immigration-canada\/","url":"https:\/\/spinalcode.in.rs\/esho-immigration-canada\/","name":"Spinal Code | Esho Immigration Canada | Profesionalno.Moderno.Kreativno.","isPartOf":{"@id":"https:\/\/spinalcode.in.rs\/#website"},"primaryImageOfPage":{"@id":"https:\/\/spinalcode.in.rs\/esho-immigration-canada\/#primaryimage"},"image":{"@id":"https:\/\/spinalcode.in.rs\/esho-immigration-canada\/#primaryimage"},"thumbnailUrl":"https:\/\/spinalcode.in.rs\/wp-content\/uploads\/2024\/03\/eshoo.webp","datePublished":"2024-03-14T15:07:12+00:00","dateModified":"2024-03-17T18:43:27+00:00","description":"Esho Immigration Canada Jo\u0161 jedna imigraciona slu\u017eba iz Kanade postala je na\u0161 klijent. Klijenti koji su zainteresovani za imigraciju, studiranje, posao","breadcrumb":{"@id":"https:\/\/spinalcode.in.rs\/esho-immigration-canada\/#breadcrumb"},"inLanguage":"en-GB","potentialAction":[{"@type":"ReadAction","target":["https:\/\/spinalcode.in.rs\/esho-immigration-canada\/"]}]},{"@type":"ImageObject","inLanguage":"en-GB","@id":"https:\/\/spinalcode.in.rs\/esho-immigration-canada\/#primaryimage","url":"https:\/\/spinalcode.in.rs\/wp-content\/uploads\/2024\/03\/eshoo.webp","contentUrl":"https:\/\/spinalcode.in.rs\/wp-content\/uploads\/2024\/03\/eshoo.webp"},{"@type":"BreadcrumbList","@id":"https:\/\/spinalcode.in.rs\/esho-immigration-canada\/#breadcrumb","itemListElement":[{"@type":"ListItem","position":1,"name":"Home","item":"https:\/\/spinalcode.in.rs\/"},{"@type":"ListItem","position":2,"name":"Esho Immigration Canada"}]},{"@type":"WebSite","@id":"https:\/\/spinalcode.in.rs\/#website","url":"https:\/\/spinalcode.in.rs\/","name":"Spinal Code","description":"Profesionalno.Moderno.Kreativno.","publisher":{"@id":"https:\/\/spinalcode.in.rs\/#organization"},"potentialAction":[{"@type":"SearchAction","target":{"@type":"EntryPoint","urlTemplate":"https:\/\/spinalcode.in.rs\/?s={search_term_string}"},"query-input":{"@type":"PropertyValueSpecification","valueRequired":true,"valueName":"search_term_string"}}],"inLanguage":"en-GB"},{"@type":"Organization","@id":"https:\/\/spinalcode.in.rs\/#organization","name":"Spinal Code","url":"https:\/\/spinalcode.in.rs\/","logo":{"@type":"ImageObject","inLanguage":"en-GB","@id":"https:\/\/spinalcode.in.rs\/#\/schema\/logo\/image\/","url":"https:\/\/spinalcode.in.rs\/wp-content\/uploads\/2024\/02\/sclogonoviprovucen200i.png","contentUrl":"https:\/\/spinalcode.in.rs\/wp-content\/uploads\/2024\/02\/sclogonoviprovucen200i.png","width":200,"height":200,"caption":"Spinal Code"},"image":{"@id":"https:\/\/spinalcode.in.rs\/#\/schema\/logo\/image\/"},"sameAs":["https:\/\/www.facebook.com\/spinal.code9","https:\/\/www.instagram.com\/spinal.code.rs\/"]}]}},"_links":{"self":[{"href":"https:\/\/spinalcode.in.rs\/en\/wp-json\/wp\/v2\/pages\/2140","targetHints":{"allow":["GET"]}}],"collection":[{"href":"https:\/\/spinalcode.in.rs\/en\/wp-json\/wp\/v2\/pages"}],"about":[{"href":"https:\/\/spinalcode.in.rs\/en\/wp-json\/wp\/v2\/types\/page"}],"author":[{"embeddable":true,"href":"https:\/\/spinalcode.in.rs\/en\/wp-json\/wp\/v2\/users\/1"}],"replies":[{"embeddable":true,"href":"https:\/\/spinalcode.in.rs\/en\/wp-json\/wp\/v2\/comments?post=2140"}],"version-history":[{"count":16,"href":"https:\/\/spinalcode.in.rs\/en\/wp-json\/wp\/v2\/pages\/2140\/revisions"}],"predecessor-version":[{"id":2925,"href":"https:\/\/spinalcode.in.rs\/en\/wp-json\/wp\/v2\/pages\/2140\/revisions\/2925"}],"wp:attachment":[{"href":"https:\/\/spinalcode.in.rs\/en\/wp-json\/wp\/v2\/media?parent=2140"}],"curies":[{"name":"wp","href":"https:\/\/api.w.org\/{rel}","templated":true}]}}