{"id":2164,"date":"2024-03-14T15:14:43","date_gmt":"2024-03-14T15:14:43","guid":{"rendered":"https:\/\/spinalcode.in.rs\/?page_id=2164"},"modified":"2024-03-17T18:46:32","modified_gmt":"2024-03-17T18:46:32","slug":"skerovic-gradnja","status":"publish","type":"page","link":"https:\/\/spinalcode.in.rs\/en\/skerovic-gradnja\/","title":{"rendered":"\u0160kerovi\u0107 Construction"},"content":{"rendered":"\t\t<div data-elementor-type=\"wp-page\" data-elementor-id=\"2164\" class=\"elementor elementor-2164\">\n\t\t\t\t<div class=\"elementor-element elementor-element-7d27c9d e-con-full e-flex e-con e-parent\" data-id=\"7d27c9d\" data-element_type=\"container\" data-e-type=\"container\">\n\t\t\t\t<div class=\"elementor-element elementor-element-b26cb11 elementor-widget elementor-widget-image\" data-id=\"b26cb11\" data-element_type=\"widget\" data-e-type=\"widget\" data-widget_type=\"image.default\">\n\t\t\t\t<div class=\"elementor-widget-container\">\n\t\t\t\t\t\t\t\t\t\t\t\t\t\t\t\t<a href=\"https:\/\/skerovicgradnja.rs\/\">\n\t\t\t\t\t\t\t<img fetchpriority=\"high\" decoding=\"async\" width=\"1920\" height=\"1152\" src=\"https:\/\/spinalcode.in.rs\/wp-content\/uploads\/2024\/03\/sker.webp\" class=\"attachment-full size-full wp-image-2166\" alt=\"Spinal Code - \u0160kerovi\u0107 Gradnja responsive\" srcset=\"https:\/\/spinalcode.in.rs\/wp-content\/uploads\/2024\/03\/sker.webp 1920w, https:\/\/spinalcode.in.rs\/wp-content\/uploads\/2024\/03\/sker-300x180.webp 300w, https:\/\/spinalcode.in.rs\/wp-content\/uploads\/2024\/03\/sker-1024x614.webp 1024w, https:\/\/spinalcode.in.rs\/wp-content\/uploads\/2024\/03\/sker-768x461.webp 768w, https:\/\/spinalcode.in.rs\/wp-content\/uploads\/2024\/03\/sker-1536x922.webp 1536w\" sizes=\"(max-width: 1920px) 100vw, 1920px\" \/>\t\t\t\t\t\t\t\t<\/a>\n\t\t\t\t\t\t\t\t\t\t\t\t\t\t\t<\/div>\n\t\t\t\t<\/div>\n\t\t\t\t<\/div>\n\t\t<div class=\"elementor-element elementor-element-b02bbd7 e-flex e-con-boxed e-con e-parent\" data-id=\"b02bbd7\" data-element_type=\"container\" data-e-type=\"container\">\n\t\t\t\t\t<div class=\"e-con-inner\">\n\t\t<div class=\"elementor-element elementor-element-cdb1e58 e-flex e-con-boxed e-con e-child\" data-id=\"cdb1e58\" data-element_type=\"container\" data-e-type=\"container\">\n\t\t\t\t\t<div class=\"e-con-inner\">\n\t\t\t\t<div class=\"elementor-element elementor-element-c7be0f7 elementor-widget elementor-widget-heading\" data-id=\"c7be0f7\" data-element_type=\"widget\" data-e-type=\"widget\" data-widget_type=\"heading.default\">\n\t\t\t\t<div class=\"elementor-widget-container\">\n\t\t\t\t\t<h1 class=\"elementor-heading-title elementor-size-default\"><a href=\"https:\/\/skerovicgradnja.rs\/\">\u0160kerovi\u0107 Gradnja<\/a><\/h1>\t\t\t\t<\/div>\n\t\t\t\t<\/div>\n\t\t\t\t<div class=\"elementor-element elementor-element-394dec6 elementor-widget elementor-widget-text-editor\" data-id=\"394dec6\" data-element_type=\"widget\" data-e-type=\"widget\" data-widget_type=\"text-editor.default\">\n\t\t\t\t<div class=\"elementor-widget-container\">\n\t\t\t\t\t\t\t\t\t<p>\u0160kerovi\u0107 gradnja je gradjevinska kompanija koja pru\u017ea razli\u010dite usluge, od sitnih renoviranja do ve\u0107ih gradjevinskih poduhvata. Mi smo imali tu \u010dast da izradimo ovaj perfektni veb sajt, kojeg odlikuju vrhunski dizajn i brzina.<\/p>\t\t\t\t\t\t\t\t<\/div>\n\t\t\t\t<\/div>\n\t\t\t\t\t<\/div>\n\t\t\t\t<\/div>\n\t\t<div class=\"elementor-element elementor-element-cb75926 e-flex e-con-boxed e-con e-child\" data-id=\"cb75926\" data-element_type=\"container\" data-e-type=\"container\" data-settings=\"{&quot;background_background&quot;:&quot;slideshow&quot;,&quot;background_slideshow_gallery&quot;:[{&quot;id&quot;:2811,&quot;url&quot;:&quot;https:\\\/\\\/spinalcode.in.rs\\\/wp-content\\\/uploads\\\/2024\\\/03\\\/sk1.webp&quot;},{&quot;id&quot;:2819,&quot;url&quot;:&quot;https:\\\/\\\/spinalcode.in.rs\\\/wp-content\\\/uploads\\\/2024\\\/03\\\/sk9.webp&quot;},{&quot;id&quot;:2822,&quot;url&quot;:&quot;https:\\\/\\\/spinalcode.in.rs\\\/wp-content\\\/uploads\\\/2024\\\/03\\\/sk12.webp&quot;},{&quot;id&quot;:2821,&quot;url&quot;:&quot;https:\\\/\\\/spinalcode.in.rs\\\/wp-content\\\/uploads\\\/2024\\\/03\\\/sk11.webp&quot;},{&quot;id&quot;:2820,&quot;url&quot;:&quot;https:\\\/\\\/spinalcode.in.rs\\\/wp-content\\\/uploads\\\/2024\\\/03\\\/sk10.webp&quot;},{&quot;id&quot;:2818,&quot;url&quot;:&quot;https:\\\/\\\/spinalcode.in.rs\\\/wp-content\\\/uploads\\\/2024\\\/03\\\/sk8.webp&quot;},{&quot;id&quot;:2814,&quot;url&quot;:&quot;https:\\\/\\\/spinalcode.in.rs\\\/wp-content\\\/uploads\\\/2024\\\/03\\\/sk4.webp&quot;},{&quot;id&quot;:2815,&quot;url&quot;:&quot;https:\\\/\\\/spinalcode.in.rs\\\/wp-content\\\/uploads\\\/2024\\\/03\\\/sk5.webp&quot;},{&quot;id&quot;:2813,&quot;url&quot;:&quot;https:\\\/\\\/spinalcode.in.rs\\\/wp-content\\\/uploads\\\/2024\\\/03\\\/sk3.webp&quot;},{&quot;id&quot;:2816,&quot;url&quot;:&quot;https:\\\/\\\/spinalcode.in.rs\\\/wp-content\\\/uploads\\\/2024\\\/03\\\/sk6.webp&quot;},{&quot;id&quot;:2817,&quot;url&quot;:&quot;https:\\\/\\\/spinalcode.in.rs\\\/wp-content\\\/uploads\\\/2024\\\/03\\\/sk7.webp&quot;},{&quot;id&quot;:2812,&quot;url&quot;:&quot;https:\\\/\\\/spinalcode.in.rs\\\/wp-content\\\/uploads\\\/2024\\\/03\\\/sk2.webp&quot;}],&quot;background_slideshow_loop&quot;:&quot;yes&quot;,&quot;background_slideshow_slide_duration&quot;:5000,&quot;background_slideshow_slide_transition&quot;:&quot;fade&quot;,&quot;background_slideshow_transition_duration&quot;:500}\">\n\t\t\t\t\t<div class=\"e-con-inner\">\n\t\t\t\t\t<\/div>\n\t\t\t\t<\/div>\n\t\t\t\t\t<\/div>\n\t\t\t\t<\/div>\n\t\t\t\t<\/div>\n\t\t","protected":false},"excerpt":{"rendered":"<p>\u0160kerovi\u0107 Gradnja \u0160kerovi\u0107 gradnja je gradjevinska kompanija koja pru\u017ea razli\u010dite usluge, od sitnih renoviranja do ve\u0107ih gradjevinskih poduhvata. Mi smo imali tu \u010dast da izradimo ovaj perfektni veb sajt, kojeg odlikuju vrhunski dizajn i brzina.<\/p>","protected":false},"author":1,"featured_media":0,"parent":0,"menu_order":0,"comment_status":"closed","ping_status":"closed","template":"","meta":{"footnotes":""},"class_list":["post-2164","page","type-page","status-publish","hentry"],"blocksy_meta":{"has_hero_section":"disabled","vertical_spacing_source":"custom","content_area_spacing":"none","styles_descriptor":{"styles":{"desktop":"","tablet":"","mobile":""},"google_fonts":[],"version":6}},"yoast_head":"<!-- This site is optimized with the Yoast SEO plugin v27.5 - https:\/\/yoast.com\/product\/yoast-seo-wordpress\/ -->\n<title>Spinal Code | \u0160kerovi\u0107 Gradnja | Profesionalno.Moderno.Kreativno.<\/title>\n<meta name=\"description\" content=\"\u0160kerovi\u0107 Gradnja \u0160kerovi\u0107 gradnja je gradjevinska kompanija koja pru\u017ea razli\u010dite usluge, od sitnih renoviranja do ve\u0107ih gradjevinskih poduhvata. Mi smo\" \/>\n<meta name=\"robots\" content=\"index, follow, max-snippet:-1, max-image-preview:large, max-video-preview:-1\" \/>\n<link rel=\"canonical\" href=\"https:\/\/spinalcode.in.rs\/en\/skerovic-gradnja\/\" \/>\n<meta property=\"og:locale\" content=\"en_GB\" \/>\n<meta property=\"og:type\" content=\"article\" \/>\n<meta property=\"og:title\" content=\"Spinal Code | \u0160kerovi\u0107 Gradnja | Profesionalno.Moderno.Kreativno.\" \/>\n<meta property=\"og:description\" content=\"\u0160kerovi\u0107 Gradnja \u0160kerovi\u0107 gradnja je gradjevinska kompanija koja pru\u017ea razli\u010dite usluge, od sitnih renoviranja do ve\u0107ih gradjevinskih poduhvata. Mi smo\" \/>\n<meta property=\"og:url\" content=\"https:\/\/spinalcode.in.rs\/en\/skerovic-gradnja\/\" \/>\n<meta property=\"og:site_name\" content=\"Spinal Code\" \/>\n<meta property=\"article:publisher\" content=\"https:\/\/www.facebook.com\/spinal.code9\" \/>\n<meta property=\"article:modified_time\" content=\"2024-03-17T18:46:32+00:00\" \/>\n<meta property=\"og:image\" content=\"https:\/\/spinalcode.in.rs\/wp-content\/uploads\/2024\/03\/sker.webp\" \/>\n<meta name=\"twitter:card\" content=\"summary_large_image\" \/>\n<meta name=\"twitter:label1\" content=\"Estimated reading time\" \/>\n\t<meta name=\"twitter:data1\" content=\"1 minute\" \/>\n<script type=\"application\/ld+json\" class=\"yoast-schema-graph\">{\"@context\":\"https:\\\/\\\/schema.org\",\"@graph\":[{\"@type\":\"WebPage\",\"@id\":\"https:\\\/\\\/spinalcode.in.rs\\\/skerovic-gradnja\\\/\",\"url\":\"https:\\\/\\\/spinalcode.in.rs\\\/skerovic-gradnja\\\/\",\"name\":\"Spinal Code | \u0160kerovi\u0107 Gradnja | Profesionalno.Moderno.Kreativno.\",\"isPartOf\":{\"@id\":\"https:\\\/\\\/spinalcode.in.rs\\\/#website\"},\"primaryImageOfPage\":{\"@id\":\"https:\\\/\\\/spinalcode.in.rs\\\/skerovic-gradnja\\\/#primaryimage\"},\"image\":{\"@id\":\"https:\\\/\\\/spinalcode.in.rs\\\/skerovic-gradnja\\\/#primaryimage\"},\"thumbnailUrl\":\"https:\\\/\\\/spinalcode.in.rs\\\/wp-content\\\/uploads\\\/2024\\\/03\\\/sker.webp\",\"datePublished\":\"2024-03-14T15:14:43+00:00\",\"dateModified\":\"2024-03-17T18:46:32+00:00\",\"description\":\"\u0160kerovi\u0107 Gradnja \u0160kerovi\u0107 gradnja je gradjevinska kompanija koja pru\u017ea razli\u010dite usluge, od sitnih renoviranja do ve\u0107ih gradjevinskih poduhvata. Mi smo\",\"breadcrumb\":{\"@id\":\"https:\\\/\\\/spinalcode.in.rs\\\/skerovic-gradnja\\\/#breadcrumb\"},\"inLanguage\":\"en-GB\",\"potentialAction\":[{\"@type\":\"ReadAction\",\"target\":[\"https:\\\/\\\/spinalcode.in.rs\\\/skerovic-gradnja\\\/\"]}]},{\"@type\":\"ImageObject\",\"inLanguage\":\"en-GB\",\"@id\":\"https:\\\/\\\/spinalcode.in.rs\\\/skerovic-gradnja\\\/#primaryimage\",\"url\":\"https:\\\/\\\/spinalcode.in.rs\\\/wp-content\\\/uploads\\\/2024\\\/03\\\/sker.webp\",\"contentUrl\":\"https:\\\/\\\/spinalcode.in.rs\\\/wp-content\\\/uploads\\\/2024\\\/03\\\/sker.webp\"},{\"@type\":\"BreadcrumbList\",\"@id\":\"https:\\\/\\\/spinalcode.in.rs\\\/skerovic-gradnja\\\/#breadcrumb\",\"itemListElement\":[{\"@type\":\"ListItem\",\"position\":1,\"name\":\"Home\",\"item\":\"https:\\\/\\\/spinalcode.in.rs\\\/\"},{\"@type\":\"ListItem\",\"position\":2,\"name\":\"\u0160kerovi\u0107 Gradnja\"}]},{\"@type\":\"WebSite\",\"@id\":\"https:\\\/\\\/spinalcode.in.rs\\\/#website\",\"url\":\"https:\\\/\\\/spinalcode.in.rs\\\/\",\"name\":\"Spinal Code\",\"description\":\"Profesionalno.Moderno.Kreativno.\",\"publisher\":{\"@id\":\"https:\\\/\\\/spinalcode.in.rs\\\/#organization\"},\"potentialAction\":[{\"@type\":\"SearchAction\",\"target\":{\"@type\":\"EntryPoint\",\"urlTemplate\":\"https:\\\/\\\/spinalcode.in.rs\\\/?s={search_term_string}\"},\"query-input\":{\"@type\":\"PropertyValueSpecification\",\"valueRequired\":true,\"valueName\":\"search_term_string\"}}],\"inLanguage\":\"en-GB\"},{\"@type\":\"Organization\",\"@id\":\"https:\\\/\\\/spinalcode.in.rs\\\/#organization\",\"name\":\"Spinal Code\",\"url\":\"https:\\\/\\\/spinalcode.in.rs\\\/\",\"logo\":{\"@type\":\"ImageObject\",\"inLanguage\":\"en-GB\",\"@id\":\"https:\\\/\\\/spinalcode.in.rs\\\/#\\\/schema\\\/logo\\\/image\\\/\",\"url\":\"https:\\\/\\\/spinalcode.in.rs\\\/wp-content\\\/uploads\\\/2024\\\/02\\\/sclogonoviprovucen200i.png\",\"contentUrl\":\"https:\\\/\\\/spinalcode.in.rs\\\/wp-content\\\/uploads\\\/2024\\\/02\\\/sclogonoviprovucen200i.png\",\"width\":200,\"height\":200,\"caption\":\"Spinal Code\"},\"image\":{\"@id\":\"https:\\\/\\\/spinalcode.in.rs\\\/#\\\/schema\\\/logo\\\/image\\\/\"},\"sameAs\":[\"https:\\\/\\\/www.facebook.com\\\/spinal.code9\",\"https:\\\/\\\/www.instagram.com\\\/spinal.code.rs\\\/\"]}]}<\/script>\n<!-- \/ Yoast SEO plugin. -->","yoast_head_json":{"title":"Spinal Code | \u0160kerovi\u0107 Gradnja | Profesionalno.Moderno.Kreativno.","description":"\u0160kerovi\u0107 Gradnja \u0160kerovi\u0107 gradnja je gradjevinska kompanija koja pru\u017ea razli\u010dite usluge, od sitnih renoviranja do ve\u0107ih gradjevinskih poduhvata. Mi smo","robots":{"index":"index","follow":"follow","max-snippet":"max-snippet:-1","max-image-preview":"max-image-preview:large","max-video-preview":"max-video-preview:-1"},"canonical":"https:\/\/spinalcode.in.rs\/en\/skerovic-gradnja\/","og_locale":"en_GB","og_type":"article","og_title":"Spinal Code | \u0160kerovi\u0107 Gradnja | Profesionalno.Moderno.Kreativno.","og_description":"\u0160kerovi\u0107 Gradnja \u0160kerovi\u0107 gradnja je gradjevinska kompanija koja pru\u017ea razli\u010dite usluge, od sitnih renoviranja do ve\u0107ih gradjevinskih poduhvata. Mi smo","og_url":"https:\/\/spinalcode.in.rs\/en\/skerovic-gradnja\/","og_site_name":"Spinal Code","article_publisher":"https:\/\/www.facebook.com\/spinal.code9","article_modified_time":"2024-03-17T18:46:32+00:00","og_image":[{"url":"https:\/\/spinalcode.in.rs\/wp-content\/uploads\/2024\/03\/sker.webp","type":"","width":"","height":""}],"twitter_card":"summary_large_image","twitter_misc":{"Estimated reading time":"1 minute"},"schema":{"@context":"https:\/\/schema.org","@graph":[{"@type":"WebPage","@id":"https:\/\/spinalcode.in.rs\/skerovic-gradnja\/","url":"https:\/\/spinalcode.in.rs\/skerovic-gradnja\/","name":"Spinal Code | \u0160kerovi\u0107 Gradnja | Profesionalno.Moderno.Kreativno.","isPartOf":{"@id":"https:\/\/spinalcode.in.rs\/#website"},"primaryImageOfPage":{"@id":"https:\/\/spinalcode.in.rs\/skerovic-gradnja\/#primaryimage"},"image":{"@id":"https:\/\/spinalcode.in.rs\/skerovic-gradnja\/#primaryimage"},"thumbnailUrl":"https:\/\/spinalcode.in.rs\/wp-content\/uploads\/2024\/03\/sker.webp","datePublished":"2024-03-14T15:14:43+00:00","dateModified":"2024-03-17T18:46:32+00:00","description":"\u0160kerovi\u0107 Gradnja \u0160kerovi\u0107 gradnja je gradjevinska kompanija koja pru\u017ea razli\u010dite usluge, od sitnih renoviranja do ve\u0107ih gradjevinskih poduhvata. Mi smo","breadcrumb":{"@id":"https:\/\/spinalcode.in.rs\/skerovic-gradnja\/#breadcrumb"},"inLanguage":"en-GB","potentialAction":[{"@type":"ReadAction","target":["https:\/\/spinalcode.in.rs\/skerovic-gradnja\/"]}]},{"@type":"ImageObject","inLanguage":"en-GB","@id":"https:\/\/spinalcode.in.rs\/skerovic-gradnja\/#primaryimage","url":"https:\/\/spinalcode.in.rs\/wp-content\/uploads\/2024\/03\/sker.webp","contentUrl":"https:\/\/spinalcode.in.rs\/wp-content\/uploads\/2024\/03\/sker.webp"},{"@type":"BreadcrumbList","@id":"https:\/\/spinalcode.in.rs\/skerovic-gradnja\/#breadcrumb","itemListElement":[{"@type":"ListItem","position":1,"name":"Home","item":"https:\/\/spinalcode.in.rs\/"},{"@type":"ListItem","position":2,"name":"\u0160kerovi\u0107 Gradnja"}]},{"@type":"WebSite","@id":"https:\/\/spinalcode.in.rs\/#website","url":"https:\/\/spinalcode.in.rs\/","name":"Spinal Code","description":"Profesionalno.Moderno.Kreativno.","publisher":{"@id":"https:\/\/spinalcode.in.rs\/#organization"},"potentialAction":[{"@type":"SearchAction","target":{"@type":"EntryPoint","urlTemplate":"https:\/\/spinalcode.in.rs\/?s={search_term_string}"},"query-input":{"@type":"PropertyValueSpecification","valueRequired":true,"valueName":"search_term_string"}}],"inLanguage":"en-GB"},{"@type":"Organization","@id":"https:\/\/spinalcode.in.rs\/#organization","name":"Spinal Code","url":"https:\/\/spinalcode.in.rs\/","logo":{"@type":"ImageObject","inLanguage":"en-GB","@id":"https:\/\/spinalcode.in.rs\/#\/schema\/logo\/image\/","url":"https:\/\/spinalcode.in.rs\/wp-content\/uploads\/2024\/02\/sclogonoviprovucen200i.png","contentUrl":"https:\/\/spinalcode.in.rs\/wp-content\/uploads\/2024\/02\/sclogonoviprovucen200i.png","width":200,"height":200,"caption":"Spinal Code"},"image":{"@id":"https:\/\/spinalcode.in.rs\/#\/schema\/logo\/image\/"},"sameAs":["https:\/\/www.facebook.com\/spinal.code9","https:\/\/www.instagram.com\/spinal.code.rs\/"]}]}},"_links":{"self":[{"href":"https:\/\/spinalcode.in.rs\/en\/wp-json\/wp\/v2\/pages\/2164","targetHints":{"allow":["GET"]}}],"collection":[{"href":"https:\/\/spinalcode.in.rs\/en\/wp-json\/wp\/v2\/pages"}],"about":[{"href":"https:\/\/spinalcode.in.rs\/en\/wp-json\/wp\/v2\/types\/page"}],"author":[{"embeddable":true,"href":"https:\/\/spinalcode.in.rs\/en\/wp-json\/wp\/v2\/users\/1"}],"replies":[{"embeddable":true,"href":"https:\/\/spinalcode.in.rs\/en\/wp-json\/wp\/v2\/comments?post=2164"}],"version-history":[{"count":16,"href":"https:\/\/spinalcode.in.rs\/en\/wp-json\/wp\/v2\/pages\/2164\/revisions"}],"predecessor-version":[{"id":2826,"href":"https:\/\/spinalcode.in.rs\/en\/wp-json\/wp\/v2\/pages\/2164\/revisions\/2826"}],"wp:attachment":[{"href":"https:\/\/spinalcode.in.rs\/en\/wp-json\/wp\/v2\/media?parent=2164"}],"curies":[{"name":"wp","href":"https:\/\/api.w.org\/{rel}","templated":true}]}}