{"id":2173,"date":"2024-03-14T15:16:53","date_gmt":"2024-03-14T15:16:53","guid":{"rendered":"https:\/\/spinalcode.in.rs\/?page_id=2173"},"modified":"2024-03-17T18:44:18","modified_gmt":"2024-03-17T18:44:18","slug":"kedar-team-international","status":"publish","type":"page","link":"https:\/\/spinalcode.in.rs\/en\/kedar-team-international\/","title":{"rendered":"Kedar Team International"},"content":{"rendered":"<div data-elementor-type=\"wp-page\" data-elementor-id=\"2173\" class=\"elementor elementor-2173\">\n\t\t\t\t<div class=\"elementor-element elementor-element-e4949eb e-con-full e-flex e-con e-parent\" data-id=\"e4949eb\" data-element_type=\"container\" data-e-type=\"container\">\n\t\t\t\t<div class=\"elementor-element elementor-element-e5cdc62 elementor-widget elementor-widget-image\" data-id=\"e5cdc62\" data-element_type=\"widget\" data-e-type=\"widget\" data-widget_type=\"image.default\">\n\t\t\t\t<div class=\"elementor-widget-container\">\n\t\t\t\t\t\t\t\t\t\t\t\t\t\t\t\t<a href=\"https:\/\/kti.co.rs\/\">\n\t\t\t\t\t\t\t<img fetchpriority=\"high\" decoding=\"async\" width=\"1920\" height=\"1152\" src=\"https:\/\/spinalcode.in.rs\/wp-content\/uploads\/2024\/03\/kti.1webp.webp\" class=\"attachment-full size-full wp-image-2175\" alt=\"Spinal Code - Kedar Team International responsive\" srcset=\"https:\/\/spinalcode.in.rs\/wp-content\/uploads\/2024\/03\/kti.1webp.webp 1920w, https:\/\/spinalcode.in.rs\/wp-content\/uploads\/2024\/03\/kti.1webp-300x180.webp 300w, https:\/\/spinalcode.in.rs\/wp-content\/uploads\/2024\/03\/kti.1webp-1024x614.webp 1024w, https:\/\/spinalcode.in.rs\/wp-content\/uploads\/2024\/03\/kti.1webp-768x461.webp 768w, https:\/\/spinalcode.in.rs\/wp-content\/uploads\/2024\/03\/kti.1webp-1536x922.webp 1536w\" sizes=\"(max-width: 1920px) 100vw, 1920px\" \/>\t\t\t\t\t\t\t\t<\/a>\n\t\t\t\t\t\t\t\t\t\t\t\t\t\t\t<\/div>\n\t\t\t\t<\/div>\n\t\t\t\t<\/div>\n\t\t<div class=\"elementor-element elementor-element-471b2d4 e-flex e-con-boxed e-con e-parent\" data-id=\"471b2d4\" data-element_type=\"container\" data-e-type=\"container\">\n\t\t\t\t\t<div class=\"e-con-inner\">\n\t\t<div class=\"elementor-element elementor-element-57d01e2 e-flex e-con-boxed e-con e-child\" data-id=\"57d01e2\" data-element_type=\"container\" data-e-type=\"container\">\n\t\t\t\t\t<div class=\"e-con-inner\">\n\t\t\t\t<div class=\"elementor-element elementor-element-4bda74b elementor-widget elementor-widget-heading\" data-id=\"4bda74b\" data-element_type=\"widget\" data-e-type=\"widget\" data-widget_type=\"heading.default\">\n\t\t\t\t<div class=\"elementor-widget-container\">\n\t\t\t\t\t<h1 class=\"elementor-heading-title elementor-size-default\"><a href=\"https:\/\/kti.co.rs\/\">Kedar Team International<\/a><\/h1>\t\t\t\t<\/div>\n\t\t\t\t<\/div>\n\t\t\t\t<div class=\"elementor-element elementor-element-987e470 elementor-widget elementor-widget-text-editor\" data-id=\"987e470\" data-element_type=\"widget\" data-e-type=\"widget\" data-widget_type=\"text-editor.default\">\n\t\t\t\t<div class=\"elementor-widget-container\">\n\t\t\t\t\t\t\t\t\t<p>Kedar Team International is an example of a sleek, modern and fast website. You can find all\nthe information you need about arranging your home on this multilingual website. A top\ncompany operating in Serbia, the European Union and Asia is presented in the best possible\nway. <\/p>\t\t\t\t\t\t\t\t<\/div>\n\t\t\t\t<\/div>\n\t\t\t\t\t<\/div>\n\t\t\t\t<\/div>\n\t\t<div class=\"elementor-element elementor-element-ceb4ec3 e-flex e-con-boxed e-con e-child\" data-id=\"ceb4ec3\" data-element_type=\"container\" data-e-type=\"container\">\n\t\t\t\t\t<div class=\"e-con-inner\">\n\t\t\t\t<div class=\"elementor-element elementor-element-dd45d11 elementor-widget elementor-widget-image\" data-id=\"dd45d11\" data-element_type=\"widget\" data-e-type=\"widget\" data-widget_type=\"image.default\">\n\t\t\t\t<div class=\"elementor-widget-container\">\n\t\t\t\t\t\t\t\t\t\t\t\t\t\t\t<img decoding=\"async\" width=\"600\" height=\"600\" src=\"https:\/\/spinalcode.in.rs\/wp-content\/uploads\/2024\/03\/keddar.webp\" class=\"attachment-full size-full wp-image-2926\" alt=\"Spinal Code - Kedar Team International\" srcset=\"https:\/\/spinalcode.in.rs\/wp-content\/uploads\/2024\/03\/keddar.webp 600w, https:\/\/spinalcode.in.rs\/wp-content\/uploads\/2024\/03\/keddar-300x300.webp 300w, https:\/\/spinalcode.in.rs\/wp-content\/uploads\/2024\/03\/keddar-150x150.webp 150w\" sizes=\"(max-width: 600px) 100vw, 600px\" \/>\t\t\t\t\t\t\t\t\t\t\t\t\t\t\t<\/div>\n\t\t\t\t<\/div>\n\t\t\t\t\t<\/div>\n\t\t\t\t<\/div>\n\t\t\t\t\t<\/div>\n\t\t\t\t<\/div>\n\t\t\t\t<\/div>","protected":false},"excerpt":{"rendered":"<p>Kedar Team International Kedar Team International je primer elegantnog, modernog i brzog veb sajta. Sve informacije koje su Vam potrebne i ti\u010du se sredjivanja Va\u0161eg doma mo\u017eete na\u0107i na ovom vi\u0161ejezi\u010dnom veb sajtu. Vrhunska kompanija koja posluje u Srbiji, Evropskoj Uniji i Aziji je predstavljena na najbolji mogu\u0107i na\u010din.<\/p>","protected":false},"author":1,"featured_media":0,"parent":0,"menu_order":0,"comment_status":"closed","ping_status":"closed","template":"","meta":{"footnotes":""},"class_list":["post-2173","page","type-page","status-publish","hentry"],"blocksy_meta":{"has_hero_section":"disabled","vertical_spacing_source":"custom","content_area_spacing":"none","styles_descriptor":{"styles":{"desktop":"","tablet":"","mobile":""},"google_fonts":[],"version":6}},"yoast_head":"<!-- This site is optimized with the Yoast SEO plugin v27.4 - https:\/\/yoast.com\/product\/yoast-seo-wordpress\/ -->\n<title>Spinal Code | Kedar Team International | Profesionalno.Moderno.Kreativno.<\/title>\n<meta name=\"description\" content=\"Kedar Team International Kedar Team International je primer elegantnog, modernog i brzog veb sajta. Sve informacije koje su Vam potrebne i ti\u010du se\" \/>\n<meta name=\"robots\" content=\"index, follow, max-snippet:-1, max-image-preview:large, max-video-preview:-1\" \/>\n<link rel=\"canonical\" href=\"https:\/\/spinalcode.in.rs\/en\/kedar-team-international\/\" \/>\n<meta property=\"og:locale\" content=\"en_GB\" \/>\n<meta property=\"og:type\" content=\"article\" \/>\n<meta property=\"og:title\" content=\"Spinal Code | Kedar Team International | Profesionalno.Moderno.Kreativno.\" \/>\n<meta property=\"og:description\" content=\"Kedar Team International Kedar Team International je primer elegantnog, modernog i brzog veb sajta. Sve informacije koje su Vam potrebne i ti\u010du se\" \/>\n<meta property=\"og:url\" content=\"https:\/\/spinalcode.in.rs\/en\/kedar-team-international\/\" \/>\n<meta property=\"og:site_name\" content=\"Spinal Code\" \/>\n<meta property=\"article:publisher\" content=\"https:\/\/www.facebook.com\/spinal.code9\" \/>\n<meta property=\"article:modified_time\" content=\"2024-03-17T18:44:18+00:00\" \/>\n<meta property=\"og:image\" content=\"https:\/\/spinalcode.in.rs\/wp-content\/uploads\/2024\/03\/kti.1webp.webp\" \/>\n<meta name=\"twitter:card\" content=\"summary_large_image\" \/>\n<meta name=\"twitter:label1\" content=\"Estimated reading time\" \/>\n\t<meta name=\"twitter:data1\" content=\"1 minute\" \/>\n<script type=\"application\/ld+json\" class=\"yoast-schema-graph\">{\"@context\":\"https:\\\/\\\/schema.org\",\"@graph\":[{\"@type\":\"WebPage\",\"@id\":\"https:\\\/\\\/spinalcode.in.rs\\\/kedar-team-international\\\/\",\"url\":\"https:\\\/\\\/spinalcode.in.rs\\\/kedar-team-international\\\/\",\"name\":\"Spinal Code | Kedar Team International | Profesionalno.Moderno.Kreativno.\",\"isPartOf\":{\"@id\":\"https:\\\/\\\/spinalcode.in.rs\\\/#website\"},\"primaryImageOfPage\":{\"@id\":\"https:\\\/\\\/spinalcode.in.rs\\\/kedar-team-international\\\/#primaryimage\"},\"image\":{\"@id\":\"https:\\\/\\\/spinalcode.in.rs\\\/kedar-team-international\\\/#primaryimage\"},\"thumbnailUrl\":\"https:\\\/\\\/spinalcode.in.rs\\\/wp-content\\\/uploads\\\/2024\\\/03\\\/kti.1webp.webp\",\"datePublished\":\"2024-03-14T15:16:53+00:00\",\"dateModified\":\"2024-03-17T18:44:18+00:00\",\"description\":\"Kedar Team International Kedar Team International je primer elegantnog, modernog i brzog veb sajta. Sve informacije koje su Vam potrebne i ti\u010du se\",\"breadcrumb\":{\"@id\":\"https:\\\/\\\/spinalcode.in.rs\\\/kedar-team-international\\\/#breadcrumb\"},\"inLanguage\":\"en-GB\",\"potentialAction\":[{\"@type\":\"ReadAction\",\"target\":[\"https:\\\/\\\/spinalcode.in.rs\\\/kedar-team-international\\\/\"]}]},{\"@type\":\"ImageObject\",\"inLanguage\":\"en-GB\",\"@id\":\"https:\\\/\\\/spinalcode.in.rs\\\/kedar-team-international\\\/#primaryimage\",\"url\":\"https:\\\/\\\/spinalcode.in.rs\\\/wp-content\\\/uploads\\\/2024\\\/03\\\/kti.1webp.webp\",\"contentUrl\":\"https:\\\/\\\/spinalcode.in.rs\\\/wp-content\\\/uploads\\\/2024\\\/03\\\/kti.1webp.webp\"},{\"@type\":\"BreadcrumbList\",\"@id\":\"https:\\\/\\\/spinalcode.in.rs\\\/kedar-team-international\\\/#breadcrumb\",\"itemListElement\":[{\"@type\":\"ListItem\",\"position\":1,\"name\":\"Home\",\"item\":\"https:\\\/\\\/spinalcode.in.rs\\\/\"},{\"@type\":\"ListItem\",\"position\":2,\"name\":\"Kedar Team International\"}]},{\"@type\":\"WebSite\",\"@id\":\"https:\\\/\\\/spinalcode.in.rs\\\/#website\",\"url\":\"https:\\\/\\\/spinalcode.in.rs\\\/\",\"name\":\"Spinal Code\",\"description\":\"Profesionalno.Moderno.Kreativno.\",\"publisher\":{\"@id\":\"https:\\\/\\\/spinalcode.in.rs\\\/#organization\"},\"potentialAction\":[{\"@type\":\"SearchAction\",\"target\":{\"@type\":\"EntryPoint\",\"urlTemplate\":\"https:\\\/\\\/spinalcode.in.rs\\\/?s={search_term_string}\"},\"query-input\":{\"@type\":\"PropertyValueSpecification\",\"valueRequired\":true,\"valueName\":\"search_term_string\"}}],\"inLanguage\":\"en-GB\"},{\"@type\":\"Organization\",\"@id\":\"https:\\\/\\\/spinalcode.in.rs\\\/#organization\",\"name\":\"Spinal Code\",\"url\":\"https:\\\/\\\/spinalcode.in.rs\\\/\",\"logo\":{\"@type\":\"ImageObject\",\"inLanguage\":\"en-GB\",\"@id\":\"https:\\\/\\\/spinalcode.in.rs\\\/#\\\/schema\\\/logo\\\/image\\\/\",\"url\":\"https:\\\/\\\/spinalcode.in.rs\\\/wp-content\\\/uploads\\\/2024\\\/02\\\/sclogonoviprovucen200i.png\",\"contentUrl\":\"https:\\\/\\\/spinalcode.in.rs\\\/wp-content\\\/uploads\\\/2024\\\/02\\\/sclogonoviprovucen200i.png\",\"width\":200,\"height\":200,\"caption\":\"Spinal Code\"},\"image\":{\"@id\":\"https:\\\/\\\/spinalcode.in.rs\\\/#\\\/schema\\\/logo\\\/image\\\/\"},\"sameAs\":[\"https:\\\/\\\/www.facebook.com\\\/spinal.code9\",\"https:\\\/\\\/www.instagram.com\\\/spinal.code.rs\\\/\"]}]}<\/script>\n<!-- \/ Yoast SEO plugin. -->","yoast_head_json":{"title":"Spinal Code | Kedar Team International | Profesionalno.Moderno.Kreativno.","description":"Kedar Team International Kedar Team International je primer elegantnog, modernog i brzog veb sajta. Sve informacije koje su Vam potrebne i ti\u010du se","robots":{"index":"index","follow":"follow","max-snippet":"max-snippet:-1","max-image-preview":"max-image-preview:large","max-video-preview":"max-video-preview:-1"},"canonical":"https:\/\/spinalcode.in.rs\/en\/kedar-team-international\/","og_locale":"en_GB","og_type":"article","og_title":"Spinal Code | Kedar Team International | Profesionalno.Moderno.Kreativno.","og_description":"Kedar Team International Kedar Team International je primer elegantnog, modernog i brzog veb sajta. Sve informacije koje su Vam potrebne i ti\u010du se","og_url":"https:\/\/spinalcode.in.rs\/en\/kedar-team-international\/","og_site_name":"Spinal Code","article_publisher":"https:\/\/www.facebook.com\/spinal.code9","article_modified_time":"2024-03-17T18:44:18+00:00","og_image":[{"url":"https:\/\/spinalcode.in.rs\/wp-content\/uploads\/2024\/03\/kti.1webp.webp","type":"","width":"","height":""}],"twitter_card":"summary_large_image","twitter_misc":{"Estimated reading time":"1 minute"},"schema":{"@context":"https:\/\/schema.org","@graph":[{"@type":"WebPage","@id":"https:\/\/spinalcode.in.rs\/kedar-team-international\/","url":"https:\/\/spinalcode.in.rs\/kedar-team-international\/","name":"Spinal Code | Kedar Team International | Profesionalno.Moderno.Kreativno.","isPartOf":{"@id":"https:\/\/spinalcode.in.rs\/#website"},"primaryImageOfPage":{"@id":"https:\/\/spinalcode.in.rs\/kedar-team-international\/#primaryimage"},"image":{"@id":"https:\/\/spinalcode.in.rs\/kedar-team-international\/#primaryimage"},"thumbnailUrl":"https:\/\/spinalcode.in.rs\/wp-content\/uploads\/2024\/03\/kti.1webp.webp","datePublished":"2024-03-14T15:16:53+00:00","dateModified":"2024-03-17T18:44:18+00:00","description":"Kedar Team International Kedar Team International je primer elegantnog, modernog i brzog veb sajta. Sve informacije koje su Vam potrebne i ti\u010du se","breadcrumb":{"@id":"https:\/\/spinalcode.in.rs\/kedar-team-international\/#breadcrumb"},"inLanguage":"en-GB","potentialAction":[{"@type":"ReadAction","target":["https:\/\/spinalcode.in.rs\/kedar-team-international\/"]}]},{"@type":"ImageObject","inLanguage":"en-GB","@id":"https:\/\/spinalcode.in.rs\/kedar-team-international\/#primaryimage","url":"https:\/\/spinalcode.in.rs\/wp-content\/uploads\/2024\/03\/kti.1webp.webp","contentUrl":"https:\/\/spinalcode.in.rs\/wp-content\/uploads\/2024\/03\/kti.1webp.webp"},{"@type":"BreadcrumbList","@id":"https:\/\/spinalcode.in.rs\/kedar-team-international\/#breadcrumb","itemListElement":[{"@type":"ListItem","position":1,"name":"Home","item":"https:\/\/spinalcode.in.rs\/"},{"@type":"ListItem","position":2,"name":"Kedar Team International"}]},{"@type":"WebSite","@id":"https:\/\/spinalcode.in.rs\/#website","url":"https:\/\/spinalcode.in.rs\/","name":"Spinal Code","description":"Profesionalno.Moderno.Kreativno.","publisher":{"@id":"https:\/\/spinalcode.in.rs\/#organization"},"potentialAction":[{"@type":"SearchAction","target":{"@type":"EntryPoint","urlTemplate":"https:\/\/spinalcode.in.rs\/?s={search_term_string}"},"query-input":{"@type":"PropertyValueSpecification","valueRequired":true,"valueName":"search_term_string"}}],"inLanguage":"en-GB"},{"@type":"Organization","@id":"https:\/\/spinalcode.in.rs\/#organization","name":"Spinal Code","url":"https:\/\/spinalcode.in.rs\/","logo":{"@type":"ImageObject","inLanguage":"en-GB","@id":"https:\/\/spinalcode.in.rs\/#\/schema\/logo\/image\/","url":"https:\/\/spinalcode.in.rs\/wp-content\/uploads\/2024\/02\/sclogonoviprovucen200i.png","contentUrl":"https:\/\/spinalcode.in.rs\/wp-content\/uploads\/2024\/02\/sclogonoviprovucen200i.png","width":200,"height":200,"caption":"Spinal Code"},"image":{"@id":"https:\/\/spinalcode.in.rs\/#\/schema\/logo\/image\/"},"sameAs":["https:\/\/www.facebook.com\/spinal.code9","https:\/\/www.instagram.com\/spinal.code.rs\/"]}]}},"_links":{"self":[{"href":"https:\/\/spinalcode.in.rs\/en\/wp-json\/wp\/v2\/pages\/2173","targetHints":{"allow":["GET"]}}],"collection":[{"href":"https:\/\/spinalcode.in.rs\/en\/wp-json\/wp\/v2\/pages"}],"about":[{"href":"https:\/\/spinalcode.in.rs\/en\/wp-json\/wp\/v2\/types\/page"}],"author":[{"embeddable":true,"href":"https:\/\/spinalcode.in.rs\/en\/wp-json\/wp\/v2\/users\/1"}],"replies":[{"embeddable":true,"href":"https:\/\/spinalcode.in.rs\/en\/wp-json\/wp\/v2\/comments?post=2173"}],"version-history":[{"count":13,"href":"https:\/\/spinalcode.in.rs\/en\/wp-json\/wp\/v2\/pages\/2173\/revisions"}],"predecessor-version":[{"id":2936,"href":"https:\/\/spinalcode.in.rs\/en\/wp-json\/wp\/v2\/pages\/2173\/revisions\/2936"}],"wp:attachment":[{"href":"https:\/\/spinalcode.in.rs\/en\/wp-json\/wp\/v2\/media?parent=2173"}],"curies":[{"name":"wp","href":"https:\/\/api.w.org\/{rel}","templated":true}]}}