{"id":2197,"date":"2024-03-14T15:56:44","date_gmt":"2024-03-14T15:56:44","guid":{"rendered":"https:\/\/spinalcode.in.rs\/?page_id=2197"},"modified":"2024-03-17T18:45:57","modified_gmt":"2024-03-17T18:45:57","slug":"restoran-terrassa","status":"publish","type":"page","link":"https:\/\/spinalcode.in.rs\/en\/restoran-terrassa\/","title":{"rendered":"Restaurant Terrassa"},"content":{"rendered":"<div data-elementor-type=\"wp-page\" data-elementor-id=\"2197\" class=\"elementor elementor-2197\">\n\t\t\t\t<div class=\"elementor-element elementor-element-d4b714b e-con-full e-flex e-con e-parent\" data-id=\"d4b714b\" data-element_type=\"container\" data-e-type=\"container\">\n\t\t\t\t<div class=\"elementor-element elementor-element-7246f00 elementor-widget elementor-widget-image\" data-id=\"7246f00\" data-element_type=\"widget\" data-e-type=\"widget\" data-widget_type=\"image.default\">\n\t\t\t\t<div class=\"elementor-widget-container\">\n\t\t\t\t\t\t\t\t\t\t\t\t\t\t\t\t<a href=\"https:\/\/restoranterrassa.rs\/\">\n\t\t\t\t\t\t\t<img fetchpriority=\"high\" decoding=\"async\" width=\"1920\" height=\"1152\" src=\"https:\/\/spinalcode.in.rs\/wp-content\/uploads\/2024\/03\/terrassa1.webp\" class=\"attachment-full size-full wp-image-2192\" alt=\"Spinal Code - Restoran Terrassa responsive\" srcset=\"https:\/\/spinalcode.in.rs\/wp-content\/uploads\/2024\/03\/terrassa1.webp 1920w, https:\/\/spinalcode.in.rs\/wp-content\/uploads\/2024\/03\/terrassa1-300x180.webp 300w, https:\/\/spinalcode.in.rs\/wp-content\/uploads\/2024\/03\/terrassa1-1024x614.webp 1024w, https:\/\/spinalcode.in.rs\/wp-content\/uploads\/2024\/03\/terrassa1-768x461.webp 768w, https:\/\/spinalcode.in.rs\/wp-content\/uploads\/2024\/03\/terrassa1-1536x922.webp 1536w\" sizes=\"(max-width: 1920px) 100vw, 1920px\" \/>\t\t\t\t\t\t\t\t<\/a>\n\t\t\t\t\t\t\t\t\t\t\t\t\t\t\t<\/div>\n\t\t\t\t<\/div>\n\t\t\t\t<\/div>\n\t\t<div class=\"elementor-element elementor-element-082aca2 e-flex e-con-boxed e-con e-parent\" data-id=\"082aca2\" data-element_type=\"container\" data-e-type=\"container\">\n\t\t\t\t\t<div class=\"e-con-inner\">\n\t\t<div class=\"elementor-element elementor-element-f5bbc32 e-flex e-con-boxed e-con e-child\" data-id=\"f5bbc32\" data-element_type=\"container\" data-e-type=\"container\">\n\t\t\t\t\t<div class=\"e-con-inner\">\n\t\t\t\t<div class=\"elementor-element elementor-element-72b7bf1 elementor-widget elementor-widget-heading\" data-id=\"72b7bf1\" data-element_type=\"widget\" data-e-type=\"widget\" data-widget_type=\"heading.default\">\n\t\t\t\t<div class=\"elementor-widget-container\">\n\t\t\t\t\t<h1 class=\"elementor-heading-title elementor-size-default\"><a href=\"https:\/\/restoranterrassa.rs\/\">Restaurant Terrassa<\/a><\/h1>\t\t\t\t<\/div>\n\t\t\t\t<\/div>\n\t\t\t\t<div class=\"elementor-element elementor-element-97fd302 elementor-widget elementor-widget-text-editor\" data-id=\"97fd302\" data-element_type=\"widget\" data-e-type=\"widget\" data-widget_type=\"text-editor.default\">\n\t\t\t\t<div class=\"elementor-widget-container\">\n\t\t\t\t\t\t\t\t\t<p>A website that embodies our professionalism.\nThe project was completed within the agreed time and the client is very satisfied. It contains\ninformation about the restaurant, a contact form, as well as pages with a menu and a wine list.\nAlso, at the request of the client, a QR code was created, by scanning which you access the\ndigital menu on the website.<\/p>\t\t\t\t\t\t\t\t<\/div>\n\t\t\t\t<\/div>\n\t\t\t\t\t<\/div>\n\t\t\t\t<\/div>\n\t\t<div class=\"elementor-element elementor-element-69d4f31 e-flex e-con-boxed e-con e-child\" data-id=\"69d4f31\" data-element_type=\"container\" data-e-type=\"container\">\n\t\t\t\t\t<div class=\"e-con-inner\">\n\t\t\t\t<div class=\"elementor-element elementor-element-8fc8aee elementor-widget elementor-widget-image\" data-id=\"8fc8aee\" data-element_type=\"widget\" data-e-type=\"widget\" data-widget_type=\"image.default\">\n\t\t\t\t<div class=\"elementor-widget-container\">\n\t\t\t\t\t\t\t\t\t\t\t\t\t\t\t<img decoding=\"async\" width=\"600\" height=\"600\" src=\"https:\/\/spinalcode.in.rs\/wp-content\/uploads\/2024\/03\/terrassa2.webp\" class=\"attachment-full size-full wp-image-2937\" alt=\"Spinal Code - Restoran Terrassa\" srcset=\"https:\/\/spinalcode.in.rs\/wp-content\/uploads\/2024\/03\/terrassa2.webp 600w, https:\/\/spinalcode.in.rs\/wp-content\/uploads\/2024\/03\/terrassa2-300x300.webp 300w, https:\/\/spinalcode.in.rs\/wp-content\/uploads\/2024\/03\/terrassa2-150x150.webp 150w\" sizes=\"(max-width: 600px) 100vw, 600px\" \/>\t\t\t\t\t\t\t\t\t\t\t\t\t\t\t<\/div>\n\t\t\t\t<\/div>\n\t\t\t\t\t<\/div>\n\t\t\t\t<\/div>\n\t\t\t\t\t<\/div>\n\t\t\t\t<\/div>\n\t\t\t\t<\/div>","protected":false},"excerpt":{"rendered":"<p>Restoran Terrassa Veb sajt koji je oli\u010denje na\u0161e profesionalnosti. Projekat je zavr\u0161en u dogovorenom roku i klijent je prezadovoljan. Sadr\u017ei informacije o restoranu, kontakt formu, kao i stranice sa menijem i vinskom kartom. Takodje je na zahtev klijenta uradjen\u00a0 i QR kod \u010dijim skeniranjem pristupate digitalnom meniju na veb sajtu.<\/p>","protected":false},"author":1,"featured_media":0,"parent":0,"menu_order":0,"comment_status":"closed","ping_status":"closed","template":"","meta":{"footnotes":""},"class_list":["post-2197","page","type-page","status-publish","hentry"],"blocksy_meta":{"has_hero_section":"disabled","vertical_spacing_source":"custom","content_area_spacing":"none","styles_descriptor":{"styles":{"desktop":"","tablet":"","mobile":""},"google_fonts":[],"version":6}},"yoast_head":"<!-- This site is optimized with the Yoast SEO plugin v27.5 - https:\/\/yoast.com\/product\/yoast-seo-wordpress\/ -->\n<title>Spinal Code | Restoran Terrassa | Profesionalno.Moderno.Kreativno.<\/title>\n<meta name=\"description\" content=\"Restoran Terrassa Veb sajt koji je oli\u010denje na\u0161e profesionalnosti. Projekat je zavr\u0161en u dogovorenom roku i klijent je prezadovoljan. Sadr\u017ei informacije o\" \/>\n<meta name=\"robots\" content=\"index, follow, max-snippet:-1, max-image-preview:large, max-video-preview:-1\" \/>\n<link rel=\"canonical\" href=\"https:\/\/spinalcode.in.rs\/en\/restoran-terrassa\/\" \/>\n<meta property=\"og:locale\" content=\"en_GB\" \/>\n<meta property=\"og:type\" content=\"article\" \/>\n<meta property=\"og:title\" content=\"Spinal Code | Restoran Terrassa | Profesionalno.Moderno.Kreativno.\" \/>\n<meta property=\"og:description\" content=\"Restoran Terrassa Veb sajt koji je oli\u010denje na\u0161e profesionalnosti. Projekat je zavr\u0161en u dogovorenom roku i klijent je prezadovoljan. Sadr\u017ei informacije o\" \/>\n<meta property=\"og:url\" content=\"https:\/\/spinalcode.in.rs\/en\/restoran-terrassa\/\" \/>\n<meta property=\"og:site_name\" content=\"Spinal Code\" \/>\n<meta property=\"article:publisher\" content=\"https:\/\/www.facebook.com\/spinal.code9\" \/>\n<meta property=\"article:modified_time\" content=\"2024-03-17T18:45:57+00:00\" \/>\n<meta property=\"og:image\" content=\"https:\/\/spinalcode.in.rs\/wp-content\/uploads\/2024\/03\/terrassa1.webp\" \/>\n<meta name=\"twitter:card\" content=\"summary_large_image\" \/>\n<meta name=\"twitter:label1\" content=\"Estimated reading time\" \/>\n\t<meta name=\"twitter:data1\" content=\"1 minute\" \/>\n<script type=\"application\/ld+json\" class=\"yoast-schema-graph\">{\"@context\":\"https:\\\/\\\/schema.org\",\"@graph\":[{\"@type\":\"WebPage\",\"@id\":\"https:\\\/\\\/spinalcode.in.rs\\\/restoran-terrassa\\\/\",\"url\":\"https:\\\/\\\/spinalcode.in.rs\\\/restoran-terrassa\\\/\",\"name\":\"Spinal Code | Restoran Terrassa | Profesionalno.Moderno.Kreativno.\",\"isPartOf\":{\"@id\":\"https:\\\/\\\/spinalcode.in.rs\\\/#website\"},\"primaryImageOfPage\":{\"@id\":\"https:\\\/\\\/spinalcode.in.rs\\\/restoran-terrassa\\\/#primaryimage\"},\"image\":{\"@id\":\"https:\\\/\\\/spinalcode.in.rs\\\/restoran-terrassa\\\/#primaryimage\"},\"thumbnailUrl\":\"https:\\\/\\\/spinalcode.in.rs\\\/wp-content\\\/uploads\\\/2024\\\/03\\\/terrassa1.webp\",\"datePublished\":\"2024-03-14T15:56:44+00:00\",\"dateModified\":\"2024-03-17T18:45:57+00:00\",\"description\":\"Restoran Terrassa Veb sajt koji je oli\u010denje na\u0161e profesionalnosti. Projekat je zavr\u0161en u dogovorenom roku i klijent je prezadovoljan. Sadr\u017ei informacije o\",\"breadcrumb\":{\"@id\":\"https:\\\/\\\/spinalcode.in.rs\\\/restoran-terrassa\\\/#breadcrumb\"},\"inLanguage\":\"en-GB\",\"potentialAction\":[{\"@type\":\"ReadAction\",\"target\":[\"https:\\\/\\\/spinalcode.in.rs\\\/restoran-terrassa\\\/\"]}]},{\"@type\":\"ImageObject\",\"inLanguage\":\"en-GB\",\"@id\":\"https:\\\/\\\/spinalcode.in.rs\\\/restoran-terrassa\\\/#primaryimage\",\"url\":\"https:\\\/\\\/spinalcode.in.rs\\\/wp-content\\\/uploads\\\/2024\\\/03\\\/terrassa1.webp\",\"contentUrl\":\"https:\\\/\\\/spinalcode.in.rs\\\/wp-content\\\/uploads\\\/2024\\\/03\\\/terrassa1.webp\"},{\"@type\":\"BreadcrumbList\",\"@id\":\"https:\\\/\\\/spinalcode.in.rs\\\/restoran-terrassa\\\/#breadcrumb\",\"itemListElement\":[{\"@type\":\"ListItem\",\"position\":1,\"name\":\"Home\",\"item\":\"https:\\\/\\\/spinalcode.in.rs\\\/\"},{\"@type\":\"ListItem\",\"position\":2,\"name\":\"Restoran Terrassa\"}]},{\"@type\":\"WebSite\",\"@id\":\"https:\\\/\\\/spinalcode.in.rs\\\/#website\",\"url\":\"https:\\\/\\\/spinalcode.in.rs\\\/\",\"name\":\"Spinal Code\",\"description\":\"Profesionalno.Moderno.Kreativno.\",\"publisher\":{\"@id\":\"https:\\\/\\\/spinalcode.in.rs\\\/#organization\"},\"potentialAction\":[{\"@type\":\"SearchAction\",\"target\":{\"@type\":\"EntryPoint\",\"urlTemplate\":\"https:\\\/\\\/spinalcode.in.rs\\\/?s={search_term_string}\"},\"query-input\":{\"@type\":\"PropertyValueSpecification\",\"valueRequired\":true,\"valueName\":\"search_term_string\"}}],\"inLanguage\":\"en-GB\"},{\"@type\":\"Organization\",\"@id\":\"https:\\\/\\\/spinalcode.in.rs\\\/#organization\",\"name\":\"Spinal Code\",\"url\":\"https:\\\/\\\/spinalcode.in.rs\\\/\",\"logo\":{\"@type\":\"ImageObject\",\"inLanguage\":\"en-GB\",\"@id\":\"https:\\\/\\\/spinalcode.in.rs\\\/#\\\/schema\\\/logo\\\/image\\\/\",\"url\":\"https:\\\/\\\/spinalcode.in.rs\\\/wp-content\\\/uploads\\\/2024\\\/02\\\/sclogonoviprovucen200i.png\",\"contentUrl\":\"https:\\\/\\\/spinalcode.in.rs\\\/wp-content\\\/uploads\\\/2024\\\/02\\\/sclogonoviprovucen200i.png\",\"width\":200,\"height\":200,\"caption\":\"Spinal Code\"},\"image\":{\"@id\":\"https:\\\/\\\/spinalcode.in.rs\\\/#\\\/schema\\\/logo\\\/image\\\/\"},\"sameAs\":[\"https:\\\/\\\/www.facebook.com\\\/spinal.code9\",\"https:\\\/\\\/www.instagram.com\\\/spinal.code.rs\\\/\"]}]}<\/script>\n<!-- \/ Yoast SEO plugin. -->","yoast_head_json":{"title":"Spinal Code | Restoran Terrassa | Profesionalno.Moderno.Kreativno.","description":"Restoran Terrassa Veb sajt koji je oli\u010denje na\u0161e profesionalnosti. Projekat je zavr\u0161en u dogovorenom roku i klijent je prezadovoljan. Sadr\u017ei informacije o","robots":{"index":"index","follow":"follow","max-snippet":"max-snippet:-1","max-image-preview":"max-image-preview:large","max-video-preview":"max-video-preview:-1"},"canonical":"https:\/\/spinalcode.in.rs\/en\/restoran-terrassa\/","og_locale":"en_GB","og_type":"article","og_title":"Spinal Code | Restoran Terrassa | Profesionalno.Moderno.Kreativno.","og_description":"Restoran Terrassa Veb sajt koji je oli\u010denje na\u0161e profesionalnosti. Projekat je zavr\u0161en u dogovorenom roku i klijent je prezadovoljan. Sadr\u017ei informacije o","og_url":"https:\/\/spinalcode.in.rs\/en\/restoran-terrassa\/","og_site_name":"Spinal Code","article_publisher":"https:\/\/www.facebook.com\/spinal.code9","article_modified_time":"2024-03-17T18:45:57+00:00","og_image":[{"url":"https:\/\/spinalcode.in.rs\/wp-content\/uploads\/2024\/03\/terrassa1.webp","type":"","width":"","height":""}],"twitter_card":"summary_large_image","twitter_misc":{"Estimated reading time":"1 minute"},"schema":{"@context":"https:\/\/schema.org","@graph":[{"@type":"WebPage","@id":"https:\/\/spinalcode.in.rs\/restoran-terrassa\/","url":"https:\/\/spinalcode.in.rs\/restoran-terrassa\/","name":"Spinal Code | Restoran Terrassa | Profesionalno.Moderno.Kreativno.","isPartOf":{"@id":"https:\/\/spinalcode.in.rs\/#website"},"primaryImageOfPage":{"@id":"https:\/\/spinalcode.in.rs\/restoran-terrassa\/#primaryimage"},"image":{"@id":"https:\/\/spinalcode.in.rs\/restoran-terrassa\/#primaryimage"},"thumbnailUrl":"https:\/\/spinalcode.in.rs\/wp-content\/uploads\/2024\/03\/terrassa1.webp","datePublished":"2024-03-14T15:56:44+00:00","dateModified":"2024-03-17T18:45:57+00:00","description":"Restoran Terrassa Veb sajt koji je oli\u010denje na\u0161e profesionalnosti. Projekat je zavr\u0161en u dogovorenom roku i klijent je prezadovoljan. Sadr\u017ei informacije o","breadcrumb":{"@id":"https:\/\/spinalcode.in.rs\/restoran-terrassa\/#breadcrumb"},"inLanguage":"en-GB","potentialAction":[{"@type":"ReadAction","target":["https:\/\/spinalcode.in.rs\/restoran-terrassa\/"]}]},{"@type":"ImageObject","inLanguage":"en-GB","@id":"https:\/\/spinalcode.in.rs\/restoran-terrassa\/#primaryimage","url":"https:\/\/spinalcode.in.rs\/wp-content\/uploads\/2024\/03\/terrassa1.webp","contentUrl":"https:\/\/spinalcode.in.rs\/wp-content\/uploads\/2024\/03\/terrassa1.webp"},{"@type":"BreadcrumbList","@id":"https:\/\/spinalcode.in.rs\/restoran-terrassa\/#breadcrumb","itemListElement":[{"@type":"ListItem","position":1,"name":"Home","item":"https:\/\/spinalcode.in.rs\/"},{"@type":"ListItem","position":2,"name":"Restoran Terrassa"}]},{"@type":"WebSite","@id":"https:\/\/spinalcode.in.rs\/#website","url":"https:\/\/spinalcode.in.rs\/","name":"Spinal Code","description":"Profesionalno.Moderno.Kreativno.","publisher":{"@id":"https:\/\/spinalcode.in.rs\/#organization"},"potentialAction":[{"@type":"SearchAction","target":{"@type":"EntryPoint","urlTemplate":"https:\/\/spinalcode.in.rs\/?s={search_term_string}"},"query-input":{"@type":"PropertyValueSpecification","valueRequired":true,"valueName":"search_term_string"}}],"inLanguage":"en-GB"},{"@type":"Organization","@id":"https:\/\/spinalcode.in.rs\/#organization","name":"Spinal Code","url":"https:\/\/spinalcode.in.rs\/","logo":{"@type":"ImageObject","inLanguage":"en-GB","@id":"https:\/\/spinalcode.in.rs\/#\/schema\/logo\/image\/","url":"https:\/\/spinalcode.in.rs\/wp-content\/uploads\/2024\/02\/sclogonoviprovucen200i.png","contentUrl":"https:\/\/spinalcode.in.rs\/wp-content\/uploads\/2024\/02\/sclogonoviprovucen200i.png","width":200,"height":200,"caption":"Spinal Code"},"image":{"@id":"https:\/\/spinalcode.in.rs\/#\/schema\/logo\/image\/"},"sameAs":["https:\/\/www.facebook.com\/spinal.code9","https:\/\/www.instagram.com\/spinal.code.rs\/"]}]}},"_links":{"self":[{"href":"https:\/\/spinalcode.in.rs\/en\/wp-json\/wp\/v2\/pages\/2197","targetHints":{"allow":["GET"]}}],"collection":[{"href":"https:\/\/spinalcode.in.rs\/en\/wp-json\/wp\/v2\/pages"}],"about":[{"href":"https:\/\/spinalcode.in.rs\/en\/wp-json\/wp\/v2\/types\/page"}],"author":[{"embeddable":true,"href":"https:\/\/spinalcode.in.rs\/en\/wp-json\/wp\/v2\/users\/1"}],"replies":[{"embeddable":true,"href":"https:\/\/spinalcode.in.rs\/en\/wp-json\/wp\/v2\/comments?post=2197"}],"version-history":[{"count":13,"href":"https:\/\/spinalcode.in.rs\/en\/wp-json\/wp\/v2\/pages\/2197\/revisions"}],"predecessor-version":[{"id":2940,"href":"https:\/\/spinalcode.in.rs\/en\/wp-json\/wp\/v2\/pages\/2197\/revisions\/2940"}],"wp:attachment":[{"href":"https:\/\/spinalcode.in.rs\/en\/wp-json\/wp\/v2\/media?parent=2197"}],"curies":[{"name":"wp","href":"https:\/\/api.w.org\/{rel}","templated":true}]}}