{"id":2210,"date":"2024-03-14T15:59:40","date_gmt":"2024-03-14T15:59:40","guid":{"rendered":"https:\/\/spinalcode.in.rs\/?page_id=2210"},"modified":"2024-03-17T18:47:23","modified_gmt":"2024-03-17T18:47:23","slug":"unipool","status":"publish","type":"page","link":"https:\/\/spinalcode.in.rs\/en\/unipool\/","title":{"rendered":"Unipool"},"content":{"rendered":"<div data-elementor-type=\"wp-page\" data-elementor-id=\"2210\" class=\"elementor elementor-2210\">\n\t\t\t\t<div class=\"elementor-element elementor-element-6938ee6 e-con-full e-flex e-con e-parent\" data-id=\"6938ee6\" data-element_type=\"container\" data-e-type=\"container\">\n\t\t\t\t<div class=\"elementor-element elementor-element-a1a9108 elementor-widget elementor-widget-image\" data-id=\"a1a9108\" data-element_type=\"widget\" data-e-type=\"widget\" data-widget_type=\"image.default\">\n\t\t\t\t<div class=\"elementor-widget-container\">\n\t\t\t\t\t\t\t\t\t\t\t\t\t\t\t\t<a href=\"https:\/\/unipool.rs\/\">\n\t\t\t\t\t\t\t<img fetchpriority=\"high\" decoding=\"async\" width=\"1920\" height=\"1152\" src=\"https:\/\/spinalcode.in.rs\/wp-content\/uploads\/2024\/03\/unipool1.webp\" class=\"attachment-full size-full wp-image-2206\" alt=\"Spinal Code - Unipool responsive\" srcset=\"https:\/\/spinalcode.in.rs\/wp-content\/uploads\/2024\/03\/unipool1.webp 1920w, https:\/\/spinalcode.in.rs\/wp-content\/uploads\/2024\/03\/unipool1-300x180.webp 300w, https:\/\/spinalcode.in.rs\/wp-content\/uploads\/2024\/03\/unipool1-1024x614.webp 1024w, https:\/\/spinalcode.in.rs\/wp-content\/uploads\/2024\/03\/unipool1-768x461.webp 768w, https:\/\/spinalcode.in.rs\/wp-content\/uploads\/2024\/03\/unipool1-1536x922.webp 1536w\" sizes=\"(max-width: 1920px) 100vw, 1920px\" \/>\t\t\t\t\t\t\t\t<\/a>\n\t\t\t\t\t\t\t\t\t\t\t\t\t\t\t<\/div>\n\t\t\t\t<\/div>\n\t\t\t\t<\/div>\n\t\t<div class=\"elementor-element elementor-element-2366524 e-flex e-con-boxed e-con e-parent\" data-id=\"2366524\" data-element_type=\"container\" data-e-type=\"container\">\n\t\t\t\t\t<div class=\"e-con-inner\">\n\t\t<div class=\"elementor-element elementor-element-15f5c92 e-flex e-con-boxed e-con e-child\" data-id=\"15f5c92\" data-element_type=\"container\" data-e-type=\"container\">\n\t\t\t\t\t<div class=\"e-con-inner\">\n\t\t\t\t<div class=\"elementor-element elementor-element-47d7a8e elementor-widget elementor-widget-heading\" data-id=\"47d7a8e\" data-element_type=\"widget\" data-e-type=\"widget\" data-widget_type=\"heading.default\">\n\t\t\t\t<div class=\"elementor-widget-container\">\n\t\t\t\t\t<h1 class=\"elementor-heading-title elementor-size-default\"><a href=\"https:\/\/unipool.rs\/\">Unipool<\/a><\/h1>\t\t\t\t<\/div>\n\t\t\t\t<\/div>\n\t\t\t\t<div class=\"elementor-element elementor-element-389e28d elementor-widget elementor-widget-text-editor\" data-id=\"389e28d\" data-element_type=\"widget\" data-e-type=\"widget\" data-widget_type=\"text-editor.default\">\n\t\t\t\t<div class=\"elementor-widget-container\">\n\t\t\t\t\t\t\t\t\t<p>Unipool pools is a company that imports and distributes modular pools on the territory of our\ncountry. Visitors to this website can easily find out about the prices, shapes, sizes and benefits\nof modular pools, as well as accessories and products that go with them. It is possible to order\nvia the contact form, by calling or via Viber\u00a0<\/p>\t\t\t\t\t\t\t\t<\/div>\n\t\t\t\t<\/div>\n\t\t\t\t\t<\/div>\n\t\t\t\t<\/div>\n\t\t<div class=\"elementor-element elementor-element-f1bb551 e-flex e-con-boxed e-con e-child\" data-id=\"f1bb551\" data-element_type=\"container\" data-e-type=\"container\">\n\t\t\t\t\t<div class=\"e-con-inner\">\n\t\t\t\t<div class=\"elementor-element elementor-element-a447bd9 elementor-widget elementor-widget-image\" data-id=\"a447bd9\" data-element_type=\"widget\" data-e-type=\"widget\" data-widget_type=\"image.default\">\n\t\t\t\t<div class=\"elementor-widget-container\">\n\t\t\t\t\t\t\t\t\t\t\t\t\t\t\t<img decoding=\"async\" width=\"600\" height=\"600\" src=\"https:\/\/spinalcode.in.rs\/wp-content\/uploads\/2024\/03\/unipoop1.webp\" class=\"attachment-full size-full wp-image-2930\" alt=\"Spinal Code - Unipool\" srcset=\"https:\/\/spinalcode.in.rs\/wp-content\/uploads\/2024\/03\/unipoop1.webp 600w, https:\/\/spinalcode.in.rs\/wp-content\/uploads\/2024\/03\/unipoop1-300x300.webp 300w, https:\/\/spinalcode.in.rs\/wp-content\/uploads\/2024\/03\/unipoop1-150x150.webp 150w\" sizes=\"(max-width: 600px) 100vw, 600px\" \/>\t\t\t\t\t\t\t\t\t\t\t\t\t\t\t<\/div>\n\t\t\t\t<\/div>\n\t\t\t\t\t<\/div>\n\t\t\t\t<\/div>\n\t\t\t\t\t<\/div>\n\t\t\t\t<\/div>\n\t\t\t\t<\/div>","protected":false},"excerpt":{"rendered":"<p>Unipool Unipool bazeni je kompanija koja se bavi uvozom i distribucijom modularnih bazena na teritoriji na\u0161e zemlje. Posetioci ovog veb sajta se vrlo lako mogu informisati o cenama, oblicima, veli\u010dinama i prednostima modularnih bazena, kao i dodatne opreme i proizvoda koji idu uz njih. Postoji mogu\u0107nost poru\u010divanja putem kontakt forme, pozivom ili putem vibera.\u00a0<\/p>","protected":false},"author":1,"featured_media":0,"parent":0,"menu_order":0,"comment_status":"closed","ping_status":"closed","template":"","meta":{"footnotes":""},"class_list":["post-2210","page","type-page","status-publish","hentry"],"blocksy_meta":{"has_hero_section":"disabled","vertical_spacing_source":"custom","content_area_spacing":"none","styles_descriptor":{"styles":{"desktop":"","tablet":"","mobile":""},"google_fonts":[],"version":6}},"yoast_head":"<!-- This site is optimized with the Yoast SEO plugin v27.5 - https:\/\/yoast.com\/product\/yoast-seo-wordpress\/ -->\n<title>Spinal Code | Unipool | Profesionalno.Moderno.Kreativno.<\/title>\n<meta name=\"description\" content=\"Unipool Unipool bazeni je kompanija koja se bavi uvozom i distribucijom modularnih bazena na teritoriji na\u0161e zemlje. Posetioci ovog veb sajta se vrlo lako\" \/>\n<meta name=\"robots\" content=\"index, follow, max-snippet:-1, max-image-preview:large, max-video-preview:-1\" \/>\n<link rel=\"canonical\" href=\"https:\/\/spinalcode.in.rs\/en\/unipool\/\" \/>\n<meta property=\"og:locale\" content=\"en_GB\" \/>\n<meta property=\"og:type\" content=\"article\" \/>\n<meta property=\"og:title\" content=\"Spinal Code | Unipool | Profesionalno.Moderno.Kreativno.\" \/>\n<meta property=\"og:description\" content=\"Unipool Unipool bazeni je kompanija koja se bavi uvozom i distribucijom modularnih bazena na teritoriji na\u0161e zemlje. Posetioci ovog veb sajta se vrlo lako\" \/>\n<meta property=\"og:url\" content=\"https:\/\/spinalcode.in.rs\/en\/unipool\/\" \/>\n<meta property=\"og:site_name\" content=\"Spinal Code\" \/>\n<meta property=\"article:publisher\" content=\"https:\/\/www.facebook.com\/spinal.code9\" \/>\n<meta property=\"article:modified_time\" content=\"2024-03-17T18:47:23+00:00\" \/>\n<meta property=\"og:image\" content=\"https:\/\/spinalcode.in.rs\/wp-content\/uploads\/2024\/03\/unipool1.webp\" \/>\n<meta name=\"twitter:card\" content=\"summary_large_image\" \/>\n<meta name=\"twitter:label1\" content=\"Estimated reading time\" \/>\n\t<meta name=\"twitter:data1\" content=\"1 minute\" \/>\n<script type=\"application\/ld+json\" class=\"yoast-schema-graph\">{\"@context\":\"https:\\\/\\\/schema.org\",\"@graph\":[{\"@type\":\"WebPage\",\"@id\":\"https:\\\/\\\/spinalcode.in.rs\\\/unipool\\\/\",\"url\":\"https:\\\/\\\/spinalcode.in.rs\\\/unipool\\\/\",\"name\":\"Spinal Code | Unipool | Profesionalno.Moderno.Kreativno.\",\"isPartOf\":{\"@id\":\"https:\\\/\\\/spinalcode.in.rs\\\/#website\"},\"primaryImageOfPage\":{\"@id\":\"https:\\\/\\\/spinalcode.in.rs\\\/unipool\\\/#primaryimage\"},\"image\":{\"@id\":\"https:\\\/\\\/spinalcode.in.rs\\\/unipool\\\/#primaryimage\"},\"thumbnailUrl\":\"https:\\\/\\\/spinalcode.in.rs\\\/wp-content\\\/uploads\\\/2024\\\/03\\\/unipool1.webp\",\"datePublished\":\"2024-03-14T15:59:40+00:00\",\"dateModified\":\"2024-03-17T18:47:23+00:00\",\"description\":\"Unipool Unipool bazeni je kompanija koja se bavi uvozom i distribucijom modularnih bazena na teritoriji na\u0161e zemlje. Posetioci ovog veb sajta se vrlo lako\",\"breadcrumb\":{\"@id\":\"https:\\\/\\\/spinalcode.in.rs\\\/unipool\\\/#breadcrumb\"},\"inLanguage\":\"en-GB\",\"potentialAction\":[{\"@type\":\"ReadAction\",\"target\":[\"https:\\\/\\\/spinalcode.in.rs\\\/unipool\\\/\"]}]},{\"@type\":\"ImageObject\",\"inLanguage\":\"en-GB\",\"@id\":\"https:\\\/\\\/spinalcode.in.rs\\\/unipool\\\/#primaryimage\",\"url\":\"https:\\\/\\\/spinalcode.in.rs\\\/wp-content\\\/uploads\\\/2024\\\/03\\\/unipool1.webp\",\"contentUrl\":\"https:\\\/\\\/spinalcode.in.rs\\\/wp-content\\\/uploads\\\/2024\\\/03\\\/unipool1.webp\"},{\"@type\":\"BreadcrumbList\",\"@id\":\"https:\\\/\\\/spinalcode.in.rs\\\/unipool\\\/#breadcrumb\",\"itemListElement\":[{\"@type\":\"ListItem\",\"position\":1,\"name\":\"Home\",\"item\":\"https:\\\/\\\/spinalcode.in.rs\\\/\"},{\"@type\":\"ListItem\",\"position\":2,\"name\":\"Unipool\"}]},{\"@type\":\"WebSite\",\"@id\":\"https:\\\/\\\/spinalcode.in.rs\\\/#website\",\"url\":\"https:\\\/\\\/spinalcode.in.rs\\\/\",\"name\":\"Spinal Code\",\"description\":\"Profesionalno.Moderno.Kreativno.\",\"publisher\":{\"@id\":\"https:\\\/\\\/spinalcode.in.rs\\\/#organization\"},\"potentialAction\":[{\"@type\":\"SearchAction\",\"target\":{\"@type\":\"EntryPoint\",\"urlTemplate\":\"https:\\\/\\\/spinalcode.in.rs\\\/?s={search_term_string}\"},\"query-input\":{\"@type\":\"PropertyValueSpecification\",\"valueRequired\":true,\"valueName\":\"search_term_string\"}}],\"inLanguage\":\"en-GB\"},{\"@type\":\"Organization\",\"@id\":\"https:\\\/\\\/spinalcode.in.rs\\\/#organization\",\"name\":\"Spinal Code\",\"url\":\"https:\\\/\\\/spinalcode.in.rs\\\/\",\"logo\":{\"@type\":\"ImageObject\",\"inLanguage\":\"en-GB\",\"@id\":\"https:\\\/\\\/spinalcode.in.rs\\\/#\\\/schema\\\/logo\\\/image\\\/\",\"url\":\"https:\\\/\\\/spinalcode.in.rs\\\/wp-content\\\/uploads\\\/2024\\\/02\\\/sclogonoviprovucen200i.png\",\"contentUrl\":\"https:\\\/\\\/spinalcode.in.rs\\\/wp-content\\\/uploads\\\/2024\\\/02\\\/sclogonoviprovucen200i.png\",\"width\":200,\"height\":200,\"caption\":\"Spinal Code\"},\"image\":{\"@id\":\"https:\\\/\\\/spinalcode.in.rs\\\/#\\\/schema\\\/logo\\\/image\\\/\"},\"sameAs\":[\"https:\\\/\\\/www.facebook.com\\\/spinal.code9\",\"https:\\\/\\\/www.instagram.com\\\/spinal.code.rs\\\/\"]}]}<\/script>\n<!-- \/ Yoast SEO plugin. -->","yoast_head_json":{"title":"Spinal Code | Unipool | Profesionalno.Moderno.Kreativno.","description":"Unipool Unipool bazeni je kompanija koja se bavi uvozom i distribucijom modularnih bazena na teritoriji na\u0161e zemlje. Posetioci ovog veb sajta se vrlo lako","robots":{"index":"index","follow":"follow","max-snippet":"max-snippet:-1","max-image-preview":"max-image-preview:large","max-video-preview":"max-video-preview:-1"},"canonical":"https:\/\/spinalcode.in.rs\/en\/unipool\/","og_locale":"en_GB","og_type":"article","og_title":"Spinal Code | Unipool | Profesionalno.Moderno.Kreativno.","og_description":"Unipool Unipool bazeni je kompanija koja se bavi uvozom i distribucijom modularnih bazena na teritoriji na\u0161e zemlje. Posetioci ovog veb sajta se vrlo lako","og_url":"https:\/\/spinalcode.in.rs\/en\/unipool\/","og_site_name":"Spinal Code","article_publisher":"https:\/\/www.facebook.com\/spinal.code9","article_modified_time":"2024-03-17T18:47:23+00:00","og_image":[{"url":"https:\/\/spinalcode.in.rs\/wp-content\/uploads\/2024\/03\/unipool1.webp","type":"","width":"","height":""}],"twitter_card":"summary_large_image","twitter_misc":{"Estimated reading time":"1 minute"},"schema":{"@context":"https:\/\/schema.org","@graph":[{"@type":"WebPage","@id":"https:\/\/spinalcode.in.rs\/unipool\/","url":"https:\/\/spinalcode.in.rs\/unipool\/","name":"Spinal Code | Unipool | Profesionalno.Moderno.Kreativno.","isPartOf":{"@id":"https:\/\/spinalcode.in.rs\/#website"},"primaryImageOfPage":{"@id":"https:\/\/spinalcode.in.rs\/unipool\/#primaryimage"},"image":{"@id":"https:\/\/spinalcode.in.rs\/unipool\/#primaryimage"},"thumbnailUrl":"https:\/\/spinalcode.in.rs\/wp-content\/uploads\/2024\/03\/unipool1.webp","datePublished":"2024-03-14T15:59:40+00:00","dateModified":"2024-03-17T18:47:23+00:00","description":"Unipool Unipool bazeni je kompanija koja se bavi uvozom i distribucijom modularnih bazena na teritoriji na\u0161e zemlje. Posetioci ovog veb sajta se vrlo lako","breadcrumb":{"@id":"https:\/\/spinalcode.in.rs\/unipool\/#breadcrumb"},"inLanguage":"en-GB","potentialAction":[{"@type":"ReadAction","target":["https:\/\/spinalcode.in.rs\/unipool\/"]}]},{"@type":"ImageObject","inLanguage":"en-GB","@id":"https:\/\/spinalcode.in.rs\/unipool\/#primaryimage","url":"https:\/\/spinalcode.in.rs\/wp-content\/uploads\/2024\/03\/unipool1.webp","contentUrl":"https:\/\/spinalcode.in.rs\/wp-content\/uploads\/2024\/03\/unipool1.webp"},{"@type":"BreadcrumbList","@id":"https:\/\/spinalcode.in.rs\/unipool\/#breadcrumb","itemListElement":[{"@type":"ListItem","position":1,"name":"Home","item":"https:\/\/spinalcode.in.rs\/"},{"@type":"ListItem","position":2,"name":"Unipool"}]},{"@type":"WebSite","@id":"https:\/\/spinalcode.in.rs\/#website","url":"https:\/\/spinalcode.in.rs\/","name":"Spinal Code","description":"Profesionalno.Moderno.Kreativno.","publisher":{"@id":"https:\/\/spinalcode.in.rs\/#organization"},"potentialAction":[{"@type":"SearchAction","target":{"@type":"EntryPoint","urlTemplate":"https:\/\/spinalcode.in.rs\/?s={search_term_string}"},"query-input":{"@type":"PropertyValueSpecification","valueRequired":true,"valueName":"search_term_string"}}],"inLanguage":"en-GB"},{"@type":"Organization","@id":"https:\/\/spinalcode.in.rs\/#organization","name":"Spinal Code","url":"https:\/\/spinalcode.in.rs\/","logo":{"@type":"ImageObject","inLanguage":"en-GB","@id":"https:\/\/spinalcode.in.rs\/#\/schema\/logo\/image\/","url":"https:\/\/spinalcode.in.rs\/wp-content\/uploads\/2024\/02\/sclogonoviprovucen200i.png","contentUrl":"https:\/\/spinalcode.in.rs\/wp-content\/uploads\/2024\/02\/sclogonoviprovucen200i.png","width":200,"height":200,"caption":"Spinal Code"},"image":{"@id":"https:\/\/spinalcode.in.rs\/#\/schema\/logo\/image\/"},"sameAs":["https:\/\/www.facebook.com\/spinal.code9","https:\/\/www.instagram.com\/spinal.code.rs\/"]}]}},"_links":{"self":[{"href":"https:\/\/spinalcode.in.rs\/en\/wp-json\/wp\/v2\/pages\/2210","targetHints":{"allow":["GET"]}}],"collection":[{"href":"https:\/\/spinalcode.in.rs\/en\/wp-json\/wp\/v2\/pages"}],"about":[{"href":"https:\/\/spinalcode.in.rs\/en\/wp-json\/wp\/v2\/types\/page"}],"author":[{"embeddable":true,"href":"https:\/\/spinalcode.in.rs\/en\/wp-json\/wp\/v2\/users\/1"}],"replies":[{"embeddable":true,"href":"https:\/\/spinalcode.in.rs\/en\/wp-json\/wp\/v2\/comments?post=2210"}],"version-history":[{"count":22,"href":"https:\/\/spinalcode.in.rs\/en\/wp-json\/wp\/v2\/pages\/2210\/revisions"}],"predecessor-version":[{"id":2933,"href":"https:\/\/spinalcode.in.rs\/en\/wp-json\/wp\/v2\/pages\/2210\/revisions\/2933"}],"wp:attachment":[{"href":"https:\/\/spinalcode.in.rs\/en\/wp-json\/wp\/v2\/media?parent=2210"}],"curies":[{"name":"wp","href":"https:\/\/api.w.org\/{rel}","templated":true}]}}