{"id":3338,"date":"2024-09-29T10:00:57","date_gmt":"2024-09-29T10:00:57","guid":{"rendered":"https:\/\/spinalcode.in.rs\/?page_id=3338"},"modified":"2024-11-29T13:14:18","modified_gmt":"2024-11-29T13:14:18","slug":"sanja-zivkovic","status":"publish","type":"page","link":"https:\/\/spinalcode.in.rs\/en\/sanja-zivkovic\/","title":{"rendered":"Sanja \u017divkovi\u0107"},"content":{"rendered":"\t\t<div data-elementor-type=\"wp-page\" data-elementor-id=\"3338\" class=\"elementor elementor-3338\">\n\t\t\t\t<div class=\"elementor-element elementor-element-17cc952 e-con-full e-flex e-con e-parent\" data-id=\"17cc952\" data-element_type=\"container\" data-e-type=\"container\">\n\t\t\t\t<div class=\"elementor-element elementor-element-1e3039f elementor-widget elementor-widget-image\" data-id=\"1e3039f\" data-element_type=\"widget\" data-e-type=\"widget\" data-widget_type=\"image.default\">\n\t\t\t\t<div class=\"elementor-widget-container\">\n\t\t\t\t\t\t\t\t\t\t\t\t\t\t\t\t<a href=\"https:\/\/sanjazivkovicdigital.in.rs\/\">\n\t\t\t\t\t\t\t<img fetchpriority=\"high\" decoding=\"async\" width=\"1920\" height=\"1152\" src=\"https:\/\/spinalcode.in.rs\/wp-content\/uploads\/2024\/09\/SanjaZivkovic-Digital.webp\" class=\"attachment-full size-full wp-image-3340\" alt=\"Spinal Code - Sanja \u017divkovi\u0107 responsive\" srcset=\"https:\/\/spinalcode.in.rs\/wp-content\/uploads\/2024\/09\/SanjaZivkovic-Digital.webp 1920w, https:\/\/spinalcode.in.rs\/wp-content\/uploads\/2024\/09\/SanjaZivkovic-Digital-300x180.webp 300w, https:\/\/spinalcode.in.rs\/wp-content\/uploads\/2024\/09\/SanjaZivkovic-Digital-1024x614.webp 1024w, https:\/\/spinalcode.in.rs\/wp-content\/uploads\/2024\/09\/SanjaZivkovic-Digital-768x461.webp 768w, https:\/\/spinalcode.in.rs\/wp-content\/uploads\/2024\/09\/SanjaZivkovic-Digital-1536x922.webp 1536w, https:\/\/spinalcode.in.rs\/wp-content\/uploads\/2024\/09\/SanjaZivkovic-Digital-18x12.webp 18w\" sizes=\"(max-width: 1920px) 100vw, 1920px\" \/>\t\t\t\t\t\t\t\t<\/a>\n\t\t\t\t\t\t\t\t\t\t\t\t\t\t\t<\/div>\n\t\t\t\t<\/div>\n\t\t\t\t<\/div>\n\t\t<div class=\"elementor-element elementor-element-ec84c03 e-flex e-con-boxed e-con e-parent\" data-id=\"ec84c03\" data-element_type=\"container\" data-e-type=\"container\">\n\t\t\t\t\t<div class=\"e-con-inner\">\n\t\t<div class=\"elementor-element elementor-element-0f98736 e-flex e-con-boxed e-con e-child\" data-id=\"0f98736\" data-element_type=\"container\" data-e-type=\"container\">\n\t\t\t\t\t<div class=\"e-con-inner\">\n\t\t\t\t<div class=\"elementor-element elementor-element-66f8390 elementor-widget elementor-widget-heading\" data-id=\"66f8390\" data-element_type=\"widget\" data-e-type=\"widget\" data-widget_type=\"heading.default\">\n\t\t\t\t<div class=\"elementor-widget-container\">\n\t\t\t\t\t<h1 class=\"elementor-heading-title elementor-size-default\"><a href=\"https:\/\/sanjazivkovicdigital.in.rs\/\">Sanja \u017divkovi\u0107<\/a><\/h1>\t\t\t\t<\/div>\n\t\t\t\t<\/div>\n\t\t\t\t<div class=\"elementor-element elementor-element-86acf9d elementor-widget elementor-widget-text-editor\" data-id=\"86acf9d\" data-element_type=\"widget\" data-e-type=\"widget\" data-widget_type=\"text-editor.default\">\n\t\t\t\t<div class=\"elementor-widget-container\">\n\t\t\t\t\t\t\t\t\t<p>Profesionalan, minimalisti\u010dan i brz\u00a0 portfolio veb sajt koji je potreban svakom Digital Marketing Manageru. Lako kretanje kroz veb sajt Vam omogu\u0107ava da vidite informacije o Sanji, njenom poslu, portfoliu, uslugama, njen blog kao i kontakt formu.<\/p>\t\t\t\t\t\t\t\t<\/div>\n\t\t\t\t<\/div>\n\t\t\t\t\t<\/div>\n\t\t\t\t<\/div>\n\t\t<div class=\"elementor-element elementor-element-85d9a4c e-flex e-con-boxed e-con e-child\" data-id=\"85d9a4c\" data-element_type=\"container\" data-e-type=\"container\" data-settings=\"{&quot;background_background&quot;:&quot;slideshow&quot;,&quot;background_slideshow_gallery&quot;:[{&quot;id&quot;:2909,&quot;url&quot;:&quot;https:\\\/\\\/spinalcode.in.rs\\\/wp-content\\\/uploads\\\/2024\\\/03\\\/sz2-1.webp&quot;},{&quot;id&quot;:2908,&quot;url&quot;:&quot;https:\\\/\\\/spinalcode.in.rs\\\/wp-content\\\/uploads\\\/2024\\\/03\\\/sz.webp&quot;},{&quot;id&quot;:2910,&quot;url&quot;:&quot;https:\\\/\\\/spinalcode.in.rs\\\/wp-content\\\/uploads\\\/2024\\\/03\\\/sz3-1.webp&quot;},{&quot;id&quot;:2911,&quot;url&quot;:&quot;https:\\\/\\\/spinalcode.in.rs\\\/wp-content\\\/uploads\\\/2024\\\/03\\\/sz4-1.webp&quot;},{&quot;id&quot;:2916,&quot;url&quot;:&quot;https:\\\/\\\/spinalcode.in.rs\\\/wp-content\\\/uploads\\\/2024\\\/03\\\/sz9-1.webp&quot;},{&quot;id&quot;:2914,&quot;url&quot;:&quot;https:\\\/\\\/spinalcode.in.rs\\\/wp-content\\\/uploads\\\/2024\\\/03\\\/sz7-1.webp&quot;},{&quot;id&quot;:2915,&quot;url&quot;:&quot;https:\\\/\\\/spinalcode.in.rs\\\/wp-content\\\/uploads\\\/2024\\\/03\\\/sz8-1.webp&quot;},{&quot;id&quot;:2912,&quot;url&quot;:&quot;https:\\\/\\\/spinalcode.in.rs\\\/wp-content\\\/uploads\\\/2024\\\/03\\\/sz5-1.webp&quot;},{&quot;id&quot;:2917,&quot;url&quot;:&quot;https:\\\/\\\/spinalcode.in.rs\\\/wp-content\\\/uploads\\\/2024\\\/03\\\/sz10.webp&quot;},{&quot;id&quot;:2913,&quot;url&quot;:&quot;https:\\\/\\\/spinalcode.in.rs\\\/wp-content\\\/uploads\\\/2024\\\/03\\\/sz6-1.webp&quot;}],&quot;background_slideshow_loop&quot;:&quot;yes&quot;,&quot;background_slideshow_slide_duration&quot;:5000,&quot;background_slideshow_slide_transition&quot;:&quot;fade&quot;,&quot;background_slideshow_transition_duration&quot;:500}\">\n\t\t\t\t\t<div class=\"e-con-inner\">\n\t\t\t\t\t<\/div>\n\t\t\t\t<\/div>\n\t\t\t\t\t<\/div>\n\t\t\t\t<\/div>\n\t\t\t\t<\/div>\n\t\t","protected":false},"excerpt":{"rendered":"<p>Sanja \u017divkovi\u0107 Profesionalan, minimalisti\u010dan i brz\u00a0 portfolio veb sajt koji je potreban svakom Digital Marketing Manageru. Lako kretanje kroz veb sajt Vam omogu\u0107ava da vidite informacije o Sanji, njenom poslu, portfoliu, uslugama, njen blog kao i kontakt formu.<\/p>","protected":false},"author":1,"featured_media":0,"parent":0,"menu_order":0,"comment_status":"closed","ping_status":"closed","template":"","meta":{"footnotes":""},"class_list":["post-3338","page","type-page","status-publish","hentry"],"blocksy_meta":{"has_hero_section":"disabled","vertical_spacing_source":"custom","content_area_spacing":"none","styles_descriptor":{"styles":{"desktop":"","tablet":"","mobile":""},"google_fonts":[],"version":6}},"yoast_head":"<!-- This site is optimized with the Yoast SEO plugin v27.4 - https:\/\/yoast.com\/product\/yoast-seo-wordpress\/ -->\n<title>Spinal Code | Sanja \u017divkovi\u0107 | Profesionalno.Moderno.Kreativno.<\/title>\n<meta name=\"description\" content=\"Sanja \u017divkovi\u0107 Profesionalan, minimalisti\u010dan i brz\u00a0 portfolio veb sajt koji je potreban svakom Digital Marketing Manageru. Lako kretanje kroz veb sajt Vam\" \/>\n<meta name=\"robots\" content=\"index, follow, max-snippet:-1, max-image-preview:large, max-video-preview:-1\" \/>\n<link rel=\"canonical\" href=\"https:\/\/spinalcode.in.rs\/en\/sanja-zivkovic\/\" \/>\n<meta property=\"og:locale\" content=\"en_GB\" \/>\n<meta property=\"og:type\" content=\"article\" \/>\n<meta property=\"og:title\" content=\"Spinal Code | Sanja \u017divkovi\u0107 | Profesionalno.Moderno.Kreativno.\" \/>\n<meta property=\"og:description\" content=\"Sanja \u017divkovi\u0107 Profesionalan, minimalisti\u010dan i brz\u00a0 portfolio veb sajt koji je potreban svakom Digital Marketing Manageru. Lako kretanje kroz veb sajt Vam\" \/>\n<meta property=\"og:url\" content=\"https:\/\/spinalcode.in.rs\/en\/sanja-zivkovic\/\" \/>\n<meta property=\"og:site_name\" content=\"Spinal Code\" \/>\n<meta property=\"article:publisher\" content=\"https:\/\/www.facebook.com\/spinal.code9\" \/>\n<meta property=\"article:modified_time\" content=\"2024-11-29T13:14:18+00:00\" \/>\n<meta property=\"og:image\" content=\"https:\/\/spinalcode.in.rs\/wp-content\/uploads\/2024\/09\/SanjaZivkovic-Digital.webp\" \/>\n\t<meta property=\"og:image:width\" content=\"1920\" \/>\n\t<meta property=\"og:image:height\" content=\"1152\" \/>\n\t<meta property=\"og:image:type\" content=\"image\/webp\" \/>\n<meta name=\"twitter:card\" content=\"summary_large_image\" \/>\n<meta name=\"twitter:label1\" content=\"Estimated reading time\" \/>\n\t<meta name=\"twitter:data1\" content=\"1 minute\" \/>\n<script type=\"application\/ld+json\" class=\"yoast-schema-graph\">{\"@context\":\"https:\\\/\\\/schema.org\",\"@graph\":[{\"@type\":\"WebPage\",\"@id\":\"https:\\\/\\\/spinalcode.in.rs\\\/sanja-zivkovic\\\/\",\"url\":\"https:\\\/\\\/spinalcode.in.rs\\\/sanja-zivkovic\\\/\",\"name\":\"Spinal Code | Sanja \u017divkovi\u0107 | Profesionalno.Moderno.Kreativno.\",\"isPartOf\":{\"@id\":\"https:\\\/\\\/spinalcode.in.rs\\\/#website\"},\"primaryImageOfPage\":{\"@id\":\"https:\\\/\\\/spinalcode.in.rs\\\/sanja-zivkovic\\\/#primaryimage\"},\"image\":{\"@id\":\"https:\\\/\\\/spinalcode.in.rs\\\/sanja-zivkovic\\\/#primaryimage\"},\"thumbnailUrl\":\"https:\\\/\\\/spinalcode.in.rs\\\/wp-content\\\/uploads\\\/2024\\\/09\\\/SanjaZivkovic-Digital.webp\",\"datePublished\":\"2024-09-29T10:00:57+00:00\",\"dateModified\":\"2024-11-29T13:14:18+00:00\",\"description\":\"Sanja \u017divkovi\u0107 Profesionalan, minimalisti\u010dan i brz\u00a0 portfolio veb sajt koji je potreban svakom Digital Marketing Manageru. Lako kretanje kroz veb sajt Vam\",\"breadcrumb\":{\"@id\":\"https:\\\/\\\/spinalcode.in.rs\\\/sanja-zivkovic\\\/#breadcrumb\"},\"inLanguage\":\"en-GB\",\"potentialAction\":[{\"@type\":\"ReadAction\",\"target\":[\"https:\\\/\\\/spinalcode.in.rs\\\/sanja-zivkovic\\\/\"]}]},{\"@type\":\"ImageObject\",\"inLanguage\":\"en-GB\",\"@id\":\"https:\\\/\\\/spinalcode.in.rs\\\/sanja-zivkovic\\\/#primaryimage\",\"url\":\"https:\\\/\\\/spinalcode.in.rs\\\/wp-content\\\/uploads\\\/2024\\\/09\\\/SanjaZivkovic-Digital.webp\",\"contentUrl\":\"https:\\\/\\\/spinalcode.in.rs\\\/wp-content\\\/uploads\\\/2024\\\/09\\\/SanjaZivkovic-Digital.webp\"},{\"@type\":\"BreadcrumbList\",\"@id\":\"https:\\\/\\\/spinalcode.in.rs\\\/sanja-zivkovic\\\/#breadcrumb\",\"itemListElement\":[{\"@type\":\"ListItem\",\"position\":1,\"name\":\"Home\",\"item\":\"https:\\\/\\\/spinalcode.in.rs\\\/\"},{\"@type\":\"ListItem\",\"position\":2,\"name\":\"Sanja \u017divkovi\u0107\"}]},{\"@type\":\"WebSite\",\"@id\":\"https:\\\/\\\/spinalcode.in.rs\\\/#website\",\"url\":\"https:\\\/\\\/spinalcode.in.rs\\\/\",\"name\":\"Spinal Code\",\"description\":\"Profesionalno.Moderno.Kreativno.\",\"publisher\":{\"@id\":\"https:\\\/\\\/spinalcode.in.rs\\\/#organization\"},\"potentialAction\":[{\"@type\":\"SearchAction\",\"target\":{\"@type\":\"EntryPoint\",\"urlTemplate\":\"https:\\\/\\\/spinalcode.in.rs\\\/?s={search_term_string}\"},\"query-input\":{\"@type\":\"PropertyValueSpecification\",\"valueRequired\":true,\"valueName\":\"search_term_string\"}}],\"inLanguage\":\"en-GB\"},{\"@type\":\"Organization\",\"@id\":\"https:\\\/\\\/spinalcode.in.rs\\\/#organization\",\"name\":\"Spinal Code\",\"url\":\"https:\\\/\\\/spinalcode.in.rs\\\/\",\"logo\":{\"@type\":\"ImageObject\",\"inLanguage\":\"en-GB\",\"@id\":\"https:\\\/\\\/spinalcode.in.rs\\\/#\\\/schema\\\/logo\\\/image\\\/\",\"url\":\"https:\\\/\\\/spinalcode.in.rs\\\/wp-content\\\/uploads\\\/2024\\\/02\\\/sclogonoviprovucen200i.png\",\"contentUrl\":\"https:\\\/\\\/spinalcode.in.rs\\\/wp-content\\\/uploads\\\/2024\\\/02\\\/sclogonoviprovucen200i.png\",\"width\":200,\"height\":200,\"caption\":\"Spinal Code\"},\"image\":{\"@id\":\"https:\\\/\\\/spinalcode.in.rs\\\/#\\\/schema\\\/logo\\\/image\\\/\"},\"sameAs\":[\"https:\\\/\\\/www.facebook.com\\\/spinal.code9\",\"https:\\\/\\\/www.instagram.com\\\/spinal.code.rs\\\/\"]}]}<\/script>\n<!-- \/ Yoast SEO plugin. -->","yoast_head_json":{"title":"Spinal Code | Sanja \u017divkovi\u0107 | Profesionalno.Moderno.Kreativno.","description":"Sanja \u017divkovi\u0107 Profesionalan, minimalisti\u010dan i brz\u00a0 portfolio veb sajt koji je potreban svakom Digital Marketing Manageru. Lako kretanje kroz veb sajt Vam","robots":{"index":"index","follow":"follow","max-snippet":"max-snippet:-1","max-image-preview":"max-image-preview:large","max-video-preview":"max-video-preview:-1"},"canonical":"https:\/\/spinalcode.in.rs\/en\/sanja-zivkovic\/","og_locale":"en_GB","og_type":"article","og_title":"Spinal Code | Sanja \u017divkovi\u0107 | Profesionalno.Moderno.Kreativno.","og_description":"Sanja \u017divkovi\u0107 Profesionalan, minimalisti\u010dan i brz\u00a0 portfolio veb sajt koji je potreban svakom Digital Marketing Manageru. Lako kretanje kroz veb sajt Vam","og_url":"https:\/\/spinalcode.in.rs\/en\/sanja-zivkovic\/","og_site_name":"Spinal Code","article_publisher":"https:\/\/www.facebook.com\/spinal.code9","article_modified_time":"2024-11-29T13:14:18+00:00","og_image":[{"width":1920,"height":1152,"url":"https:\/\/spinalcode.in.rs\/wp-content\/uploads\/2024\/09\/SanjaZivkovic-Digital.webp","type":"image\/webp"}],"twitter_card":"summary_large_image","twitter_misc":{"Estimated reading time":"1 minute"},"schema":{"@context":"https:\/\/schema.org","@graph":[{"@type":"WebPage","@id":"https:\/\/spinalcode.in.rs\/sanja-zivkovic\/","url":"https:\/\/spinalcode.in.rs\/sanja-zivkovic\/","name":"Spinal Code | Sanja \u017divkovi\u0107 | Profesionalno.Moderno.Kreativno.","isPartOf":{"@id":"https:\/\/spinalcode.in.rs\/#website"},"primaryImageOfPage":{"@id":"https:\/\/spinalcode.in.rs\/sanja-zivkovic\/#primaryimage"},"image":{"@id":"https:\/\/spinalcode.in.rs\/sanja-zivkovic\/#primaryimage"},"thumbnailUrl":"https:\/\/spinalcode.in.rs\/wp-content\/uploads\/2024\/09\/SanjaZivkovic-Digital.webp","datePublished":"2024-09-29T10:00:57+00:00","dateModified":"2024-11-29T13:14:18+00:00","description":"Sanja \u017divkovi\u0107 Profesionalan, minimalisti\u010dan i brz\u00a0 portfolio veb sajt koji je potreban svakom Digital Marketing Manageru. Lako kretanje kroz veb sajt Vam","breadcrumb":{"@id":"https:\/\/spinalcode.in.rs\/sanja-zivkovic\/#breadcrumb"},"inLanguage":"en-GB","potentialAction":[{"@type":"ReadAction","target":["https:\/\/spinalcode.in.rs\/sanja-zivkovic\/"]}]},{"@type":"ImageObject","inLanguage":"en-GB","@id":"https:\/\/spinalcode.in.rs\/sanja-zivkovic\/#primaryimage","url":"https:\/\/spinalcode.in.rs\/wp-content\/uploads\/2024\/09\/SanjaZivkovic-Digital.webp","contentUrl":"https:\/\/spinalcode.in.rs\/wp-content\/uploads\/2024\/09\/SanjaZivkovic-Digital.webp"},{"@type":"BreadcrumbList","@id":"https:\/\/spinalcode.in.rs\/sanja-zivkovic\/#breadcrumb","itemListElement":[{"@type":"ListItem","position":1,"name":"Home","item":"https:\/\/spinalcode.in.rs\/"},{"@type":"ListItem","position":2,"name":"Sanja \u017divkovi\u0107"}]},{"@type":"WebSite","@id":"https:\/\/spinalcode.in.rs\/#website","url":"https:\/\/spinalcode.in.rs\/","name":"Spinal Code","description":"Profesionalno.Moderno.Kreativno.","publisher":{"@id":"https:\/\/spinalcode.in.rs\/#organization"},"potentialAction":[{"@type":"SearchAction","target":{"@type":"EntryPoint","urlTemplate":"https:\/\/spinalcode.in.rs\/?s={search_term_string}"},"query-input":{"@type":"PropertyValueSpecification","valueRequired":true,"valueName":"search_term_string"}}],"inLanguage":"en-GB"},{"@type":"Organization","@id":"https:\/\/spinalcode.in.rs\/#organization","name":"Spinal Code","url":"https:\/\/spinalcode.in.rs\/","logo":{"@type":"ImageObject","inLanguage":"en-GB","@id":"https:\/\/spinalcode.in.rs\/#\/schema\/logo\/image\/","url":"https:\/\/spinalcode.in.rs\/wp-content\/uploads\/2024\/02\/sclogonoviprovucen200i.png","contentUrl":"https:\/\/spinalcode.in.rs\/wp-content\/uploads\/2024\/02\/sclogonoviprovucen200i.png","width":200,"height":200,"caption":"Spinal Code"},"image":{"@id":"https:\/\/spinalcode.in.rs\/#\/schema\/logo\/image\/"},"sameAs":["https:\/\/www.facebook.com\/spinal.code9","https:\/\/www.instagram.com\/spinal.code.rs\/"]}]}},"_links":{"self":[{"href":"https:\/\/spinalcode.in.rs\/en\/wp-json\/wp\/v2\/pages\/3338","targetHints":{"allow":["GET"]}}],"collection":[{"href":"https:\/\/spinalcode.in.rs\/en\/wp-json\/wp\/v2\/pages"}],"about":[{"href":"https:\/\/spinalcode.in.rs\/en\/wp-json\/wp\/v2\/types\/page"}],"author":[{"embeddable":true,"href":"https:\/\/spinalcode.in.rs\/en\/wp-json\/wp\/v2\/users\/1"}],"replies":[{"embeddable":true,"href":"https:\/\/spinalcode.in.rs\/en\/wp-json\/wp\/v2\/comments?post=3338"}],"version-history":[{"count":13,"href":"https:\/\/spinalcode.in.rs\/en\/wp-json\/wp\/v2\/pages\/3338\/revisions"}],"predecessor-version":[{"id":3362,"href":"https:\/\/spinalcode.in.rs\/en\/wp-json\/wp\/v2\/pages\/3338\/revisions\/3362"}],"wp:attachment":[{"href":"https:\/\/spinalcode.in.rs\/en\/wp-json\/wp\/v2\/media?parent=3338"}],"curies":[{"name":"wp","href":"https:\/\/api.w.org\/{rel}","templated":true}]}}