{"id":3456,"date":"2024-11-29T13:00:41","date_gmt":"2024-11-29T13:00:41","guid":{"rendered":"https:\/\/spinalcode.in.rs\/?page_id=3456"},"modified":"2025-11-07T15:06:29","modified_gmt":"2025-11-07T15:06:29","slug":"milmar-solution","status":"publish","type":"page","link":"https:\/\/spinalcode.in.rs\/en\/milmar-solution\/","title":{"rendered":"Milmar Solution"},"content":{"rendered":"\t\t<div data-elementor-type=\"wp-page\" data-elementor-id=\"3456\" class=\"elementor elementor-3456\">\n\t\t\t\t<div class=\"elementor-element elementor-element-ce3e3a4 e-con-full e-flex e-con e-parent\" data-id=\"ce3e3a4\" data-element_type=\"container\" data-e-type=\"container\">\n\t\t\t\t<div class=\"elementor-element elementor-element-a281749 elementor-widget elementor-widget-image\" data-id=\"a281749\" data-element_type=\"widget\" data-e-type=\"widget\" data-widget_type=\"image.default\">\n\t\t\t\t<div class=\"elementor-widget-container\">\n\t\t\t\t\t\t\t\t\t\t\t\t\t\t\t\t<a href=\"https:\/\/milmarsolution.com\/\">\n\t\t\t\t\t\t\t<img fetchpriority=\"high\" decoding=\"async\" width=\"1366\" height=\"820\" src=\"https:\/\/spinalcode.in.rs\/wp-content\/uploads\/2024\/11\/scmilmarresponsive.webp\" class=\"attachment-full size-full wp-image-3458\" alt=\"Spinal Code - Milmar Solution\" srcset=\"https:\/\/spinalcode.in.rs\/wp-content\/uploads\/2024\/11\/scmilmarresponsive.webp 1366w, https:\/\/spinalcode.in.rs\/wp-content\/uploads\/2024\/11\/scmilmarresponsive-300x180.webp 300w, https:\/\/spinalcode.in.rs\/wp-content\/uploads\/2024\/11\/scmilmarresponsive-1024x615.webp 1024w, https:\/\/spinalcode.in.rs\/wp-content\/uploads\/2024\/11\/scmilmarresponsive-768x461.webp 768w, https:\/\/spinalcode.in.rs\/wp-content\/uploads\/2024\/11\/scmilmarresponsive-18x12.webp 18w\" sizes=\"(max-width: 1366px) 100vw, 1366px\" \/>\t\t\t\t\t\t\t\t<\/a>\n\t\t\t\t\t\t\t\t\t\t\t\t\t\t\t<\/div>\n\t\t\t\t<\/div>\n\t\t\t\t<\/div>\n\t\t<div class=\"elementor-element elementor-element-4c44fbe e-flex e-con-boxed e-con e-parent\" data-id=\"4c44fbe\" data-element_type=\"container\" data-e-type=\"container\">\n\t\t\t\t\t<div class=\"e-con-inner\">\n\t\t<div class=\"elementor-element elementor-element-f2ccb91 e-flex e-con-boxed e-con e-child\" data-id=\"f2ccb91\" data-element_type=\"container\" data-e-type=\"container\">\n\t\t\t\t\t<div class=\"e-con-inner\">\n\t\t\t\t<div class=\"elementor-element elementor-element-fbfcd48 elementor-widget elementor-widget-heading\" data-id=\"fbfcd48\" data-element_type=\"widget\" data-e-type=\"widget\" data-widget_type=\"heading.default\">\n\t\t\t\t<div class=\"elementor-widget-container\">\n\t\t\t\t\t<h1 class=\"elementor-heading-title elementor-size-default\"><a href=\"https:\/\/milmarsolution.com\/\">Milmar Solution<\/a><\/h1>\t\t\t\t<\/div>\n\t\t\t\t<\/div>\n\t\t\t\t<div class=\"elementor-element elementor-element-6f251ac elementor-widget elementor-widget-text-editor\" data-id=\"6f251ac\" data-element_type=\"widget\" data-e-type=\"widget\" data-widget_type=\"text-editor.default\">\n\t\t\t\t<div class=\"elementor-widget-container\">\n\t\t\t\t\t\t\t\t\t<p>Milmar Solution je moderna firma specijalizovana za in\u017eenjerske delatnosti i tehni\u010dko savetovanje, posve\u0107ena pru\u017eanju vrhunskih usluga svojim klijentima. Na njihovom veb sajtu, koji je osmi\u0161ljen tako da bude brz i jednostavan za upotrebu, lako mo\u017eete prona\u0107i sve informacije o njihovim uslugama, stru\u010dnosti i osniva\u010du firme.\u00a0<\/p>\t\t\t\t\t\t\t\t<\/div>\n\t\t\t\t<\/div>\n\t\t\t\t\t<\/div>\n\t\t\t\t<\/div>\n\t\t<div class=\"elementor-element elementor-element-668d11e e-flex e-con-boxed e-con e-child\" data-id=\"668d11e\" data-element_type=\"container\" data-e-type=\"container\" data-settings=\"{&quot;background_background&quot;:&quot;slideshow&quot;,&quot;background_slideshow_gallery&quot;:[{&quot;id&quot;:3462,&quot;url&quot;:&quot;https:\\\/\\\/spinalcode.in.rs\\\/wp-content\\\/uploads\\\/2024\\\/11\\\/4.webp&quot;},{&quot;id&quot;:3459,&quot;url&quot;:&quot;https:\\\/\\\/spinalcode.in.rs\\\/wp-content\\\/uploads\\\/2024\\\/11\\\/1.webp&quot;},{&quot;id&quot;:3460,&quot;url&quot;:&quot;https:\\\/\\\/spinalcode.in.rs\\\/wp-content\\\/uploads\\\/2024\\\/11\\\/2.webp&quot;},{&quot;id&quot;:3461,&quot;url&quot;:&quot;https:\\\/\\\/spinalcode.in.rs\\\/wp-content\\\/uploads\\\/2024\\\/11\\\/3.webp&quot;},{&quot;id&quot;:3467,&quot;url&quot;:&quot;https:\\\/\\\/spinalcode.in.rs\\\/wp-content\\\/uploads\\\/2024\\\/11\\\/8.webp&quot;},{&quot;id&quot;:3468,&quot;url&quot;:&quot;https:\\\/\\\/spinalcode.in.rs\\\/wp-content\\\/uploads\\\/2024\\\/11\\\/9.webp&quot;},{&quot;id&quot;:3465,&quot;url&quot;:&quot;https:\\\/\\\/spinalcode.in.rs\\\/wp-content\\\/uploads\\\/2024\\\/11\\\/6.webp&quot;},{&quot;id&quot;:3464,&quot;url&quot;:&quot;https:\\\/\\\/spinalcode.in.rs\\\/wp-content\\\/uploads\\\/2024\\\/11\\\/5.webp&quot;},{&quot;id&quot;:3466,&quot;url&quot;:&quot;https:\\\/\\\/spinalcode.in.rs\\\/wp-content\\\/uploads\\\/2024\\\/11\\\/7.webp&quot;}],&quot;background_slideshow_loop&quot;:&quot;yes&quot;,&quot;background_slideshow_slide_duration&quot;:5000,&quot;background_slideshow_slide_transition&quot;:&quot;fade&quot;,&quot;background_slideshow_transition_duration&quot;:500}\">\n\t\t\t\t\t<div class=\"e-con-inner\">\n\t\t\t\t\t<\/div>\n\t\t\t\t<\/div>\n\t\t\t\t\t<\/div>\n\t\t\t\t<\/div>\n\t\t\t\t<\/div>\n\t\t","protected":false},"excerpt":{"rendered":"<p>Milmar Solution Milmar Solution je moderna firma specijalizovana za in\u017eenjerske delatnosti i tehni\u010dko savetovanje, posve\u0107ena pru\u017eanju vrhunskih usluga svojim klijentima. Na njihovom veb sajtu, koji je osmi\u0161ljen tako da bude brz i jednostavan za upotrebu, lako mo\u017eete prona\u0107i sve informacije o njihovim uslugama, stru\u010dnosti i osniva\u010du firme.\u00a0<\/p>","protected":false},"author":1,"featured_media":0,"parent":0,"menu_order":0,"comment_status":"closed","ping_status":"closed","template":"","meta":{"footnotes":""},"class_list":["post-3456","page","type-page","status-publish","hentry"],"blocksy_meta":{"has_hero_section":"disabled","vertical_spacing_source":"custom","content_area_spacing":"none","styles_descriptor":{"styles":{"desktop":"","tablet":"","mobile":""},"google_fonts":[],"version":6}},"yoast_head":"<!-- This site is optimized with the Yoast SEO plugin v27.5 - https:\/\/yoast.com\/product\/yoast-seo-wordpress\/ -->\n<title>Spinal Code | Milmar Solution | Profesionalno.Moderno.Kreativno.<\/title>\n<meta name=\"description\" content=\"Milmar Solution Milmar Solution je moderna firma specijalizovana za in\u017eenjerske delatnosti i tehni\u010dko savetovanje, posve\u0107ena pru\u017eanju vrhunskih usluga\" \/>\n<meta name=\"robots\" content=\"index, follow, max-snippet:-1, max-image-preview:large, max-video-preview:-1\" \/>\n<link rel=\"canonical\" href=\"https:\/\/spinalcode.in.rs\/en\/milmar-solution\/\" \/>\n<meta property=\"og:locale\" content=\"en_GB\" \/>\n<meta property=\"og:type\" content=\"article\" \/>\n<meta property=\"og:title\" content=\"Spinal Code | Milmar Solution | Profesionalno.Moderno.Kreativno.\" \/>\n<meta property=\"og:description\" content=\"Milmar Solution Milmar Solution je moderna firma specijalizovana za in\u017eenjerske delatnosti i tehni\u010dko savetovanje, posve\u0107ena pru\u017eanju vrhunskih usluga\" \/>\n<meta property=\"og:url\" content=\"https:\/\/spinalcode.in.rs\/en\/milmar-solution\/\" \/>\n<meta property=\"og:site_name\" content=\"Spinal Code\" \/>\n<meta property=\"article:publisher\" content=\"https:\/\/www.facebook.com\/spinal.code9\" \/>\n<meta property=\"article:modified_time\" content=\"2025-11-07T15:06:29+00:00\" \/>\n<meta property=\"og:image\" content=\"https:\/\/spinalcode.in.rs\/wp-content\/uploads\/2024\/11\/scmilmarresponsive.webp\" \/>\n\t<meta property=\"og:image:width\" content=\"1366\" \/>\n\t<meta property=\"og:image:height\" content=\"820\" \/>\n\t<meta property=\"og:image:type\" content=\"image\/webp\" \/>\n<meta name=\"twitter:card\" content=\"summary_large_image\" \/>\n<meta name=\"twitter:label1\" content=\"Estimated reading time\" \/>\n\t<meta name=\"twitter:data1\" content=\"1 minute\" \/>\n<script type=\"application\/ld+json\" class=\"yoast-schema-graph\">{\"@context\":\"https:\\\/\\\/schema.org\",\"@graph\":[{\"@type\":\"WebPage\",\"@id\":\"https:\\\/\\\/spinalcode.in.rs\\\/milmar-solution\\\/\",\"url\":\"https:\\\/\\\/spinalcode.in.rs\\\/milmar-solution\\\/\",\"name\":\"Spinal Code | Milmar Solution | Profesionalno.Moderno.Kreativno.\",\"isPartOf\":{\"@id\":\"https:\\\/\\\/spinalcode.in.rs\\\/#website\"},\"primaryImageOfPage\":{\"@id\":\"https:\\\/\\\/spinalcode.in.rs\\\/milmar-solution\\\/#primaryimage\"},\"image\":{\"@id\":\"https:\\\/\\\/spinalcode.in.rs\\\/milmar-solution\\\/#primaryimage\"},\"thumbnailUrl\":\"https:\\\/\\\/spinalcode.in.rs\\\/wp-content\\\/uploads\\\/2024\\\/11\\\/scmilmarresponsive.webp\",\"datePublished\":\"2024-11-29T13:00:41+00:00\",\"dateModified\":\"2025-11-07T15:06:29+00:00\",\"description\":\"Milmar Solution Milmar Solution je moderna firma specijalizovana za in\u017eenjerske delatnosti i tehni\u010dko savetovanje, posve\u0107ena pru\u017eanju vrhunskih usluga\",\"breadcrumb\":{\"@id\":\"https:\\\/\\\/spinalcode.in.rs\\\/milmar-solution\\\/#breadcrumb\"},\"inLanguage\":\"en-GB\",\"potentialAction\":[{\"@type\":\"ReadAction\",\"target\":[\"https:\\\/\\\/spinalcode.in.rs\\\/milmar-solution\\\/\"]}]},{\"@type\":\"ImageObject\",\"inLanguage\":\"en-GB\",\"@id\":\"https:\\\/\\\/spinalcode.in.rs\\\/milmar-solution\\\/#primaryimage\",\"url\":\"https:\\\/\\\/spinalcode.in.rs\\\/wp-content\\\/uploads\\\/2024\\\/11\\\/scmilmarresponsive.webp\",\"contentUrl\":\"https:\\\/\\\/spinalcode.in.rs\\\/wp-content\\\/uploads\\\/2024\\\/11\\\/scmilmarresponsive.webp\"},{\"@type\":\"BreadcrumbList\",\"@id\":\"https:\\\/\\\/spinalcode.in.rs\\\/milmar-solution\\\/#breadcrumb\",\"itemListElement\":[{\"@type\":\"ListItem\",\"position\":1,\"name\":\"Home\",\"item\":\"https:\\\/\\\/spinalcode.in.rs\\\/\"},{\"@type\":\"ListItem\",\"position\":2,\"name\":\"Milmar Solution\"}]},{\"@type\":\"WebSite\",\"@id\":\"https:\\\/\\\/spinalcode.in.rs\\\/#website\",\"url\":\"https:\\\/\\\/spinalcode.in.rs\\\/\",\"name\":\"Spinal Code\",\"description\":\"Profesionalno.Moderno.Kreativno.\",\"publisher\":{\"@id\":\"https:\\\/\\\/spinalcode.in.rs\\\/#organization\"},\"potentialAction\":[{\"@type\":\"SearchAction\",\"target\":{\"@type\":\"EntryPoint\",\"urlTemplate\":\"https:\\\/\\\/spinalcode.in.rs\\\/?s={search_term_string}\"},\"query-input\":{\"@type\":\"PropertyValueSpecification\",\"valueRequired\":true,\"valueName\":\"search_term_string\"}}],\"inLanguage\":\"en-GB\"},{\"@type\":\"Organization\",\"@id\":\"https:\\\/\\\/spinalcode.in.rs\\\/#organization\",\"name\":\"Spinal Code\",\"url\":\"https:\\\/\\\/spinalcode.in.rs\\\/\",\"logo\":{\"@type\":\"ImageObject\",\"inLanguage\":\"en-GB\",\"@id\":\"https:\\\/\\\/spinalcode.in.rs\\\/#\\\/schema\\\/logo\\\/image\\\/\",\"url\":\"https:\\\/\\\/spinalcode.in.rs\\\/wp-content\\\/uploads\\\/2024\\\/02\\\/sclogonoviprovucen200i.png\",\"contentUrl\":\"https:\\\/\\\/spinalcode.in.rs\\\/wp-content\\\/uploads\\\/2024\\\/02\\\/sclogonoviprovucen200i.png\",\"width\":200,\"height\":200,\"caption\":\"Spinal Code\"},\"image\":{\"@id\":\"https:\\\/\\\/spinalcode.in.rs\\\/#\\\/schema\\\/logo\\\/image\\\/\"},\"sameAs\":[\"https:\\\/\\\/www.facebook.com\\\/spinal.code9\",\"https:\\\/\\\/www.instagram.com\\\/spinal.code.rs\\\/\"]}]}<\/script>\n<!-- \/ Yoast SEO plugin. -->","yoast_head_json":{"title":"Spinal Code | Milmar Solution | Profesionalno.Moderno.Kreativno.","description":"Milmar Solution Milmar Solution je moderna firma specijalizovana za in\u017eenjerske delatnosti i tehni\u010dko savetovanje, posve\u0107ena pru\u017eanju vrhunskih usluga","robots":{"index":"index","follow":"follow","max-snippet":"max-snippet:-1","max-image-preview":"max-image-preview:large","max-video-preview":"max-video-preview:-1"},"canonical":"https:\/\/spinalcode.in.rs\/en\/milmar-solution\/","og_locale":"en_GB","og_type":"article","og_title":"Spinal Code | Milmar Solution | Profesionalno.Moderno.Kreativno.","og_description":"Milmar Solution Milmar Solution je moderna firma specijalizovana za in\u017eenjerske delatnosti i tehni\u010dko savetovanje, posve\u0107ena pru\u017eanju vrhunskih usluga","og_url":"https:\/\/spinalcode.in.rs\/en\/milmar-solution\/","og_site_name":"Spinal Code","article_publisher":"https:\/\/www.facebook.com\/spinal.code9","article_modified_time":"2025-11-07T15:06:29+00:00","og_image":[{"width":1366,"height":820,"url":"https:\/\/spinalcode.in.rs\/wp-content\/uploads\/2024\/11\/scmilmarresponsive.webp","type":"image\/webp"}],"twitter_card":"summary_large_image","twitter_misc":{"Estimated reading time":"1 minute"},"schema":{"@context":"https:\/\/schema.org","@graph":[{"@type":"WebPage","@id":"https:\/\/spinalcode.in.rs\/milmar-solution\/","url":"https:\/\/spinalcode.in.rs\/milmar-solution\/","name":"Spinal Code | Milmar Solution | Profesionalno.Moderno.Kreativno.","isPartOf":{"@id":"https:\/\/spinalcode.in.rs\/#website"},"primaryImageOfPage":{"@id":"https:\/\/spinalcode.in.rs\/milmar-solution\/#primaryimage"},"image":{"@id":"https:\/\/spinalcode.in.rs\/milmar-solution\/#primaryimage"},"thumbnailUrl":"https:\/\/spinalcode.in.rs\/wp-content\/uploads\/2024\/11\/scmilmarresponsive.webp","datePublished":"2024-11-29T13:00:41+00:00","dateModified":"2025-11-07T15:06:29+00:00","description":"Milmar Solution Milmar Solution je moderna firma specijalizovana za in\u017eenjerske delatnosti i tehni\u010dko savetovanje, posve\u0107ena pru\u017eanju vrhunskih usluga","breadcrumb":{"@id":"https:\/\/spinalcode.in.rs\/milmar-solution\/#breadcrumb"},"inLanguage":"en-GB","potentialAction":[{"@type":"ReadAction","target":["https:\/\/spinalcode.in.rs\/milmar-solution\/"]}]},{"@type":"ImageObject","inLanguage":"en-GB","@id":"https:\/\/spinalcode.in.rs\/milmar-solution\/#primaryimage","url":"https:\/\/spinalcode.in.rs\/wp-content\/uploads\/2024\/11\/scmilmarresponsive.webp","contentUrl":"https:\/\/spinalcode.in.rs\/wp-content\/uploads\/2024\/11\/scmilmarresponsive.webp"},{"@type":"BreadcrumbList","@id":"https:\/\/spinalcode.in.rs\/milmar-solution\/#breadcrumb","itemListElement":[{"@type":"ListItem","position":1,"name":"Home","item":"https:\/\/spinalcode.in.rs\/"},{"@type":"ListItem","position":2,"name":"Milmar Solution"}]},{"@type":"WebSite","@id":"https:\/\/spinalcode.in.rs\/#website","url":"https:\/\/spinalcode.in.rs\/","name":"Spinal Code","description":"Profesionalno.Moderno.Kreativno.","publisher":{"@id":"https:\/\/spinalcode.in.rs\/#organization"},"potentialAction":[{"@type":"SearchAction","target":{"@type":"EntryPoint","urlTemplate":"https:\/\/spinalcode.in.rs\/?s={search_term_string}"},"query-input":{"@type":"PropertyValueSpecification","valueRequired":true,"valueName":"search_term_string"}}],"inLanguage":"en-GB"},{"@type":"Organization","@id":"https:\/\/spinalcode.in.rs\/#organization","name":"Spinal Code","url":"https:\/\/spinalcode.in.rs\/","logo":{"@type":"ImageObject","inLanguage":"en-GB","@id":"https:\/\/spinalcode.in.rs\/#\/schema\/logo\/image\/","url":"https:\/\/spinalcode.in.rs\/wp-content\/uploads\/2024\/02\/sclogonoviprovucen200i.png","contentUrl":"https:\/\/spinalcode.in.rs\/wp-content\/uploads\/2024\/02\/sclogonoviprovucen200i.png","width":200,"height":200,"caption":"Spinal Code"},"image":{"@id":"https:\/\/spinalcode.in.rs\/#\/schema\/logo\/image\/"},"sameAs":["https:\/\/www.facebook.com\/spinal.code9","https:\/\/www.instagram.com\/spinal.code.rs\/"]}]}},"_links":{"self":[{"href":"https:\/\/spinalcode.in.rs\/en\/wp-json\/wp\/v2\/pages\/3456","targetHints":{"allow":["GET"]}}],"collection":[{"href":"https:\/\/spinalcode.in.rs\/en\/wp-json\/wp\/v2\/pages"}],"about":[{"href":"https:\/\/spinalcode.in.rs\/en\/wp-json\/wp\/v2\/types\/page"}],"author":[{"embeddable":true,"href":"https:\/\/spinalcode.in.rs\/en\/wp-json\/wp\/v2\/users\/1"}],"replies":[{"embeddable":true,"href":"https:\/\/spinalcode.in.rs\/en\/wp-json\/wp\/v2\/comments?post=3456"}],"version-history":[{"count":13,"href":"https:\/\/spinalcode.in.rs\/en\/wp-json\/wp\/v2\/pages\/3456\/revisions"}],"predecessor-version":[{"id":3603,"href":"https:\/\/spinalcode.in.rs\/en\/wp-json\/wp\/v2\/pages\/3456\/revisions\/3603"}],"wp:attachment":[{"href":"https:\/\/spinalcode.in.rs\/en\/wp-json\/wp\/v2\/media?parent=3456"}],"curies":[{"name":"wp","href":"https:\/\/api.w.org\/{rel}","templated":true}]}}