{"id":3498,"date":"2024-11-29T13:48:03","date_gmt":"2024-11-29T13:48:03","guid":{"rendered":"https:\/\/spinalcode.in.rs\/?page_id=3498"},"modified":"2025-11-07T15:08:35","modified_gmt":"2025-11-07T15:08:35","slug":"apartmani-varos","status":"publish","type":"page","link":"https:\/\/spinalcode.in.rs\/en\/apartmani-varos\/","title":{"rendered":"Apartmani Varo\u0161"},"content":{"rendered":"<div data-elementor-type=\"wp-page\" data-elementor-id=\"3498\" class=\"elementor elementor-3498\">\n\t\t\t\t<div class=\"elementor-element elementor-element-18abe16 e-con-full e-flex e-con e-parent\" data-id=\"18abe16\" data-element_type=\"container\" data-e-type=\"container\">\n\t\t\t\t<div class=\"elementor-element elementor-element-4a36567 elementor-widget elementor-widget-image\" data-id=\"4a36567\" data-element_type=\"widget\" data-e-type=\"widget\" data-widget_type=\"image.default\">\n\t\t\t\t<div class=\"elementor-widget-container\">\n\t\t\t\t\t\t\t\t\t\t\t\t\t\t\t\t<a href=\"https:\/\/apartmanivaros.com\/\">\n\t\t\t\t\t\t\t<img fetchpriority=\"high\" decoding=\"async\" width=\"1366\" height=\"820\" src=\"https:\/\/spinalcode.in.rs\/wp-content\/uploads\/2024\/11\/apartmanivarosresponsive.webp\" class=\"attachment-full size-full wp-image-3485\" alt=\"Spinal Code - Apartmani Varo\u0161\" srcset=\"https:\/\/spinalcode.in.rs\/wp-content\/uploads\/2024\/11\/apartmanivarosresponsive.webp 1366w, https:\/\/spinalcode.in.rs\/wp-content\/uploads\/2024\/11\/apartmanivarosresponsive-300x180.webp 300w, https:\/\/spinalcode.in.rs\/wp-content\/uploads\/2024\/11\/apartmanivarosresponsive-1024x615.webp 1024w, https:\/\/spinalcode.in.rs\/wp-content\/uploads\/2024\/11\/apartmanivarosresponsive-768x461.webp 768w, https:\/\/spinalcode.in.rs\/wp-content\/uploads\/2024\/11\/apartmanivarosresponsive-18x12.webp 18w\" sizes=\"(max-width: 1366px) 100vw, 1366px\" \/>\t\t\t\t\t\t\t\t<\/a>\n\t\t\t\t\t\t\t\t\t\t\t\t\t\t\t<\/div>\n\t\t\t\t<\/div>\n\t\t\t\t<\/div>\n\t\t<div class=\"elementor-element elementor-element-6bffa33 e-flex e-con-boxed e-con e-parent\" data-id=\"6bffa33\" data-element_type=\"container\" data-e-type=\"container\">\n\t\t\t\t\t<div class=\"e-con-inner\">\n\t\t<div class=\"elementor-element elementor-element-d3feda0 e-flex e-con-boxed e-con e-child\" data-id=\"d3feda0\" data-element_type=\"container\" data-e-type=\"container\">\n\t\t\t\t\t<div class=\"e-con-inner\">\n\t\t\t\t<div class=\"elementor-element elementor-element-3212231 elementor-widget elementor-widget-heading\" data-id=\"3212231\" data-element_type=\"widget\" data-e-type=\"widget\" data-widget_type=\"heading.default\">\n\t\t\t\t<div class=\"elementor-widget-container\">\n\t\t\t\t\t<h1 class=\"elementor-heading-title elementor-size-default\"><a href=\"https:\/\/apartmanivaros.com\/\">Apartmani Varo\u0161<\/a><\/h1>\t\t\t\t<\/div>\n\t\t\t\t<\/div>\n\t\t\t\t<div class=\"elementor-element elementor-element-05eefbc elementor-widget elementor-widget-text-editor\" data-id=\"05eefbc\" data-element_type=\"widget\" data-e-type=\"widget\" data-widget_type=\"text-editor.default\">\n\t\t\t\t<div class=\"elementor-widget-container\">\n\t\t\t\t\t\t\t\t\t<p>The Apartmani Varo\u0161 website combines speed, intuitive design, and clear information. It showcases four luxurious and modernly equipped apartments located in a quiet area of Pirot, close to the city center, along with additional benefits offered by the Kafana Varo\u0161.<\/p><p>Visitors can easily browse the offerings, get in touch via phone or social media, and make reservations, primarily through Booking.com or directly by phone. The focus is on optimizing the user experience, ensuring clarity and visual appeal, and making the website an ideal platform for promoting accommodations and additional services.<\/p>\t\t\t\t\t\t\t\t<\/div>\n\t\t\t\t<\/div>\n\t\t\t\t\t<\/div>\n\t\t\t\t<\/div>\n\t\t<div class=\"elementor-element elementor-element-65b560a e-flex e-con-boxed e-con e-child\" data-id=\"65b560a\" data-element_type=\"container\" data-e-type=\"container\" data-settings=\"{&quot;background_background&quot;:&quot;classic&quot;}\">\n\t\t\t\t\t<div class=\"e-con-inner\">\n\t\t\t\t\t<\/div>\n\t\t\t\t<\/div>\n\t\t\t\t\t<\/div>\n\t\t\t\t<\/div>\n\t\t\t\t<\/div>","protected":false},"excerpt":{"rendered":"<p>Apartmani Varo\u0161 Veb sajt Aparmtai Varo\u0161 kombinuje brzinu, intuitivan dizajn i jasne informacije. Sajt predstavlja \u010detiri luksuzna i moderno opremljena apartmana sme\u0161tena u mirnom delu Pirota, nadomak centra, kao i dodatne pogodnosti koje pru\u017ea kafana Varo\u0161. Posetioci sajta mogu jednostavno pregledati ponudu, stupiti u kontakt putem telefona ili dru\u0161tvenih mre\u017ea i izvr\u0161iti rezervacije, koje se [&hellip;]<\/p>\n","protected":false},"author":1,"featured_media":0,"parent":0,"menu_order":0,"comment_status":"closed","ping_status":"closed","template":"","meta":{"footnotes":""},"class_list":["post-3498","page","type-page","status-publish","hentry"],"blocksy_meta":{"has_hero_section":"disabled","vertical_spacing_source":"custom","content_area_spacing":"none","styles_descriptor":{"styles":{"desktop":"","tablet":"","mobile":""},"google_fonts":[],"version":6}},"yoast_head":"<!-- This site is optimized with the Yoast SEO plugin v27.4 - https:\/\/yoast.com\/product\/yoast-seo-wordpress\/ -->\n<title>Spinal Code | Apartmani Varo\u0161 | Profesionalno.Moderno.Kreativno.<\/title>\n<meta name=\"description\" content=\"Apartmani Varo\u0161 Veb sajt Aparmtai Varo\u0161 kombinuje brzinu, intuitivan dizajn i jasne informacije. Sajt predstavlja \u010detiri luksuzna i moderno opremljena\" \/>\n<meta name=\"robots\" content=\"index, follow, max-snippet:-1, max-image-preview:large, max-video-preview:-1\" \/>\n<link rel=\"canonical\" href=\"https:\/\/spinalcode.in.rs\/en\/apartmani-varos\/\" \/>\n<meta property=\"og:locale\" content=\"en_GB\" \/>\n<meta property=\"og:type\" content=\"article\" \/>\n<meta property=\"og:title\" content=\"Spinal Code | Apartmani Varo\u0161 | Profesionalno.Moderno.Kreativno.\" \/>\n<meta property=\"og:description\" content=\"Apartmani Varo\u0161 Veb sajt Aparmtai Varo\u0161 kombinuje brzinu, intuitivan dizajn i jasne informacije. Sajt predstavlja \u010detiri luksuzna i moderno opremljena\" \/>\n<meta property=\"og:url\" content=\"https:\/\/spinalcode.in.rs\/en\/apartmani-varos\/\" \/>\n<meta property=\"og:site_name\" content=\"Spinal Code\" \/>\n<meta property=\"article:publisher\" content=\"https:\/\/www.facebook.com\/spinal.code9\" \/>\n<meta property=\"article:modified_time\" content=\"2025-11-07T15:08:35+00:00\" \/>\n<meta property=\"og:image\" content=\"https:\/\/spinalcode.in.rs\/wp-content\/uploads\/2024\/11\/apartmanivarosresponsive.webp\" \/>\n\t<meta property=\"og:image:width\" content=\"1366\" \/>\n\t<meta property=\"og:image:height\" content=\"820\" \/>\n\t<meta property=\"og:image:type\" content=\"image\/webp\" \/>\n<meta name=\"twitter:card\" content=\"summary_large_image\" \/>\n<meta name=\"twitter:label1\" content=\"Estimated reading time\" \/>\n\t<meta name=\"twitter:data1\" content=\"1 minute\" \/>\n<script type=\"application\/ld+json\" class=\"yoast-schema-graph\">{\"@context\":\"https:\\\/\\\/schema.org\",\"@graph\":[{\"@type\":\"WebPage\",\"@id\":\"https:\\\/\\\/spinalcode.in.rs\\\/apartmani-varos\\\/\",\"url\":\"https:\\\/\\\/spinalcode.in.rs\\\/apartmani-varos\\\/\",\"name\":\"Spinal Code | Apartmani Varo\u0161 | Profesionalno.Moderno.Kreativno.\",\"isPartOf\":{\"@id\":\"https:\\\/\\\/spinalcode.in.rs\\\/#website\"},\"primaryImageOfPage\":{\"@id\":\"https:\\\/\\\/spinalcode.in.rs\\\/apartmani-varos\\\/#primaryimage\"},\"image\":{\"@id\":\"https:\\\/\\\/spinalcode.in.rs\\\/apartmani-varos\\\/#primaryimage\"},\"thumbnailUrl\":\"https:\\\/\\\/spinalcode.in.rs\\\/wp-content\\\/uploads\\\/2024\\\/11\\\/apartmanivarosresponsive.webp\",\"datePublished\":\"2024-11-29T13:48:03+00:00\",\"dateModified\":\"2025-11-07T15:08:35+00:00\",\"description\":\"Apartmani Varo\u0161 Veb sajt Aparmtai Varo\u0161 kombinuje brzinu, intuitivan dizajn i jasne informacije. Sajt predstavlja \u010detiri luksuzna i moderno opremljena\",\"breadcrumb\":{\"@id\":\"https:\\\/\\\/spinalcode.in.rs\\\/apartmani-varos\\\/#breadcrumb\"},\"inLanguage\":\"en-GB\",\"potentialAction\":[{\"@type\":\"ReadAction\",\"target\":[\"https:\\\/\\\/spinalcode.in.rs\\\/apartmani-varos\\\/\"]}]},{\"@type\":\"ImageObject\",\"inLanguage\":\"en-GB\",\"@id\":\"https:\\\/\\\/spinalcode.in.rs\\\/apartmani-varos\\\/#primaryimage\",\"url\":\"https:\\\/\\\/spinalcode.in.rs\\\/wp-content\\\/uploads\\\/2024\\\/11\\\/apartmanivarosresponsive.webp\",\"contentUrl\":\"https:\\\/\\\/spinalcode.in.rs\\\/wp-content\\\/uploads\\\/2024\\\/11\\\/apartmanivarosresponsive.webp\"},{\"@type\":\"BreadcrumbList\",\"@id\":\"https:\\\/\\\/spinalcode.in.rs\\\/apartmani-varos\\\/#breadcrumb\",\"itemListElement\":[{\"@type\":\"ListItem\",\"position\":1,\"name\":\"Home\",\"item\":\"https:\\\/\\\/spinalcode.in.rs\\\/\"},{\"@type\":\"ListItem\",\"position\":2,\"name\":\"Apartmani Varo\u0161\"}]},{\"@type\":\"WebSite\",\"@id\":\"https:\\\/\\\/spinalcode.in.rs\\\/#website\",\"url\":\"https:\\\/\\\/spinalcode.in.rs\\\/\",\"name\":\"Spinal Code\",\"description\":\"Profesionalno.Moderno.Kreativno.\",\"publisher\":{\"@id\":\"https:\\\/\\\/spinalcode.in.rs\\\/#organization\"},\"potentialAction\":[{\"@type\":\"SearchAction\",\"target\":{\"@type\":\"EntryPoint\",\"urlTemplate\":\"https:\\\/\\\/spinalcode.in.rs\\\/?s={search_term_string}\"},\"query-input\":{\"@type\":\"PropertyValueSpecification\",\"valueRequired\":true,\"valueName\":\"search_term_string\"}}],\"inLanguage\":\"en-GB\"},{\"@type\":\"Organization\",\"@id\":\"https:\\\/\\\/spinalcode.in.rs\\\/#organization\",\"name\":\"Spinal Code\",\"url\":\"https:\\\/\\\/spinalcode.in.rs\\\/\",\"logo\":{\"@type\":\"ImageObject\",\"inLanguage\":\"en-GB\",\"@id\":\"https:\\\/\\\/spinalcode.in.rs\\\/#\\\/schema\\\/logo\\\/image\\\/\",\"url\":\"https:\\\/\\\/spinalcode.in.rs\\\/wp-content\\\/uploads\\\/2024\\\/02\\\/sclogonoviprovucen200i.png\",\"contentUrl\":\"https:\\\/\\\/spinalcode.in.rs\\\/wp-content\\\/uploads\\\/2024\\\/02\\\/sclogonoviprovucen200i.png\",\"width\":200,\"height\":200,\"caption\":\"Spinal Code\"},\"image\":{\"@id\":\"https:\\\/\\\/spinalcode.in.rs\\\/#\\\/schema\\\/logo\\\/image\\\/\"},\"sameAs\":[\"https:\\\/\\\/www.facebook.com\\\/spinal.code9\",\"https:\\\/\\\/www.instagram.com\\\/spinal.code.rs\\\/\"]}]}<\/script>\n<!-- \/ Yoast SEO plugin. -->","yoast_head_json":{"title":"Spinal Code | Apartmani Varo\u0161 | Profesionalno.Moderno.Kreativno.","description":"Apartmani Varo\u0161 Veb sajt Aparmtai Varo\u0161 kombinuje brzinu, intuitivan dizajn i jasne informacije. Sajt predstavlja \u010detiri luksuzna i moderno opremljena","robots":{"index":"index","follow":"follow","max-snippet":"max-snippet:-1","max-image-preview":"max-image-preview:large","max-video-preview":"max-video-preview:-1"},"canonical":"https:\/\/spinalcode.in.rs\/en\/apartmani-varos\/","og_locale":"en_GB","og_type":"article","og_title":"Spinal Code | Apartmani Varo\u0161 | Profesionalno.Moderno.Kreativno.","og_description":"Apartmani Varo\u0161 Veb sajt Aparmtai Varo\u0161 kombinuje brzinu, intuitivan dizajn i jasne informacije. Sajt predstavlja \u010detiri luksuzna i moderno opremljena","og_url":"https:\/\/spinalcode.in.rs\/en\/apartmani-varos\/","og_site_name":"Spinal Code","article_publisher":"https:\/\/www.facebook.com\/spinal.code9","article_modified_time":"2025-11-07T15:08:35+00:00","og_image":[{"width":1366,"height":820,"url":"https:\/\/spinalcode.in.rs\/wp-content\/uploads\/2024\/11\/apartmanivarosresponsive.webp","type":"image\/webp"}],"twitter_card":"summary_large_image","twitter_misc":{"Estimated reading time":"1 minute"},"schema":{"@context":"https:\/\/schema.org","@graph":[{"@type":"WebPage","@id":"https:\/\/spinalcode.in.rs\/apartmani-varos\/","url":"https:\/\/spinalcode.in.rs\/apartmani-varos\/","name":"Spinal Code | Apartmani Varo\u0161 | Profesionalno.Moderno.Kreativno.","isPartOf":{"@id":"https:\/\/spinalcode.in.rs\/#website"},"primaryImageOfPage":{"@id":"https:\/\/spinalcode.in.rs\/apartmani-varos\/#primaryimage"},"image":{"@id":"https:\/\/spinalcode.in.rs\/apartmani-varos\/#primaryimage"},"thumbnailUrl":"https:\/\/spinalcode.in.rs\/wp-content\/uploads\/2024\/11\/apartmanivarosresponsive.webp","datePublished":"2024-11-29T13:48:03+00:00","dateModified":"2025-11-07T15:08:35+00:00","description":"Apartmani Varo\u0161 Veb sajt Aparmtai Varo\u0161 kombinuje brzinu, intuitivan dizajn i jasne informacije. Sajt predstavlja \u010detiri luksuzna i moderno opremljena","breadcrumb":{"@id":"https:\/\/spinalcode.in.rs\/apartmani-varos\/#breadcrumb"},"inLanguage":"en-GB","potentialAction":[{"@type":"ReadAction","target":["https:\/\/spinalcode.in.rs\/apartmani-varos\/"]}]},{"@type":"ImageObject","inLanguage":"en-GB","@id":"https:\/\/spinalcode.in.rs\/apartmani-varos\/#primaryimage","url":"https:\/\/spinalcode.in.rs\/wp-content\/uploads\/2024\/11\/apartmanivarosresponsive.webp","contentUrl":"https:\/\/spinalcode.in.rs\/wp-content\/uploads\/2024\/11\/apartmanivarosresponsive.webp"},{"@type":"BreadcrumbList","@id":"https:\/\/spinalcode.in.rs\/apartmani-varos\/#breadcrumb","itemListElement":[{"@type":"ListItem","position":1,"name":"Home","item":"https:\/\/spinalcode.in.rs\/"},{"@type":"ListItem","position":2,"name":"Apartmani Varo\u0161"}]},{"@type":"WebSite","@id":"https:\/\/spinalcode.in.rs\/#website","url":"https:\/\/spinalcode.in.rs\/","name":"Spinal Code","description":"Profesionalno.Moderno.Kreativno.","publisher":{"@id":"https:\/\/spinalcode.in.rs\/#organization"},"potentialAction":[{"@type":"SearchAction","target":{"@type":"EntryPoint","urlTemplate":"https:\/\/spinalcode.in.rs\/?s={search_term_string}"},"query-input":{"@type":"PropertyValueSpecification","valueRequired":true,"valueName":"search_term_string"}}],"inLanguage":"en-GB"},{"@type":"Organization","@id":"https:\/\/spinalcode.in.rs\/#organization","name":"Spinal Code","url":"https:\/\/spinalcode.in.rs\/","logo":{"@type":"ImageObject","inLanguage":"en-GB","@id":"https:\/\/spinalcode.in.rs\/#\/schema\/logo\/image\/","url":"https:\/\/spinalcode.in.rs\/wp-content\/uploads\/2024\/02\/sclogonoviprovucen200i.png","contentUrl":"https:\/\/spinalcode.in.rs\/wp-content\/uploads\/2024\/02\/sclogonoviprovucen200i.png","width":200,"height":200,"caption":"Spinal Code"},"image":{"@id":"https:\/\/spinalcode.in.rs\/#\/schema\/logo\/image\/"},"sameAs":["https:\/\/www.facebook.com\/spinal.code9","https:\/\/www.instagram.com\/spinal.code.rs\/"]}]}},"_links":{"self":[{"href":"https:\/\/spinalcode.in.rs\/en\/wp-json\/wp\/v2\/pages\/3498","targetHints":{"allow":["GET"]}}],"collection":[{"href":"https:\/\/spinalcode.in.rs\/en\/wp-json\/wp\/v2\/pages"}],"about":[{"href":"https:\/\/spinalcode.in.rs\/en\/wp-json\/wp\/v2\/types\/page"}],"author":[{"embeddable":true,"href":"https:\/\/spinalcode.in.rs\/en\/wp-json\/wp\/v2\/users\/1"}],"replies":[{"embeddable":true,"href":"https:\/\/spinalcode.in.rs\/en\/wp-json\/wp\/v2\/comments?post=3498"}],"version-history":[{"count":13,"href":"https:\/\/spinalcode.in.rs\/en\/wp-json\/wp\/v2\/pages\/3498\/revisions"}],"predecessor-version":[{"id":3610,"href":"https:\/\/spinalcode.in.rs\/en\/wp-json\/wp\/v2\/pages\/3498\/revisions\/3610"}],"wp:attachment":[{"href":"https:\/\/spinalcode.in.rs\/en\/wp-json\/wp\/v2\/media?parent=3498"}],"curies":[{"name":"wp","href":"https:\/\/api.w.org\/{rel}","templated":true}]}}