{"id":3549,"date":"2025-11-07T14:08:22","date_gmt":"2025-11-07T14:08:22","guid":{"rendered":"https:\/\/spinalcode.in.rs\/?page_id=3549"},"modified":"2025-11-07T15:20:56","modified_gmt":"2025-11-07T15:20:56","slug":"anchor-point-hrc","status":"publish","type":"page","link":"https:\/\/spinalcode.in.rs\/en\/anchor-point-hrc\/","title":{"rendered":"Anchor Point HRC"},"content":{"rendered":"\t\t<div data-elementor-type=\"wp-page\" data-elementor-id=\"3549\" class=\"elementor elementor-3549\">\n\t\t\t\t<div class=\"elementor-element elementor-element-cc7ccff e-con-full e-flex e-con e-parent\" data-id=\"cc7ccff\" data-element_type=\"container\" data-e-type=\"container\">\n\t\t\t\t<div class=\"elementor-element elementor-element-c8de5ac elementor-widget elementor-widget-image\" data-id=\"c8de5ac\" data-element_type=\"widget\" data-e-type=\"widget\" data-widget_type=\"image.default\">\n\t\t\t\t<div class=\"elementor-widget-container\">\n\t\t\t\t\t\t\t\t\t\t\t\t\t\t\t\t<a href=\"https:\/\/anchorpointhrc.com\/\">\n\t\t\t\t\t\t\t<img fetchpriority=\"high\" decoding=\"async\" width=\"1366\" height=\"820\" src=\"https:\/\/spinalcode.in.rs\/wp-content\/uploads\/2025\/11\/anchorpoint.webp\" class=\"attachment-full size-full wp-image-3551\" alt=\"Spinal Code - Anchor Point HRC\" srcset=\"https:\/\/spinalcode.in.rs\/wp-content\/uploads\/2025\/11\/anchorpoint.webp 1366w, https:\/\/spinalcode.in.rs\/wp-content\/uploads\/2025\/11\/anchorpoint-300x180.webp 300w, https:\/\/spinalcode.in.rs\/wp-content\/uploads\/2025\/11\/anchorpoint-1024x615.webp 1024w, https:\/\/spinalcode.in.rs\/wp-content\/uploads\/2025\/11\/anchorpoint-768x461.webp 768w, https:\/\/spinalcode.in.rs\/wp-content\/uploads\/2025\/11\/anchorpoint-18x12.webp 18w\" sizes=\"(max-width: 1366px) 100vw, 1366px\" \/>\t\t\t\t\t\t\t\t<\/a>\n\t\t\t\t\t\t\t\t\t\t\t\t\t\t\t<\/div>\n\t\t\t\t<\/div>\n\t\t\t\t<\/div>\n\t\t<div class=\"elementor-element elementor-element-82ba462 e-flex e-con-boxed e-con e-parent\" data-id=\"82ba462\" data-element_type=\"container\" data-e-type=\"container\">\n\t\t\t\t\t<div class=\"e-con-inner\">\n\t\t<div class=\"elementor-element elementor-element-42d19fe e-flex e-con-boxed e-con e-child\" data-id=\"42d19fe\" data-element_type=\"container\" data-e-type=\"container\">\n\t\t\t\t\t<div class=\"e-con-inner\">\n\t\t\t\t<div class=\"elementor-element elementor-element-127b2ba elementor-widget elementor-widget-heading\" data-id=\"127b2ba\" data-element_type=\"widget\" data-e-type=\"widget\" data-widget_type=\"heading.default\">\n\t\t\t\t<div class=\"elementor-widget-container\">\n\t\t\t\t\t<h1 class=\"elementor-heading-title elementor-size-default\"><a href=\"https:\/\/apartmanivaros.com\/\">Anchor Point HRC<\/a><\/h1>\t\t\t\t<\/div>\n\t\t\t\t<\/div>\n\t\t\t\t<div class=\"elementor-element elementor-element-bebaf7d elementor-widget elementor-widget-text-editor\" data-id=\"bebaf7d\" data-element_type=\"widget\" data-e-type=\"widget\" data-widget_type=\"text-editor.default\">\n\t\t\t\t<div class=\"elementor-widget-container\">\n\t\t\t\t\t\t\t\t\t<p data-start=\"1154\" data-end=\"1386\"><strong data-start=\"1154\" data-end=\"1206\">Veb sajt za HR konsultantsku firmu &#8211; Kanzas, SAD<\/strong><br data-start=\"1206\" data-end=\"1209\" \/>Ovaj projekat ura\u0111en je za firmu iz Kanzasa koja se bavi HR konsaltingom, a na \u010dijem je \u010delu biv\u0161i ratni veteran sa bogatim iskustvom u ljudskim resursima i razvoju liderstva.<\/p><p data-start=\"1388\" data-end=\"1611\">Sajt je ura\u0111en na engleskom jeziku, moderan je, pregledan i jednostavan za navigaciju. Na zahtev klijenta, uklju\u010dene su brojne animacije koje doprinose dinamici dizajna, ali bez naru\u0161avanja preglednosti i funkcionalnosti.<\/p><p data-start=\"1613\" data-end=\"1730\">Krajnji rezultat je profesionalan i vizuelno dopadljiv sajt koji odra\u017eava poverenje, stru\u010dnost i vrednosti kompanije.<\/p>\t\t\t\t\t\t\t\t<\/div>\n\t\t\t\t<\/div>\n\t\t\t\t\t<\/div>\n\t\t\t\t<\/div>\n\t\t<div class=\"elementor-element elementor-element-e762609 e-flex e-con-boxed e-con e-child\" data-id=\"e762609\" data-element_type=\"container\" data-e-type=\"container\" data-settings=\"{&quot;background_background&quot;:&quot;slideshow&quot;,&quot;background_slideshow_gallery&quot;:[{&quot;id&quot;:3553,&quot;url&quot;:&quot;https:\\\/\\\/spinalcode.in.rs\\\/wp-content\\\/uploads\\\/2025\\\/11\\\/1.webp&quot;},{&quot;id&quot;:3554,&quot;url&quot;:&quot;https:\\\/\\\/spinalcode.in.rs\\\/wp-content\\\/uploads\\\/2025\\\/11\\\/2.webp&quot;},{&quot;id&quot;:3555,&quot;url&quot;:&quot;https:\\\/\\\/spinalcode.in.rs\\\/wp-content\\\/uploads\\\/2025\\\/11\\\/3.webp&quot;},{&quot;id&quot;:3556,&quot;url&quot;:&quot;https:\\\/\\\/spinalcode.in.rs\\\/wp-content\\\/uploads\\\/2025\\\/11\\\/4.webp&quot;},{&quot;id&quot;:3557,&quot;url&quot;:&quot;https:\\\/\\\/spinalcode.in.rs\\\/wp-content\\\/uploads\\\/2025\\\/11\\\/5.webp&quot;},{&quot;id&quot;:3558,&quot;url&quot;:&quot;https:\\\/\\\/spinalcode.in.rs\\\/wp-content\\\/uploads\\\/2025\\\/11\\\/6.webp&quot;},{&quot;id&quot;:3559,&quot;url&quot;:&quot;https:\\\/\\\/spinalcode.in.rs\\\/wp-content\\\/uploads\\\/2025\\\/11\\\/7.webp&quot;}],&quot;background_slideshow_loop&quot;:&quot;yes&quot;,&quot;background_slideshow_slide_duration&quot;:5000,&quot;background_slideshow_slide_transition&quot;:&quot;fade&quot;,&quot;background_slideshow_transition_duration&quot;:500}\">\n\t\t\t\t\t<div class=\"e-con-inner\">\n\t\t\t\t\t<\/div>\n\t\t\t\t<\/div>\n\t\t\t\t\t<\/div>\n\t\t\t\t<\/div>\n\t\t\t\t<\/div>\n\t\t","protected":false},"excerpt":{"rendered":"<p>Anchor Point HRC Veb sajt za HR konsultantsku firmu &#8211; Kanzas, SADOvaj projekat ura\u0111en je za firmu iz Kanzasa koja se bavi HR konsaltingom, a na \u010dijem je \u010delu biv\u0161i ratni veteran sa bogatim iskustvom u ljudskim resursima i razvoju liderstva. Sajt je ura\u0111en na engleskom jeziku, moderan je, pregledan i jednostavan za navigaciju. Na [&hellip;]<\/p>\n","protected":false},"author":1,"featured_media":0,"parent":0,"menu_order":0,"comment_status":"closed","ping_status":"closed","template":"","meta":{"footnotes":""},"class_list":["post-3549","page","type-page","status-publish","hentry"],"blocksy_meta":{"has_hero_section":"disabled","vertical_spacing_source":"custom","content_area_spacing":"none","styles_descriptor":{"styles":{"desktop":"","tablet":"","mobile":""},"google_fonts":[],"version":6}},"yoast_head":"<!-- This site is optimized with the Yoast SEO plugin v27.4 - https:\/\/yoast.com\/product\/yoast-seo-wordpress\/ -->\n<title>Anchor Point HRC | Profesionalno.Moderno.Kreativno.<\/title>\n<meta name=\"robots\" content=\"index, follow, max-snippet:-1, max-image-preview:large, max-video-preview:-1\" \/>\n<link rel=\"canonical\" href=\"https:\/\/spinalcode.in.rs\/en\/anchor-point-hrc\/\" \/>\n<meta property=\"og:locale\" content=\"en_GB\" \/>\n<meta property=\"og:type\" content=\"article\" \/>\n<meta property=\"og:title\" content=\"Anchor Point HRC | Profesionalno.Moderno.Kreativno.\" \/>\n<meta property=\"og:description\" content=\"Anchor Point HRC Veb sajt za HR konsultantsku firmu &#8211; Kanzas, SADOvaj projekat ura\u0111en je za firmu iz Kanzasa koja se bavi HR konsaltingom, a na \u010dijem je \u010delu biv\u0161i ratni veteran sa bogatim iskustvom u ljudskim resursima i razvoju liderstva. Sajt je ura\u0111en na engleskom jeziku, moderan je, pregledan i jednostavan za navigaciju. Na [&hellip;]\" \/>\n<meta property=\"og:url\" content=\"https:\/\/spinalcode.in.rs\/en\/anchor-point-hrc\/\" \/>\n<meta property=\"og:site_name\" content=\"Spinal Code\" \/>\n<meta property=\"article:publisher\" content=\"https:\/\/www.facebook.com\/spinal.code9\" \/>\n<meta property=\"article:modified_time\" content=\"2025-11-07T15:20:56+00:00\" \/>\n<meta property=\"og:image\" content=\"https:\/\/spinalcode.in.rs\/wp-content\/uploads\/2025\/11\/anchorpoint.webp\" \/>\n\t<meta property=\"og:image:width\" content=\"1366\" \/>\n\t<meta property=\"og:image:height\" content=\"820\" \/>\n\t<meta property=\"og:image:type\" content=\"image\/webp\" \/>\n<meta name=\"twitter:card\" content=\"summary_large_image\" \/>\n<meta name=\"twitter:label1\" content=\"Estimated reading time\" \/>\n\t<meta name=\"twitter:data1\" content=\"1 minute\" \/>\n<script type=\"application\/ld+json\" class=\"yoast-schema-graph\">{\"@context\":\"https:\\\/\\\/schema.org\",\"@graph\":[{\"@type\":\"WebPage\",\"@id\":\"https:\\\/\\\/spinalcode.in.rs\\\/anchor-point-hrc\\\/\",\"url\":\"https:\\\/\\\/spinalcode.in.rs\\\/anchor-point-hrc\\\/\",\"name\":\"Anchor Point HRC | Profesionalno.Moderno.Kreativno.\",\"isPartOf\":{\"@id\":\"https:\\\/\\\/spinalcode.in.rs\\\/#website\"},\"primaryImageOfPage\":{\"@id\":\"https:\\\/\\\/spinalcode.in.rs\\\/anchor-point-hrc\\\/#primaryimage\"},\"image\":{\"@id\":\"https:\\\/\\\/spinalcode.in.rs\\\/anchor-point-hrc\\\/#primaryimage\"},\"thumbnailUrl\":\"https:\\\/\\\/spinalcode.in.rs\\\/wp-content\\\/uploads\\\/2025\\\/11\\\/anchorpoint.webp\",\"datePublished\":\"2025-11-07T14:08:22+00:00\",\"dateModified\":\"2025-11-07T15:20:56+00:00\",\"breadcrumb\":{\"@id\":\"https:\\\/\\\/spinalcode.in.rs\\\/anchor-point-hrc\\\/#breadcrumb\"},\"inLanguage\":\"en-GB\",\"potentialAction\":[{\"@type\":\"ReadAction\",\"target\":[\"https:\\\/\\\/spinalcode.in.rs\\\/anchor-point-hrc\\\/\"]}]},{\"@type\":\"ImageObject\",\"inLanguage\":\"en-GB\",\"@id\":\"https:\\\/\\\/spinalcode.in.rs\\\/anchor-point-hrc\\\/#primaryimage\",\"url\":\"https:\\\/\\\/spinalcode.in.rs\\\/wp-content\\\/uploads\\\/2025\\\/11\\\/anchorpoint.webp\",\"contentUrl\":\"https:\\\/\\\/spinalcode.in.rs\\\/wp-content\\\/uploads\\\/2025\\\/11\\\/anchorpoint.webp\"},{\"@type\":\"BreadcrumbList\",\"@id\":\"https:\\\/\\\/spinalcode.in.rs\\\/anchor-point-hrc\\\/#breadcrumb\",\"itemListElement\":[{\"@type\":\"ListItem\",\"position\":1,\"name\":\"Home\",\"item\":\"https:\\\/\\\/spinalcode.in.rs\\\/\"},{\"@type\":\"ListItem\",\"position\":2,\"name\":\"Anchor Point HRC\"}]},{\"@type\":\"WebSite\",\"@id\":\"https:\\\/\\\/spinalcode.in.rs\\\/#website\",\"url\":\"https:\\\/\\\/spinalcode.in.rs\\\/\",\"name\":\"Spinal Code\",\"description\":\"Profesionalno.Moderno.Kreativno.\",\"publisher\":{\"@id\":\"https:\\\/\\\/spinalcode.in.rs\\\/#organization\"},\"potentialAction\":[{\"@type\":\"SearchAction\",\"target\":{\"@type\":\"EntryPoint\",\"urlTemplate\":\"https:\\\/\\\/spinalcode.in.rs\\\/?s={search_term_string}\"},\"query-input\":{\"@type\":\"PropertyValueSpecification\",\"valueRequired\":true,\"valueName\":\"search_term_string\"}}],\"inLanguage\":\"en-GB\"},{\"@type\":\"Organization\",\"@id\":\"https:\\\/\\\/spinalcode.in.rs\\\/#organization\",\"name\":\"Spinal Code\",\"url\":\"https:\\\/\\\/spinalcode.in.rs\\\/\",\"logo\":{\"@type\":\"ImageObject\",\"inLanguage\":\"en-GB\",\"@id\":\"https:\\\/\\\/spinalcode.in.rs\\\/#\\\/schema\\\/logo\\\/image\\\/\",\"url\":\"https:\\\/\\\/spinalcode.in.rs\\\/wp-content\\\/uploads\\\/2024\\\/02\\\/sclogonoviprovucen200i.png\",\"contentUrl\":\"https:\\\/\\\/spinalcode.in.rs\\\/wp-content\\\/uploads\\\/2024\\\/02\\\/sclogonoviprovucen200i.png\",\"width\":200,\"height\":200,\"caption\":\"Spinal Code\"},\"image\":{\"@id\":\"https:\\\/\\\/spinalcode.in.rs\\\/#\\\/schema\\\/logo\\\/image\\\/\"},\"sameAs\":[\"https:\\\/\\\/www.facebook.com\\\/spinal.code9\",\"https:\\\/\\\/www.instagram.com\\\/spinal.code.rs\\\/\"]}]}<\/script>\n<!-- \/ Yoast SEO plugin. -->","yoast_head_json":{"title":"Anchor Point HRC | Profesionalno.Moderno.Kreativno.","robots":{"index":"index","follow":"follow","max-snippet":"max-snippet:-1","max-image-preview":"max-image-preview:large","max-video-preview":"max-video-preview:-1"},"canonical":"https:\/\/spinalcode.in.rs\/en\/anchor-point-hrc\/","og_locale":"en_GB","og_type":"article","og_title":"Anchor Point HRC | Profesionalno.Moderno.Kreativno.","og_description":"Anchor Point HRC Veb sajt za HR konsultantsku firmu &#8211; Kanzas, SADOvaj projekat ura\u0111en je za firmu iz Kanzasa koja se bavi HR konsaltingom, a na \u010dijem je \u010delu biv\u0161i ratni veteran sa bogatim iskustvom u ljudskim resursima i razvoju liderstva. Sajt je ura\u0111en na engleskom jeziku, moderan je, pregledan i jednostavan za navigaciju. Na [&hellip;]","og_url":"https:\/\/spinalcode.in.rs\/en\/anchor-point-hrc\/","og_site_name":"Spinal Code","article_publisher":"https:\/\/www.facebook.com\/spinal.code9","article_modified_time":"2025-11-07T15:20:56+00:00","og_image":[{"width":1366,"height":820,"url":"https:\/\/spinalcode.in.rs\/wp-content\/uploads\/2025\/11\/anchorpoint.webp","type":"image\/webp"}],"twitter_card":"summary_large_image","twitter_misc":{"Estimated reading time":"1 minute"},"schema":{"@context":"https:\/\/schema.org","@graph":[{"@type":"WebPage","@id":"https:\/\/spinalcode.in.rs\/anchor-point-hrc\/","url":"https:\/\/spinalcode.in.rs\/anchor-point-hrc\/","name":"Anchor Point HRC | Profesionalno.Moderno.Kreativno.","isPartOf":{"@id":"https:\/\/spinalcode.in.rs\/#website"},"primaryImageOfPage":{"@id":"https:\/\/spinalcode.in.rs\/anchor-point-hrc\/#primaryimage"},"image":{"@id":"https:\/\/spinalcode.in.rs\/anchor-point-hrc\/#primaryimage"},"thumbnailUrl":"https:\/\/spinalcode.in.rs\/wp-content\/uploads\/2025\/11\/anchorpoint.webp","datePublished":"2025-11-07T14:08:22+00:00","dateModified":"2025-11-07T15:20:56+00:00","breadcrumb":{"@id":"https:\/\/spinalcode.in.rs\/anchor-point-hrc\/#breadcrumb"},"inLanguage":"en-GB","potentialAction":[{"@type":"ReadAction","target":["https:\/\/spinalcode.in.rs\/anchor-point-hrc\/"]}]},{"@type":"ImageObject","inLanguage":"en-GB","@id":"https:\/\/spinalcode.in.rs\/anchor-point-hrc\/#primaryimage","url":"https:\/\/spinalcode.in.rs\/wp-content\/uploads\/2025\/11\/anchorpoint.webp","contentUrl":"https:\/\/spinalcode.in.rs\/wp-content\/uploads\/2025\/11\/anchorpoint.webp"},{"@type":"BreadcrumbList","@id":"https:\/\/spinalcode.in.rs\/anchor-point-hrc\/#breadcrumb","itemListElement":[{"@type":"ListItem","position":1,"name":"Home","item":"https:\/\/spinalcode.in.rs\/"},{"@type":"ListItem","position":2,"name":"Anchor Point HRC"}]},{"@type":"WebSite","@id":"https:\/\/spinalcode.in.rs\/#website","url":"https:\/\/spinalcode.in.rs\/","name":"Spinal Code","description":"Profesionalno.Moderno.Kreativno.","publisher":{"@id":"https:\/\/spinalcode.in.rs\/#organization"},"potentialAction":[{"@type":"SearchAction","target":{"@type":"EntryPoint","urlTemplate":"https:\/\/spinalcode.in.rs\/?s={search_term_string}"},"query-input":{"@type":"PropertyValueSpecification","valueRequired":true,"valueName":"search_term_string"}}],"inLanguage":"en-GB"},{"@type":"Organization","@id":"https:\/\/spinalcode.in.rs\/#organization","name":"Spinal Code","url":"https:\/\/spinalcode.in.rs\/","logo":{"@type":"ImageObject","inLanguage":"en-GB","@id":"https:\/\/spinalcode.in.rs\/#\/schema\/logo\/image\/","url":"https:\/\/spinalcode.in.rs\/wp-content\/uploads\/2024\/02\/sclogonoviprovucen200i.png","contentUrl":"https:\/\/spinalcode.in.rs\/wp-content\/uploads\/2024\/02\/sclogonoviprovucen200i.png","width":200,"height":200,"caption":"Spinal Code"},"image":{"@id":"https:\/\/spinalcode.in.rs\/#\/schema\/logo\/image\/"},"sameAs":["https:\/\/www.facebook.com\/spinal.code9","https:\/\/www.instagram.com\/spinal.code.rs\/"]}]}},"_links":{"self":[{"href":"https:\/\/spinalcode.in.rs\/en\/wp-json\/wp\/v2\/pages\/3549","targetHints":{"allow":["GET"]}}],"collection":[{"href":"https:\/\/spinalcode.in.rs\/en\/wp-json\/wp\/v2\/pages"}],"about":[{"href":"https:\/\/spinalcode.in.rs\/en\/wp-json\/wp\/v2\/types\/page"}],"author":[{"embeddable":true,"href":"https:\/\/spinalcode.in.rs\/en\/wp-json\/wp\/v2\/users\/1"}],"replies":[{"embeddable":true,"href":"https:\/\/spinalcode.in.rs\/en\/wp-json\/wp\/v2\/comments?post=3549"}],"version-history":[{"count":10,"href":"https:\/\/spinalcode.in.rs\/en\/wp-json\/wp\/v2\/pages\/3549\/revisions"}],"predecessor-version":[{"id":3621,"href":"https:\/\/spinalcode.in.rs\/en\/wp-json\/wp\/v2\/pages\/3549\/revisions\/3621"}],"wp:attachment":[{"href":"https:\/\/spinalcode.in.rs\/en\/wp-json\/wp\/v2\/media?parent=3549"}],"curies":[{"name":"wp","href":"https:\/\/api.w.org\/{rel}","templated":true}]}}