{"id":3581,"date":"2025-11-07T14:45:58","date_gmt":"2025-11-07T14:45:58","guid":{"rendered":"https:\/\/spinalcode.in.rs\/?page_id=3581"},"modified":"2025-11-07T14:59:02","modified_gmt":"2025-11-07T14:59:02","slug":"remont-auto","status":"publish","type":"page","link":"https:\/\/spinalcode.in.rs\/en\/remont-auto\/","title":{"rendered":"Remont Auto"},"content":{"rendered":"\t\t<div data-elementor-type=\"wp-page\" data-elementor-id=\"3581\" class=\"elementor elementor-3581\">\n\t\t\t\t<div class=\"elementor-element elementor-element-f132b22 e-flex e-con-boxed e-con e-parent\" data-id=\"f132b22\" data-element_type=\"container\" data-e-type=\"container\">\n\t\t\t\t\t<div class=\"e-con-inner\">\n\t\t\t\t<div class=\"elementor-element elementor-element-a147f35 elementor-widget elementor-widget-image\" data-id=\"a147f35\" data-element_type=\"widget\" data-e-type=\"widget\" data-widget_type=\"image.default\">\n\t\t\t\t<div class=\"elementor-widget-container\">\n\t\t\t\t\t\t\t\t\t\t\t\t\t\t\t\t<a href=\"https:\/\/remontauto.rs\/\">\n\t\t\t\t\t\t\t<img fetchpriority=\"high\" decoding=\"async\" width=\"1366\" height=\"820\" src=\"https:\/\/spinalcode.in.rs\/wp-content\/uploads\/2025\/11\/remontresponsive.webp\" class=\"attachment-full size-full wp-image-3583\" alt=\"Spinal Code - Remont Auto\" srcset=\"https:\/\/spinalcode.in.rs\/wp-content\/uploads\/2025\/11\/remontresponsive.webp 1366w, https:\/\/spinalcode.in.rs\/wp-content\/uploads\/2025\/11\/remontresponsive-300x180.webp 300w, https:\/\/spinalcode.in.rs\/wp-content\/uploads\/2025\/11\/remontresponsive-1024x615.webp 1024w, https:\/\/spinalcode.in.rs\/wp-content\/uploads\/2025\/11\/remontresponsive-768x461.webp 768w, https:\/\/spinalcode.in.rs\/wp-content\/uploads\/2025\/11\/remontresponsive-18x12.webp 18w\" sizes=\"(max-width: 1366px) 100vw, 1366px\" \/>\t\t\t\t\t\t\t\t<\/a>\n\t\t\t\t\t\t\t\t\t\t\t\t\t\t\t<\/div>\n\t\t\t\t<\/div>\n\t\t\t\t\t<\/div>\n\t\t\t\t<\/div>\n\t\t<div class=\"elementor-element elementor-element-7237a21 e-flex e-con-boxed e-con e-parent\" data-id=\"7237a21\" data-element_type=\"container\" data-e-type=\"container\">\n\t\t\t\t\t<div class=\"e-con-inner\">\n\t\t<div class=\"elementor-element elementor-element-162699d e-flex e-con-boxed e-con e-child\" data-id=\"162699d\" data-element_type=\"container\" data-e-type=\"container\">\n\t\t\t\t\t<div class=\"e-con-inner\">\n\t\t\t\t<div class=\"elementor-element elementor-element-fa9c5d3 elementor-widget elementor-widget-heading\" data-id=\"fa9c5d3\" data-element_type=\"widget\" data-e-type=\"widget\" data-widget_type=\"heading.default\">\n\t\t\t\t<div class=\"elementor-widget-container\">\n\t\t\t\t\t<h1 class=\"elementor-heading-title elementor-size-default\"><a href=\"https:\/\/apartmanivaros.com\/\">Tehni\u010dki pregled Remont Auto<\/a><\/h1>\t\t\t\t<\/div>\n\t\t\t\t<\/div>\n\t\t\t\t<div class=\"elementor-element elementor-element-383a3ba elementor-widget elementor-widget-text-editor\" data-id=\"383a3ba\" data-element_type=\"widget\" data-e-type=\"widget\" data-widget_type=\"text-editor.default\">\n\t\t\t\t<div class=\"elementor-widget-container\">\n\t\t\t\t\t\t\t\t\t<article class=\"text-token-text-primary w-full focus:outline-none [--shadow-height:45px] has-data-writing-block:pointer-events-none has-data-writing-block:-mt-(--shadow-height) has-data-writing-block:pt-(--shadow-height) [&amp;:has([data-writing-block])&gt;*]:pointer-events-auto [content-visibility:auto] supports-[content-visibility:auto]:[contain-intrinsic-size:auto_100lvh] scroll-mt-[calc(var(--header-height)+min(200px,max(70px,20svh)))]\" dir=\"auto\" tabindex=\"-1\" data-turn-id=\"request-WEB:0a334d80-9fed-4a6b-8ab5-4e83fc83bac3-3\" data-testid=\"conversation-turn-8\" data-scroll-anchor=\"true\" data-turn=\"assistant\"><div class=\"text-base my-auto mx-auto pb-10 [--thread-content-margin:--spacing(4)] thread-sm:[--thread-content-margin:--spacing(6)] thread-lg:[--thread-content-margin:--spacing(16)] px-(--thread-content-margin)\"><div class=\"[--thread-content-max-width:40rem] thread-lg:[--thread-content-max-width:48rem] mx-auto max-w-(--thread-content-max-width) flex-1 group\/turn-messages focus-visible:outline-hidden relative flex w-full min-w-0 flex-col agent-turn\" tabindex=\"-1\"><div class=\"flex max-w-full flex-col grow\"><div class=\"min-h-8 text-message relative flex w-full flex-col items-end gap-2 text-start break-words whitespace-normal [.text-message+&amp;]:mt-1\" dir=\"auto\" data-message-author-role=\"assistant\" data-message-id=\"d431a583-91bd-4b7a-977f-fc93f9603aab\" data-message-model-slug=\"gpt-5\"><div class=\"flex w-full flex-col gap-1 empty:hidden first:pt-[1px]\"><div class=\"markdown prose dark:prose-invert w-full break-words light markdown-new-styling\"><p data-start=\"0\" data-end=\"426\">Ovaj projekat ura\u0111en je za firmu Remont Auto iz Pirota, koja pru\u017ea profesionalne usluge tehni\u010dkog pregleda i registracije vozila. Firma je osnovana 2021. godine i nudi \u0161irok spektar usluga, uklju\u010duju\u0107i tehni\u010dki pregled, registraciju, osiguranje, ispitivanje vozila iz uvoza, atest plina, zatamnjivanje stakala, zeleni karton, prenos vozila i putni\u010dko zdravstveno osiguranje.<\/p><p data-start=\"428\" data-end=\"654\">Veb sajt je moderan, pregledan i jednostavan za kori\u0161\u0107enje, sa jasno istaknutim informacijama o svim uslugama. Dizajn je prilago\u0111en korisnicima, sa akcentom na profesionalnost, pouzdanost i jednostavnost zakazivanja termina.<\/p><p data-start=\"656\" data-end=\"820\" data-is-last-node=\"\" data-is-only-node=\"\">Krajnji rezultat je funkcionalan i vizuelno dopadljiv sajt koji verno odra\u017eava vrednosti firme Remont Auto &#8211; poverenje, stru\u010dnost i posve\u0107enost svakom klijentu.<\/p><\/div><\/div><\/div><\/div><div class=\"z-0 flex min-h-[46px] justify-start\">\u00a0<\/div><div class=\"mt-3 w-full empty:hidden\"><div class=\"text-center\">\u00a0<\/div><\/div><\/div><\/div><\/article><div class=\"pointer-events-none h-px w-px\" aria-hidden=\"true\" data-edge=\"true\">\u00a0<\/div>\t\t\t\t\t\t\t\t<\/div>\n\t\t\t\t<\/div>\n\t\t\t\t\t<\/div>\n\t\t\t\t<\/div>\n\t\t<div class=\"elementor-element elementor-element-57e4ef2 e-flex e-con-boxed e-con e-child\" data-id=\"57e4ef2\" data-element_type=\"container\" data-e-type=\"container\" data-settings=\"{&quot;background_background&quot;:&quot;classic&quot;}\">\n\t\t\t\t\t<div class=\"e-con-inner\">\n\t\t\t\t\t<\/div>\n\t\t\t\t<\/div>\n\t\t\t\t\t<\/div>\n\t\t\t\t<\/div>\n\t\t\t\t<\/div>\n\t\t","protected":false},"excerpt":{"rendered":"<p>Tehni\u010dki pregled Remont Auto Ovaj projekat ura\u0111en je za firmu Remont Auto iz Pirota, koja pru\u017ea profesionalne usluge tehni\u010dkog pregleda i registracije vozila. Firma je osnovana 2021. godine i nudi \u0161irok spektar usluga, uklju\u010duju\u0107i tehni\u010dki pregled, registraciju, osiguranje, ispitivanje vozila iz uvoza, atest plina, zatamnjivanje stakala, zeleni karton, prenos vozila i putni\u010dko zdravstveno osiguranje. Veb [&hellip;]<\/p>\n","protected":false},"author":1,"featured_media":0,"parent":0,"menu_order":0,"comment_status":"closed","ping_status":"closed","template":"","meta":{"footnotes":""},"class_list":["post-3581","page","type-page","status-publish","hentry"],"blocksy_meta":{"has_hero_section":"disabled","vertical_spacing_source":"custom","content_area_spacing":"none","styles_descriptor":{"styles":{"desktop":"","tablet":"","mobile":""},"google_fonts":[],"version":6}},"yoast_head":"<!-- This site is optimized with the Yoast SEO plugin v27.5 - https:\/\/yoast.com\/product\/yoast-seo-wordpress\/ -->\n<title>Remont Auto | Profesionalno.Moderno.Kreativno.<\/title>\n<meta name=\"robots\" content=\"index, follow, max-snippet:-1, max-image-preview:large, max-video-preview:-1\" \/>\n<link rel=\"canonical\" href=\"https:\/\/spinalcode.in.rs\/en\/remont-auto\/\" \/>\n<meta property=\"og:locale\" content=\"en_GB\" \/>\n<meta property=\"og:type\" content=\"article\" \/>\n<meta property=\"og:title\" content=\"Remont Auto | Profesionalno.Moderno.Kreativno.\" \/>\n<meta property=\"og:description\" content=\"Tehni\u010dki pregled Remont Auto Ovaj projekat ura\u0111en je za firmu Remont Auto iz Pirota, koja pru\u017ea profesionalne usluge tehni\u010dkog pregleda i registracije vozila. Firma je osnovana 2021. godine i nudi \u0161irok spektar usluga, uklju\u010duju\u0107i tehni\u010dki pregled, registraciju, osiguranje, ispitivanje vozila iz uvoza, atest plina, zatamnjivanje stakala, zeleni karton, prenos vozila i putni\u010dko zdravstveno osiguranje. Veb [&hellip;]\" \/>\n<meta property=\"og:url\" content=\"https:\/\/spinalcode.in.rs\/en\/remont-auto\/\" \/>\n<meta property=\"og:site_name\" content=\"Spinal Code\" \/>\n<meta property=\"article:publisher\" content=\"https:\/\/www.facebook.com\/spinal.code9\" \/>\n<meta property=\"article:modified_time\" content=\"2025-11-07T14:59:02+00:00\" \/>\n<meta property=\"og:image\" content=\"https:\/\/spinalcode.in.rs\/wp-content\/uploads\/2025\/11\/remontresponsive.webp\" \/>\n\t<meta property=\"og:image:width\" content=\"1366\" \/>\n\t<meta property=\"og:image:height\" content=\"820\" \/>\n\t<meta property=\"og:image:type\" content=\"image\/webp\" \/>\n<meta name=\"twitter:card\" content=\"summary_large_image\" \/>\n<meta name=\"twitter:label1\" content=\"Estimated reading time\" \/>\n\t<meta name=\"twitter:data1\" content=\"1 minute\" \/>\n<script type=\"application\/ld+json\" class=\"yoast-schema-graph\">{\"@context\":\"https:\\\/\\\/schema.org\",\"@graph\":[{\"@type\":\"WebPage\",\"@id\":\"https:\\\/\\\/spinalcode.in.rs\\\/remont-auto\\\/\",\"url\":\"https:\\\/\\\/spinalcode.in.rs\\\/remont-auto\\\/\",\"name\":\"Remont Auto | Profesionalno.Moderno.Kreativno.\",\"isPartOf\":{\"@id\":\"https:\\\/\\\/spinalcode.in.rs\\\/#website\"},\"primaryImageOfPage\":{\"@id\":\"https:\\\/\\\/spinalcode.in.rs\\\/remont-auto\\\/#primaryimage\"},\"image\":{\"@id\":\"https:\\\/\\\/spinalcode.in.rs\\\/remont-auto\\\/#primaryimage\"},\"thumbnailUrl\":\"https:\\\/\\\/spinalcode.in.rs\\\/wp-content\\\/uploads\\\/2025\\\/11\\\/remontresponsive.webp\",\"datePublished\":\"2025-11-07T14:45:58+00:00\",\"dateModified\":\"2025-11-07T14:59:02+00:00\",\"breadcrumb\":{\"@id\":\"https:\\\/\\\/spinalcode.in.rs\\\/remont-auto\\\/#breadcrumb\"},\"inLanguage\":\"en-GB\",\"potentialAction\":[{\"@type\":\"ReadAction\",\"target\":[\"https:\\\/\\\/spinalcode.in.rs\\\/remont-auto\\\/\"]}]},{\"@type\":\"ImageObject\",\"inLanguage\":\"en-GB\",\"@id\":\"https:\\\/\\\/spinalcode.in.rs\\\/remont-auto\\\/#primaryimage\",\"url\":\"https:\\\/\\\/spinalcode.in.rs\\\/wp-content\\\/uploads\\\/2025\\\/11\\\/remontresponsive.webp\",\"contentUrl\":\"https:\\\/\\\/spinalcode.in.rs\\\/wp-content\\\/uploads\\\/2025\\\/11\\\/remontresponsive.webp\"},{\"@type\":\"BreadcrumbList\",\"@id\":\"https:\\\/\\\/spinalcode.in.rs\\\/remont-auto\\\/#breadcrumb\",\"itemListElement\":[{\"@type\":\"ListItem\",\"position\":1,\"name\":\"Home\",\"item\":\"https:\\\/\\\/spinalcode.in.rs\\\/\"},{\"@type\":\"ListItem\",\"position\":2,\"name\":\"Remont Auto\"}]},{\"@type\":\"WebSite\",\"@id\":\"https:\\\/\\\/spinalcode.in.rs\\\/#website\",\"url\":\"https:\\\/\\\/spinalcode.in.rs\\\/\",\"name\":\"Spinal Code\",\"description\":\"Profesionalno.Moderno.Kreativno.\",\"publisher\":{\"@id\":\"https:\\\/\\\/spinalcode.in.rs\\\/#organization\"},\"potentialAction\":[{\"@type\":\"SearchAction\",\"target\":{\"@type\":\"EntryPoint\",\"urlTemplate\":\"https:\\\/\\\/spinalcode.in.rs\\\/?s={search_term_string}\"},\"query-input\":{\"@type\":\"PropertyValueSpecification\",\"valueRequired\":true,\"valueName\":\"search_term_string\"}}],\"inLanguage\":\"en-GB\"},{\"@type\":\"Organization\",\"@id\":\"https:\\\/\\\/spinalcode.in.rs\\\/#organization\",\"name\":\"Spinal Code\",\"url\":\"https:\\\/\\\/spinalcode.in.rs\\\/\",\"logo\":{\"@type\":\"ImageObject\",\"inLanguage\":\"en-GB\",\"@id\":\"https:\\\/\\\/spinalcode.in.rs\\\/#\\\/schema\\\/logo\\\/image\\\/\",\"url\":\"https:\\\/\\\/spinalcode.in.rs\\\/wp-content\\\/uploads\\\/2024\\\/02\\\/sclogonoviprovucen200i.png\",\"contentUrl\":\"https:\\\/\\\/spinalcode.in.rs\\\/wp-content\\\/uploads\\\/2024\\\/02\\\/sclogonoviprovucen200i.png\",\"width\":200,\"height\":200,\"caption\":\"Spinal Code\"},\"image\":{\"@id\":\"https:\\\/\\\/spinalcode.in.rs\\\/#\\\/schema\\\/logo\\\/image\\\/\"},\"sameAs\":[\"https:\\\/\\\/www.facebook.com\\\/spinal.code9\",\"https:\\\/\\\/www.instagram.com\\\/spinal.code.rs\\\/\"]}]}<\/script>\n<!-- \/ Yoast SEO plugin. -->","yoast_head_json":{"title":"Remont Auto | Profesionalno.Moderno.Kreativno.","robots":{"index":"index","follow":"follow","max-snippet":"max-snippet:-1","max-image-preview":"max-image-preview:large","max-video-preview":"max-video-preview:-1"},"canonical":"https:\/\/spinalcode.in.rs\/en\/remont-auto\/","og_locale":"en_GB","og_type":"article","og_title":"Remont Auto | Profesionalno.Moderno.Kreativno.","og_description":"Tehni\u010dki pregled Remont Auto Ovaj projekat ura\u0111en je za firmu Remont Auto iz Pirota, koja pru\u017ea profesionalne usluge tehni\u010dkog pregleda i registracije vozila. Firma je osnovana 2021. godine i nudi \u0161irok spektar usluga, uklju\u010duju\u0107i tehni\u010dki pregled, registraciju, osiguranje, ispitivanje vozila iz uvoza, atest plina, zatamnjivanje stakala, zeleni karton, prenos vozila i putni\u010dko zdravstveno osiguranje. Veb [&hellip;]","og_url":"https:\/\/spinalcode.in.rs\/en\/remont-auto\/","og_site_name":"Spinal Code","article_publisher":"https:\/\/www.facebook.com\/spinal.code9","article_modified_time":"2025-11-07T14:59:02+00:00","og_image":[{"width":1366,"height":820,"url":"https:\/\/spinalcode.in.rs\/wp-content\/uploads\/2025\/11\/remontresponsive.webp","type":"image\/webp"}],"twitter_card":"summary_large_image","twitter_misc":{"Estimated reading time":"1 minute"},"schema":{"@context":"https:\/\/schema.org","@graph":[{"@type":"WebPage","@id":"https:\/\/spinalcode.in.rs\/remont-auto\/","url":"https:\/\/spinalcode.in.rs\/remont-auto\/","name":"Remont Auto | Profesionalno.Moderno.Kreativno.","isPartOf":{"@id":"https:\/\/spinalcode.in.rs\/#website"},"primaryImageOfPage":{"@id":"https:\/\/spinalcode.in.rs\/remont-auto\/#primaryimage"},"image":{"@id":"https:\/\/spinalcode.in.rs\/remont-auto\/#primaryimage"},"thumbnailUrl":"https:\/\/spinalcode.in.rs\/wp-content\/uploads\/2025\/11\/remontresponsive.webp","datePublished":"2025-11-07T14:45:58+00:00","dateModified":"2025-11-07T14:59:02+00:00","breadcrumb":{"@id":"https:\/\/spinalcode.in.rs\/remont-auto\/#breadcrumb"},"inLanguage":"en-GB","potentialAction":[{"@type":"ReadAction","target":["https:\/\/spinalcode.in.rs\/remont-auto\/"]}]},{"@type":"ImageObject","inLanguage":"en-GB","@id":"https:\/\/spinalcode.in.rs\/remont-auto\/#primaryimage","url":"https:\/\/spinalcode.in.rs\/wp-content\/uploads\/2025\/11\/remontresponsive.webp","contentUrl":"https:\/\/spinalcode.in.rs\/wp-content\/uploads\/2025\/11\/remontresponsive.webp"},{"@type":"BreadcrumbList","@id":"https:\/\/spinalcode.in.rs\/remont-auto\/#breadcrumb","itemListElement":[{"@type":"ListItem","position":1,"name":"Home","item":"https:\/\/spinalcode.in.rs\/"},{"@type":"ListItem","position":2,"name":"Remont Auto"}]},{"@type":"WebSite","@id":"https:\/\/spinalcode.in.rs\/#website","url":"https:\/\/spinalcode.in.rs\/","name":"Spinal Code","description":"Profesionalno.Moderno.Kreativno.","publisher":{"@id":"https:\/\/spinalcode.in.rs\/#organization"},"potentialAction":[{"@type":"SearchAction","target":{"@type":"EntryPoint","urlTemplate":"https:\/\/spinalcode.in.rs\/?s={search_term_string}"},"query-input":{"@type":"PropertyValueSpecification","valueRequired":true,"valueName":"search_term_string"}}],"inLanguage":"en-GB"},{"@type":"Organization","@id":"https:\/\/spinalcode.in.rs\/#organization","name":"Spinal Code","url":"https:\/\/spinalcode.in.rs\/","logo":{"@type":"ImageObject","inLanguage":"en-GB","@id":"https:\/\/spinalcode.in.rs\/#\/schema\/logo\/image\/","url":"https:\/\/spinalcode.in.rs\/wp-content\/uploads\/2024\/02\/sclogonoviprovucen200i.png","contentUrl":"https:\/\/spinalcode.in.rs\/wp-content\/uploads\/2024\/02\/sclogonoviprovucen200i.png","width":200,"height":200,"caption":"Spinal Code"},"image":{"@id":"https:\/\/spinalcode.in.rs\/#\/schema\/logo\/image\/"},"sameAs":["https:\/\/www.facebook.com\/spinal.code9","https:\/\/www.instagram.com\/spinal.code.rs\/"]}]}},"_links":{"self":[{"href":"https:\/\/spinalcode.in.rs\/en\/wp-json\/wp\/v2\/pages\/3581","targetHints":{"allow":["GET"]}}],"collection":[{"href":"https:\/\/spinalcode.in.rs\/en\/wp-json\/wp\/v2\/pages"}],"about":[{"href":"https:\/\/spinalcode.in.rs\/en\/wp-json\/wp\/v2\/types\/page"}],"author":[{"embeddable":true,"href":"https:\/\/spinalcode.in.rs\/en\/wp-json\/wp\/v2\/users\/1"}],"replies":[{"embeddable":true,"href":"https:\/\/spinalcode.in.rs\/en\/wp-json\/wp\/v2\/comments?post=3581"}],"version-history":[{"count":10,"href":"https:\/\/spinalcode.in.rs\/en\/wp-json\/wp\/v2\/pages\/3581\/revisions"}],"predecessor-version":[{"id":3594,"href":"https:\/\/spinalcode.in.rs\/en\/wp-json\/wp\/v2\/pages\/3581\/revisions\/3594"}],"wp:attachment":[{"href":"https:\/\/spinalcode.in.rs\/en\/wp-json\/wp\/v2\/media?parent=3581"}],"curies":[{"name":"wp","href":"https:\/\/api.w.org\/{rel}","templated":true}]}}