{"id":3599,"date":"2025-11-07T15:05:19","date_gmt":"2025-11-07T15:05:19","guid":{"rendered":"https:\/\/spinalcode.in.rs\/?page_id=3599"},"modified":"2025-11-07T15:12:12","modified_gmt":"2025-11-07T15:12:12","slug":"axis-5","status":"publish","type":"page","link":"https:\/\/spinalcode.in.rs\/en\/axis-5\/","title":{"rendered":"Axis &#8211; 5"},"content":{"rendered":"<div data-elementor-type=\"wp-page\" data-elementor-id=\"3599\" class=\"elementor elementor-3599\">\n\t\t\t\t<div class=\"elementor-element elementor-element-5804195 e-con-full e-flex e-con e-parent\" data-id=\"5804195\" data-element_type=\"container\" data-e-type=\"container\">\n\t\t\t\t<div class=\"elementor-element elementor-element-0c7c2d0 elementor-widget elementor-widget-image\" data-id=\"0c7c2d0\" data-element_type=\"widget\" data-e-type=\"widget\" data-widget_type=\"image.default\">\n\t\t\t\t<div class=\"elementor-widget-container\">\n\t\t\t\t\t\t\t\t\t\t\t\t\t\t\t\t<a href=\"https:\/\/axis-5.rs\/\">\n\t\t\t\t\t\t\t<img fetchpriority=\"high\" decoding=\"async\" width=\"1366\" height=\"820\" src=\"https:\/\/spinalcode.in.rs\/wp-content\/uploads\/2025\/11\/axisresp.webp\" class=\"attachment-full size-full wp-image-3604\" alt=\"Spinal Code - Axis 5\" srcset=\"https:\/\/spinalcode.in.rs\/wp-content\/uploads\/2025\/11\/axisresp.webp 1366w, https:\/\/spinalcode.in.rs\/wp-content\/uploads\/2025\/11\/axisresp-300x180.webp 300w, https:\/\/spinalcode.in.rs\/wp-content\/uploads\/2025\/11\/axisresp-1024x615.webp 1024w, https:\/\/spinalcode.in.rs\/wp-content\/uploads\/2025\/11\/axisresp-768x461.webp 768w, https:\/\/spinalcode.in.rs\/wp-content\/uploads\/2025\/11\/axisresp-18x12.webp 18w\" sizes=\"(max-width: 1366px) 100vw, 1366px\" \/>\t\t\t\t\t\t\t\t<\/a>\n\t\t\t\t\t\t\t\t\t\t\t\t\t\t\t<\/div>\n\t\t\t\t<\/div>\n\t\t\t\t<\/div>\n\t\t<div class=\"elementor-element elementor-element-d607e06 e-flex e-con-boxed e-con e-parent\" data-id=\"d607e06\" data-element_type=\"container\" data-e-type=\"container\">\n\t\t\t\t\t<div class=\"e-con-inner\">\n\t\t<div class=\"elementor-element elementor-element-c1edb0e e-flex e-con-boxed e-con e-child\" data-id=\"c1edb0e\" data-element_type=\"container\" data-e-type=\"container\">\n\t\t\t\t\t<div class=\"e-con-inner\">\n\t\t\t\t<div class=\"elementor-element elementor-element-aa718b7 elementor-widget elementor-widget-heading\" data-id=\"aa718b7\" data-element_type=\"widget\" data-e-type=\"widget\" data-widget_type=\"heading.default\">\n\t\t\t\t<div class=\"elementor-widget-container\">\n\t\t\t\t\t<h1 class=\"elementor-heading-title elementor-size-default\"><a href=\"https:\/\/apartmanivaros.com\/\">Axis 5<\/a><\/h1>\t\t\t\t<\/div>\n\t\t\t\t<\/div>\n\t\t\t\t<div class=\"elementor-element elementor-element-04b6eed elementor-widget elementor-widget-text-editor\" data-id=\"04b6eed\" data-element_type=\"widget\" data-e-type=\"widget\" data-widget_type=\"text-editor.default\">\n\t\t\t\t<div class=\"elementor-widget-container\">\n\t\t\t\t\t\t\t\t\t<p data-start=\"163\" data-end=\"359\">This project was created for Axis 5, a company based in Serbia. The main goal was to design a modern, clean, and fast-loading website that provides users with easy navigation and a smooth browsing experience.<\/p><p data-start=\"361\" data-end=\"581\">The design focuses on clarity, simplicity, and contemporary aesthetics. The website is fully optimized for all devices, ensuring quick performance and a professional presentation.<\/p><p data-start=\"583\" data-end=\"695\">The final result is an elegant and efficient website that successfully represents the identity and values of Axis 5.<\/p>\t\t\t\t\t\t\t\t<\/div>\n\t\t\t\t<\/div>\n\t\t\t\t\t<\/div>\n\t\t\t\t<\/div>\n\t\t<div class=\"elementor-element elementor-element-90dd6e7 e-flex e-con-boxed e-con e-child\" data-id=\"90dd6e7\" data-element_type=\"container\" data-e-type=\"container\" data-settings=\"{&quot;background_background&quot;:&quot;classic&quot;}\">\n\t\t\t\t\t<div class=\"e-con-inner\">\n\t\t\t\t\t<\/div>\n\t\t\t\t<\/div>\n\t\t\t\t\t<\/div>\n\t\t\t\t<\/div>\n\t\t\t\t<\/div>","protected":false},"excerpt":{"rendered":"<p>Axis 5 Ovaj projekat ura\u0111en je za firmu Axis 5 iz Pirota. Fokus je bio na kreiranju modernog, preglednog i brzog veb sajta koji korisnicima omogu\u0107ava lako snala\u017eenje i prijatno iskustvo kori\u0161\u0107enja. Sajt je dizajniran sa naglaskom na jasno\u0107u, jednostavnu navigaciju i savremenu estetiku. Optimizovan je za sve ure\u0111aje i pru\u017ea brzo u\u010ditavanje stranica, \u010dime [&hellip;]<\/p>\n","protected":false},"author":1,"featured_media":0,"parent":0,"menu_order":0,"comment_status":"closed","ping_status":"closed","template":"","meta":{"footnotes":""},"class_list":["post-3599","page","type-page","status-publish","hentry"],"blocksy_meta":{"has_hero_section":"disabled","vertical_spacing_source":"custom","content_area_spacing":"none","styles_descriptor":{"styles":{"desktop":"","tablet":"","mobile":""},"google_fonts":[],"version":6}},"yoast_head":"<!-- This site is optimized with the Yoast SEO plugin v27.5 - https:\/\/yoast.com\/product\/yoast-seo-wordpress\/ -->\n<title>Axis - 5 | Profesionalno.Moderno.Kreativno.<\/title>\n<meta name=\"robots\" content=\"index, follow, max-snippet:-1, max-image-preview:large, max-video-preview:-1\" \/>\n<link rel=\"canonical\" href=\"https:\/\/spinalcode.in.rs\/en\/axis-5\/\" \/>\n<meta property=\"og:locale\" content=\"en_GB\" \/>\n<meta property=\"og:type\" content=\"article\" \/>\n<meta property=\"og:title\" content=\"Axis - 5 | Profesionalno.Moderno.Kreativno.\" \/>\n<meta property=\"og:description\" content=\"Axis 5 Ovaj projekat ura\u0111en je za firmu Axis 5 iz Pirota. Fokus je bio na kreiranju modernog, preglednog i brzog veb sajta koji korisnicima omogu\u0107ava lako snala\u017eenje i prijatno iskustvo kori\u0161\u0107enja. Sajt je dizajniran sa naglaskom na jasno\u0107u, jednostavnu navigaciju i savremenu estetiku. Optimizovan je za sve ure\u0111aje i pru\u017ea brzo u\u010ditavanje stranica, \u010dime [&hellip;]\" \/>\n<meta property=\"og:url\" content=\"https:\/\/spinalcode.in.rs\/en\/axis-5\/\" \/>\n<meta property=\"og:site_name\" content=\"Spinal Code\" \/>\n<meta property=\"article:publisher\" content=\"https:\/\/www.facebook.com\/spinal.code9\" \/>\n<meta property=\"article:modified_time\" content=\"2025-11-07T15:12:12+00:00\" \/>\n<meta property=\"og:image\" content=\"https:\/\/spinalcode.in.rs\/wp-content\/uploads\/2025\/11\/axisresp.webp\" \/>\n\t<meta property=\"og:image:width\" content=\"1366\" \/>\n\t<meta property=\"og:image:height\" content=\"820\" \/>\n\t<meta property=\"og:image:type\" content=\"image\/webp\" \/>\n<meta name=\"twitter:card\" content=\"summary_large_image\" \/>\n<meta name=\"twitter:label1\" content=\"Estimated reading time\" \/>\n\t<meta name=\"twitter:data1\" content=\"1 minute\" \/>\n<script type=\"application\/ld+json\" class=\"yoast-schema-graph\">{\"@context\":\"https:\\\/\\\/schema.org\",\"@graph\":[{\"@type\":\"WebPage\",\"@id\":\"https:\\\/\\\/spinalcode.in.rs\\\/axis-5\\\/\",\"url\":\"https:\\\/\\\/spinalcode.in.rs\\\/axis-5\\\/\",\"name\":\"Axis - 5 | Profesionalno.Moderno.Kreativno.\",\"isPartOf\":{\"@id\":\"https:\\\/\\\/spinalcode.in.rs\\\/#website\"},\"primaryImageOfPage\":{\"@id\":\"https:\\\/\\\/spinalcode.in.rs\\\/axis-5\\\/#primaryimage\"},\"image\":{\"@id\":\"https:\\\/\\\/spinalcode.in.rs\\\/axis-5\\\/#primaryimage\"},\"thumbnailUrl\":\"https:\\\/\\\/spinalcode.in.rs\\\/wp-content\\\/uploads\\\/2025\\\/11\\\/axisresp.webp\",\"datePublished\":\"2025-11-07T15:05:19+00:00\",\"dateModified\":\"2025-11-07T15:12:12+00:00\",\"breadcrumb\":{\"@id\":\"https:\\\/\\\/spinalcode.in.rs\\\/axis-5\\\/#breadcrumb\"},\"inLanguage\":\"en-GB\",\"potentialAction\":[{\"@type\":\"ReadAction\",\"target\":[\"https:\\\/\\\/spinalcode.in.rs\\\/axis-5\\\/\"]}]},{\"@type\":\"ImageObject\",\"inLanguage\":\"en-GB\",\"@id\":\"https:\\\/\\\/spinalcode.in.rs\\\/axis-5\\\/#primaryimage\",\"url\":\"https:\\\/\\\/spinalcode.in.rs\\\/wp-content\\\/uploads\\\/2025\\\/11\\\/axisresp.webp\",\"contentUrl\":\"https:\\\/\\\/spinalcode.in.rs\\\/wp-content\\\/uploads\\\/2025\\\/11\\\/axisresp.webp\"},{\"@type\":\"BreadcrumbList\",\"@id\":\"https:\\\/\\\/spinalcode.in.rs\\\/axis-5\\\/#breadcrumb\",\"itemListElement\":[{\"@type\":\"ListItem\",\"position\":1,\"name\":\"Home\",\"item\":\"https:\\\/\\\/spinalcode.in.rs\\\/\"},{\"@type\":\"ListItem\",\"position\":2,\"name\":\"Axis &#8211; 5\"}]},{\"@type\":\"WebSite\",\"@id\":\"https:\\\/\\\/spinalcode.in.rs\\\/#website\",\"url\":\"https:\\\/\\\/spinalcode.in.rs\\\/\",\"name\":\"Spinal Code\",\"description\":\"Profesionalno.Moderno.Kreativno.\",\"publisher\":{\"@id\":\"https:\\\/\\\/spinalcode.in.rs\\\/#organization\"},\"potentialAction\":[{\"@type\":\"SearchAction\",\"target\":{\"@type\":\"EntryPoint\",\"urlTemplate\":\"https:\\\/\\\/spinalcode.in.rs\\\/?s={search_term_string}\"},\"query-input\":{\"@type\":\"PropertyValueSpecification\",\"valueRequired\":true,\"valueName\":\"search_term_string\"}}],\"inLanguage\":\"en-GB\"},{\"@type\":\"Organization\",\"@id\":\"https:\\\/\\\/spinalcode.in.rs\\\/#organization\",\"name\":\"Spinal Code\",\"url\":\"https:\\\/\\\/spinalcode.in.rs\\\/\",\"logo\":{\"@type\":\"ImageObject\",\"inLanguage\":\"en-GB\",\"@id\":\"https:\\\/\\\/spinalcode.in.rs\\\/#\\\/schema\\\/logo\\\/image\\\/\",\"url\":\"https:\\\/\\\/spinalcode.in.rs\\\/wp-content\\\/uploads\\\/2024\\\/02\\\/sclogonoviprovucen200i.png\",\"contentUrl\":\"https:\\\/\\\/spinalcode.in.rs\\\/wp-content\\\/uploads\\\/2024\\\/02\\\/sclogonoviprovucen200i.png\",\"width\":200,\"height\":200,\"caption\":\"Spinal Code\"},\"image\":{\"@id\":\"https:\\\/\\\/spinalcode.in.rs\\\/#\\\/schema\\\/logo\\\/image\\\/\"},\"sameAs\":[\"https:\\\/\\\/www.facebook.com\\\/spinal.code9\",\"https:\\\/\\\/www.instagram.com\\\/spinal.code.rs\\\/\"]}]}<\/script>\n<!-- \/ Yoast SEO plugin. -->","yoast_head_json":{"title":"Axis - 5 | Profesionalno.Moderno.Kreativno.","robots":{"index":"index","follow":"follow","max-snippet":"max-snippet:-1","max-image-preview":"max-image-preview:large","max-video-preview":"max-video-preview:-1"},"canonical":"https:\/\/spinalcode.in.rs\/en\/axis-5\/","og_locale":"en_GB","og_type":"article","og_title":"Axis - 5 | Profesionalno.Moderno.Kreativno.","og_description":"Axis 5 Ovaj projekat ura\u0111en je za firmu Axis 5 iz Pirota. Fokus je bio na kreiranju modernog, preglednog i brzog veb sajta koji korisnicima omogu\u0107ava lako snala\u017eenje i prijatno iskustvo kori\u0161\u0107enja. Sajt je dizajniran sa naglaskom na jasno\u0107u, jednostavnu navigaciju i savremenu estetiku. Optimizovan je za sve ure\u0111aje i pru\u017ea brzo u\u010ditavanje stranica, \u010dime [&hellip;]","og_url":"https:\/\/spinalcode.in.rs\/en\/axis-5\/","og_site_name":"Spinal Code","article_publisher":"https:\/\/www.facebook.com\/spinal.code9","article_modified_time":"2025-11-07T15:12:12+00:00","og_image":[{"width":1366,"height":820,"url":"https:\/\/spinalcode.in.rs\/wp-content\/uploads\/2025\/11\/axisresp.webp","type":"image\/webp"}],"twitter_card":"summary_large_image","twitter_misc":{"Estimated reading time":"1 minute"},"schema":{"@context":"https:\/\/schema.org","@graph":[{"@type":"WebPage","@id":"https:\/\/spinalcode.in.rs\/axis-5\/","url":"https:\/\/spinalcode.in.rs\/axis-5\/","name":"Axis - 5 | Profesionalno.Moderno.Kreativno.","isPartOf":{"@id":"https:\/\/spinalcode.in.rs\/#website"},"primaryImageOfPage":{"@id":"https:\/\/spinalcode.in.rs\/axis-5\/#primaryimage"},"image":{"@id":"https:\/\/spinalcode.in.rs\/axis-5\/#primaryimage"},"thumbnailUrl":"https:\/\/spinalcode.in.rs\/wp-content\/uploads\/2025\/11\/axisresp.webp","datePublished":"2025-11-07T15:05:19+00:00","dateModified":"2025-11-07T15:12:12+00:00","breadcrumb":{"@id":"https:\/\/spinalcode.in.rs\/axis-5\/#breadcrumb"},"inLanguage":"en-GB","potentialAction":[{"@type":"ReadAction","target":["https:\/\/spinalcode.in.rs\/axis-5\/"]}]},{"@type":"ImageObject","inLanguage":"en-GB","@id":"https:\/\/spinalcode.in.rs\/axis-5\/#primaryimage","url":"https:\/\/spinalcode.in.rs\/wp-content\/uploads\/2025\/11\/axisresp.webp","contentUrl":"https:\/\/spinalcode.in.rs\/wp-content\/uploads\/2025\/11\/axisresp.webp"},{"@type":"BreadcrumbList","@id":"https:\/\/spinalcode.in.rs\/axis-5\/#breadcrumb","itemListElement":[{"@type":"ListItem","position":1,"name":"Home","item":"https:\/\/spinalcode.in.rs\/"},{"@type":"ListItem","position":2,"name":"Axis &#8211; 5"}]},{"@type":"WebSite","@id":"https:\/\/spinalcode.in.rs\/#website","url":"https:\/\/spinalcode.in.rs\/","name":"Spinal Code","description":"Profesionalno.Moderno.Kreativno.","publisher":{"@id":"https:\/\/spinalcode.in.rs\/#organization"},"potentialAction":[{"@type":"SearchAction","target":{"@type":"EntryPoint","urlTemplate":"https:\/\/spinalcode.in.rs\/?s={search_term_string}"},"query-input":{"@type":"PropertyValueSpecification","valueRequired":true,"valueName":"search_term_string"}}],"inLanguage":"en-GB"},{"@type":"Organization","@id":"https:\/\/spinalcode.in.rs\/#organization","name":"Spinal Code","url":"https:\/\/spinalcode.in.rs\/","logo":{"@type":"ImageObject","inLanguage":"en-GB","@id":"https:\/\/spinalcode.in.rs\/#\/schema\/logo\/image\/","url":"https:\/\/spinalcode.in.rs\/wp-content\/uploads\/2024\/02\/sclogonoviprovucen200i.png","contentUrl":"https:\/\/spinalcode.in.rs\/wp-content\/uploads\/2024\/02\/sclogonoviprovucen200i.png","width":200,"height":200,"caption":"Spinal Code"},"image":{"@id":"https:\/\/spinalcode.in.rs\/#\/schema\/logo\/image\/"},"sameAs":["https:\/\/www.facebook.com\/spinal.code9","https:\/\/www.instagram.com\/spinal.code.rs\/"]}]}},"_links":{"self":[{"href":"https:\/\/spinalcode.in.rs\/en\/wp-json\/wp\/v2\/pages\/3599","targetHints":{"allow":["GET"]}}],"collection":[{"href":"https:\/\/spinalcode.in.rs\/en\/wp-json\/wp\/v2\/pages"}],"about":[{"href":"https:\/\/spinalcode.in.rs\/en\/wp-json\/wp\/v2\/types\/page"}],"author":[{"embeddable":true,"href":"https:\/\/spinalcode.in.rs\/en\/wp-json\/wp\/v2\/users\/1"}],"replies":[{"embeddable":true,"href":"https:\/\/spinalcode.in.rs\/en\/wp-json\/wp\/v2\/comments?post=3599"}],"version-history":[{"count":7,"href":"https:\/\/spinalcode.in.rs\/en\/wp-json\/wp\/v2\/pages\/3599\/revisions"}],"predecessor-version":[{"id":3615,"href":"https:\/\/spinalcode.in.rs\/en\/wp-json\/wp\/v2\/pages\/3599\/revisions\/3615"}],"wp:attachment":[{"href":"https:\/\/spinalcode.in.rs\/en\/wp-json\/wp\/v2\/media?parent=3599"}],"curies":[{"name":"wp","href":"https:\/\/api.w.org\/{rel}","templated":true}]}}