{"id":3677,"date":"2025-11-08T10:57:45","date_gmt":"2025-11-08T10:57:45","guid":{"rendered":"https:\/\/spinalcode.in.rs\/?page_id=3677"},"modified":"2025-11-08T11:43:27","modified_gmt":"2025-11-08T11:43:27","slug":"adm-jovanovic-logistics","status":"publish","type":"page","link":"https:\/\/spinalcode.in.rs\/en\/adm-jovanovic-logistics\/","title":{"rendered":"ADM Jovanovi\u0107 Logistics"},"content":{"rendered":"\t\t<div data-elementor-type=\"wp-page\" data-elementor-id=\"3677\" class=\"elementor elementor-3677\">\n\t\t\t\t<div class=\"elementor-element elementor-element-27c2295 e-con-full e-flex e-con e-parent\" data-id=\"27c2295\" data-element_type=\"container\" data-e-type=\"container\">\n\t\t\t\t<div class=\"elementor-element elementor-element-b6d151a elementor-widget elementor-widget-image\" data-id=\"b6d151a\" data-element_type=\"widget\" data-e-type=\"widget\" data-widget_type=\"image.default\">\n\t\t\t\t<div class=\"elementor-widget-container\">\n\t\t\t\t\t\t\t\t\t\t\t\t\t\t\t\t<a href=\"https:\/\/admjovanoviclogistics.com\/\">\n\t\t\t\t\t\t\t<img fetchpriority=\"high\" decoding=\"async\" width=\"1920\" height=\"1080\" src=\"https:\/\/spinalcode.in.rs\/wp-content\/uploads\/2025\/11\/admres.webp\" class=\"attachment-full size-full wp-image-3679\" alt=\"\" srcset=\"https:\/\/spinalcode.in.rs\/wp-content\/uploads\/2025\/11\/admres.webp 1920w, https:\/\/spinalcode.in.rs\/wp-content\/uploads\/2025\/11\/admres-300x169.webp 300w, https:\/\/spinalcode.in.rs\/wp-content\/uploads\/2025\/11\/admres-1024x576.webp 1024w, https:\/\/spinalcode.in.rs\/wp-content\/uploads\/2025\/11\/admres-768x432.webp 768w, https:\/\/spinalcode.in.rs\/wp-content\/uploads\/2025\/11\/admres-1536x864.webp 1536w, https:\/\/spinalcode.in.rs\/wp-content\/uploads\/2025\/11\/admres-18x10.webp 18w\" sizes=\"(max-width: 1920px) 100vw, 1920px\" \/>\t\t\t\t\t\t\t\t<\/a>\n\t\t\t\t\t\t\t\t\t\t\t\t\t\t\t<\/div>\n\t\t\t\t<\/div>\n\t\t\t\t<\/div>\n\t\t<div class=\"elementor-element elementor-element-9432d6f e-flex e-con-boxed e-con e-parent\" data-id=\"9432d6f\" data-element_type=\"container\" data-e-type=\"container\">\n\t\t\t\t\t<div class=\"e-con-inner\">\n\t\t<div class=\"elementor-element elementor-element-6f881f4 e-flex e-con-boxed e-con e-child\" data-id=\"6f881f4\" data-element_type=\"container\" data-e-type=\"container\">\n\t\t\t\t\t<div class=\"e-con-inner\">\n\t\t\t\t<div class=\"elementor-element elementor-element-6061b53 elementor-widget elementor-widget-heading\" data-id=\"6061b53\" data-element_type=\"widget\" data-e-type=\"widget\" data-widget_type=\"heading.default\">\n\t\t\t\t<div class=\"elementor-widget-container\">\n\t\t\t\t\t<h1 class=\"elementor-heading-title elementor-size-default\"><a href=\"https:\/\/apartmanivaros.com\/\">ADM Jovanovi\u0107 Logistics<\/a><\/h1>\t\t\t\t<\/div>\n\t\t\t\t<\/div>\n\t\t\t\t<div class=\"elementor-element elementor-element-dccdf7a elementor-widget elementor-widget-text-editor\" data-id=\"dccdf7a\" data-element_type=\"widget\" data-e-type=\"widget\" data-widget_type=\"text-editor.default\">\n\t\t\t\t<div class=\"elementor-widget-container\">\n\t\t\t\t\t\t\t\t\t<p data-start=\"231\" data-end=\"500\">Ova kompanija se bavi transportom i logistikom na doma\u0107em i me\u0111unarodnom nivou. Cilj projekta bio je da se kreira moderan, brz i informativan veb sajt koji na jasan na\u010din prikazuje sve usluge i prednosti kompanije.<\/p><p data-start=\"502\" data-end=\"777\">Sajt je izra\u0111en na ruskom jeziku, uz mogu\u0107nost prevoda na srpski, \u0161to omogu\u0107ava jednostavnu komunikaciju sa razli\u010ditim tr\u017ei\u0161tima. Na sajtu su jasno predstavljene usluge, cene, rute i kontakt informacije, kako bi posetioci lako prona\u0161li sve potrebne podatke.<\/p><p data-start=\"779\" data-end=\"939\">Dizajn je pregledan, responzivan i prilago\u0111en svim ure\u0111ajima, dok brza navigacija i funkcionalan raspored sekcija obezbe\u0111uju prijatno korisni\u010dko iskustvo.<\/p>\t\t\t\t\t\t\t\t<\/div>\n\t\t\t\t<\/div>\n\t\t\t\t\t<\/div>\n\t\t\t\t<\/div>\n\t\t<div class=\"elementor-element elementor-element-1a8ac54 e-flex e-con-boxed e-con e-child\" data-id=\"1a8ac54\" data-element_type=\"container\" data-e-type=\"container\" data-settings=\"{&quot;background_background&quot;:&quot;slideshow&quot;,&quot;background_slideshow_gallery&quot;:[{&quot;id&quot;:3680,&quot;url&quot;:&quot;https:\\\/\\\/spinalcode.in.rs\\\/wp-content\\\/uploads\\\/2025\\\/11\\\/adm1.webp&quot;},{&quot;id&quot;:3681,&quot;url&quot;:&quot;https:\\\/\\\/spinalcode.in.rs\\\/wp-content\\\/uploads\\\/2025\\\/11\\\/adm2.webp&quot;},{&quot;id&quot;:3682,&quot;url&quot;:&quot;https:\\\/\\\/spinalcode.in.rs\\\/wp-content\\\/uploads\\\/2025\\\/11\\\/adm3.webp&quot;},{&quot;id&quot;:3683,&quot;url&quot;:&quot;https:\\\/\\\/spinalcode.in.rs\\\/wp-content\\\/uploads\\\/2025\\\/11\\\/adm4.webp&quot;},{&quot;id&quot;:3684,&quot;url&quot;:&quot;https:\\\/\\\/spinalcode.in.rs\\\/wp-content\\\/uploads\\\/2025\\\/11\\\/adm5.webp&quot;},{&quot;id&quot;:3685,&quot;url&quot;:&quot;https:\\\/\\\/spinalcode.in.rs\\\/wp-content\\\/uploads\\\/2025\\\/11\\\/adm6.webp&quot;},{&quot;id&quot;:3686,&quot;url&quot;:&quot;https:\\\/\\\/spinalcode.in.rs\\\/wp-content\\\/uploads\\\/2025\\\/11\\\/adm7.webp&quot;},{&quot;id&quot;:3687,&quot;url&quot;:&quot;https:\\\/\\\/spinalcode.in.rs\\\/wp-content\\\/uploads\\\/2025\\\/11\\\/adm8.webp&quot;}],&quot;background_slideshow_loop&quot;:&quot;yes&quot;,&quot;background_slideshow_slide_duration&quot;:5000,&quot;background_slideshow_slide_transition&quot;:&quot;fade&quot;,&quot;background_slideshow_transition_duration&quot;:500}\">\n\t\t\t\t\t<div class=\"e-con-inner\">\n\t\t\t\t\t<\/div>\n\t\t\t\t<\/div>\n\t\t\t\t\t<\/div>\n\t\t\t\t<\/div>\n\t\t\t\t<\/div>\n\t\t","protected":false},"excerpt":{"rendered":"<p>ADM Jovanovi\u0107 Logistics Ova kompanija se bavi transportom i logistikom na doma\u0107em i me\u0111unarodnom nivou. Cilj projekta bio je da se kreira moderan, brz i informativan veb sajt koji na jasan na\u010din prikazuje sve usluge i prednosti kompanije. Sajt je izra\u0111en na ruskom jeziku, uz mogu\u0107nost prevoda na srpski, \u0161to omogu\u0107ava jednostavnu komunikaciju sa razli\u010ditim [&hellip;]<\/p>\n","protected":false},"author":1,"featured_media":0,"parent":0,"menu_order":0,"comment_status":"closed","ping_status":"closed","template":"","meta":{"footnotes":""},"class_list":["post-3677","page","type-page","status-publish","hentry"],"blocksy_meta":{"has_hero_section":"disabled","vertical_spacing_source":"custom","content_area_spacing":"none","styles_descriptor":{"styles":{"desktop":"","tablet":"","mobile":""},"google_fonts":[],"version":6}},"yoast_head":"<!-- This site is optimized with the Yoast SEO plugin v27.5 - https:\/\/yoast.com\/product\/yoast-seo-wordpress\/ -->\n<title>Spinal Code | ADM Jovanovi\u0107 Logistics | Profesionalno.Moderno.Kreativno.<\/title>\n<meta name=\"robots\" content=\"index, follow, max-snippet:-1, max-image-preview:large, max-video-preview:-1\" \/>\n<link rel=\"canonical\" href=\"https:\/\/spinalcode.in.rs\/en\/adm-jovanovic-logistics\/\" \/>\n<meta property=\"og:locale\" content=\"en_GB\" \/>\n<meta property=\"og:type\" content=\"article\" \/>\n<meta property=\"og:title\" content=\"Spinal Code | ADM Jovanovi\u0107 Logistics | Profesionalno.Moderno.Kreativno.\" \/>\n<meta property=\"og:description\" content=\"ADM Jovanovi\u0107 Logistics Ova kompanija se bavi transportom i logistikom na doma\u0107em i me\u0111unarodnom nivou. Cilj projekta bio je da se kreira moderan, brz i informativan veb sajt koji na jasan na\u010din prikazuje sve usluge i prednosti kompanije. Sajt je izra\u0111en na ruskom jeziku, uz mogu\u0107nost prevoda na srpski, \u0161to omogu\u0107ava jednostavnu komunikaciju sa razli\u010ditim [&hellip;]\" \/>\n<meta property=\"og:url\" content=\"https:\/\/spinalcode.in.rs\/en\/adm-jovanovic-logistics\/\" \/>\n<meta property=\"og:site_name\" content=\"Spinal Code\" \/>\n<meta property=\"article:publisher\" content=\"https:\/\/www.facebook.com\/spinal.code9\" \/>\n<meta property=\"article:modified_time\" content=\"2025-11-08T11:43:27+00:00\" \/>\n<meta property=\"og:image\" content=\"https:\/\/spinalcode.in.rs\/wp-content\/uploads\/2025\/11\/admres.webp\" \/>\n<meta name=\"twitter:card\" content=\"summary_large_image\" \/>\n<meta name=\"twitter:label1\" content=\"Estimated reading time\" \/>\n\t<meta name=\"twitter:data1\" content=\"1 minute\" \/>\n<script type=\"application\/ld+json\" class=\"yoast-schema-graph\">{\"@context\":\"https:\\\/\\\/schema.org\",\"@graph\":[{\"@type\":\"WebPage\",\"@id\":\"https:\\\/\\\/spinalcode.in.rs\\\/adm-jovanovic-logistics\\\/\",\"url\":\"https:\\\/\\\/spinalcode.in.rs\\\/adm-jovanovic-logistics\\\/\",\"name\":\"Spinal Code | ADM Jovanovi\u0107 Logistics | Profesionalno.Moderno.Kreativno.\",\"isPartOf\":{\"@id\":\"https:\\\/\\\/spinalcode.in.rs\\\/#website\"},\"primaryImageOfPage\":{\"@id\":\"https:\\\/\\\/spinalcode.in.rs\\\/adm-jovanovic-logistics\\\/#primaryimage\"},\"image\":{\"@id\":\"https:\\\/\\\/spinalcode.in.rs\\\/adm-jovanovic-logistics\\\/#primaryimage\"},\"thumbnailUrl\":\"https:\\\/\\\/spinalcode.in.rs\\\/wp-content\\\/uploads\\\/2025\\\/11\\\/admres.webp\",\"datePublished\":\"2025-11-08T10:57:45+00:00\",\"dateModified\":\"2025-11-08T11:43:27+00:00\",\"breadcrumb\":{\"@id\":\"https:\\\/\\\/spinalcode.in.rs\\\/adm-jovanovic-logistics\\\/#breadcrumb\"},\"inLanguage\":\"en-GB\",\"potentialAction\":[{\"@type\":\"ReadAction\",\"target\":[\"https:\\\/\\\/spinalcode.in.rs\\\/adm-jovanovic-logistics\\\/\"]}]},{\"@type\":\"ImageObject\",\"inLanguage\":\"en-GB\",\"@id\":\"https:\\\/\\\/spinalcode.in.rs\\\/adm-jovanovic-logistics\\\/#primaryimage\",\"url\":\"https:\\\/\\\/spinalcode.in.rs\\\/wp-content\\\/uploads\\\/2025\\\/11\\\/admres.webp\",\"contentUrl\":\"https:\\\/\\\/spinalcode.in.rs\\\/wp-content\\\/uploads\\\/2025\\\/11\\\/admres.webp\"},{\"@type\":\"BreadcrumbList\",\"@id\":\"https:\\\/\\\/spinalcode.in.rs\\\/adm-jovanovic-logistics\\\/#breadcrumb\",\"itemListElement\":[{\"@type\":\"ListItem\",\"position\":1,\"name\":\"Home\",\"item\":\"https:\\\/\\\/spinalcode.in.rs\\\/\"},{\"@type\":\"ListItem\",\"position\":2,\"name\":\"ADM Jovanovi\u0107 Logistics\"}]},{\"@type\":\"WebSite\",\"@id\":\"https:\\\/\\\/spinalcode.in.rs\\\/#website\",\"url\":\"https:\\\/\\\/spinalcode.in.rs\\\/\",\"name\":\"Spinal Code\",\"description\":\"Profesionalno.Moderno.Kreativno.\",\"publisher\":{\"@id\":\"https:\\\/\\\/spinalcode.in.rs\\\/#organization\"},\"potentialAction\":[{\"@type\":\"SearchAction\",\"target\":{\"@type\":\"EntryPoint\",\"urlTemplate\":\"https:\\\/\\\/spinalcode.in.rs\\\/?s={search_term_string}\"},\"query-input\":{\"@type\":\"PropertyValueSpecification\",\"valueRequired\":true,\"valueName\":\"search_term_string\"}}],\"inLanguage\":\"en-GB\"},{\"@type\":\"Organization\",\"@id\":\"https:\\\/\\\/spinalcode.in.rs\\\/#organization\",\"name\":\"Spinal Code\",\"url\":\"https:\\\/\\\/spinalcode.in.rs\\\/\",\"logo\":{\"@type\":\"ImageObject\",\"inLanguage\":\"en-GB\",\"@id\":\"https:\\\/\\\/spinalcode.in.rs\\\/#\\\/schema\\\/logo\\\/image\\\/\",\"url\":\"https:\\\/\\\/spinalcode.in.rs\\\/wp-content\\\/uploads\\\/2024\\\/02\\\/sclogonoviprovucen200i.png\",\"contentUrl\":\"https:\\\/\\\/spinalcode.in.rs\\\/wp-content\\\/uploads\\\/2024\\\/02\\\/sclogonoviprovucen200i.png\",\"width\":200,\"height\":200,\"caption\":\"Spinal Code\"},\"image\":{\"@id\":\"https:\\\/\\\/spinalcode.in.rs\\\/#\\\/schema\\\/logo\\\/image\\\/\"},\"sameAs\":[\"https:\\\/\\\/www.facebook.com\\\/spinal.code9\",\"https:\\\/\\\/www.instagram.com\\\/spinal.code.rs\\\/\"]}]}<\/script>\n<!-- \/ Yoast SEO plugin. -->","yoast_head_json":{"title":"Spinal Code | ADM Jovanovi\u0107 Logistics | Profesionalno.Moderno.Kreativno.","robots":{"index":"index","follow":"follow","max-snippet":"max-snippet:-1","max-image-preview":"max-image-preview:large","max-video-preview":"max-video-preview:-1"},"canonical":"https:\/\/spinalcode.in.rs\/en\/adm-jovanovic-logistics\/","og_locale":"en_GB","og_type":"article","og_title":"Spinal Code | ADM Jovanovi\u0107 Logistics | Profesionalno.Moderno.Kreativno.","og_description":"ADM Jovanovi\u0107 Logistics Ova kompanija se bavi transportom i logistikom na doma\u0107em i me\u0111unarodnom nivou. Cilj projekta bio je da se kreira moderan, brz i informativan veb sajt koji na jasan na\u010din prikazuje sve usluge i prednosti kompanije. Sajt je izra\u0111en na ruskom jeziku, uz mogu\u0107nost prevoda na srpski, \u0161to omogu\u0107ava jednostavnu komunikaciju sa razli\u010ditim [&hellip;]","og_url":"https:\/\/spinalcode.in.rs\/en\/adm-jovanovic-logistics\/","og_site_name":"Spinal Code","article_publisher":"https:\/\/www.facebook.com\/spinal.code9","article_modified_time":"2025-11-08T11:43:27+00:00","og_image":[{"url":"https:\/\/spinalcode.in.rs\/wp-content\/uploads\/2025\/11\/admres.webp","type":"","width":"","height":""}],"twitter_card":"summary_large_image","twitter_misc":{"Estimated reading time":"1 minute"},"schema":{"@context":"https:\/\/schema.org","@graph":[{"@type":"WebPage","@id":"https:\/\/spinalcode.in.rs\/adm-jovanovic-logistics\/","url":"https:\/\/spinalcode.in.rs\/adm-jovanovic-logistics\/","name":"Spinal Code | ADM Jovanovi\u0107 Logistics | Profesionalno.Moderno.Kreativno.","isPartOf":{"@id":"https:\/\/spinalcode.in.rs\/#website"},"primaryImageOfPage":{"@id":"https:\/\/spinalcode.in.rs\/adm-jovanovic-logistics\/#primaryimage"},"image":{"@id":"https:\/\/spinalcode.in.rs\/adm-jovanovic-logistics\/#primaryimage"},"thumbnailUrl":"https:\/\/spinalcode.in.rs\/wp-content\/uploads\/2025\/11\/admres.webp","datePublished":"2025-11-08T10:57:45+00:00","dateModified":"2025-11-08T11:43:27+00:00","breadcrumb":{"@id":"https:\/\/spinalcode.in.rs\/adm-jovanovic-logistics\/#breadcrumb"},"inLanguage":"en-GB","potentialAction":[{"@type":"ReadAction","target":["https:\/\/spinalcode.in.rs\/adm-jovanovic-logistics\/"]}]},{"@type":"ImageObject","inLanguage":"en-GB","@id":"https:\/\/spinalcode.in.rs\/adm-jovanovic-logistics\/#primaryimage","url":"https:\/\/spinalcode.in.rs\/wp-content\/uploads\/2025\/11\/admres.webp","contentUrl":"https:\/\/spinalcode.in.rs\/wp-content\/uploads\/2025\/11\/admres.webp"},{"@type":"BreadcrumbList","@id":"https:\/\/spinalcode.in.rs\/adm-jovanovic-logistics\/#breadcrumb","itemListElement":[{"@type":"ListItem","position":1,"name":"Home","item":"https:\/\/spinalcode.in.rs\/"},{"@type":"ListItem","position":2,"name":"ADM Jovanovi\u0107 Logistics"}]},{"@type":"WebSite","@id":"https:\/\/spinalcode.in.rs\/#website","url":"https:\/\/spinalcode.in.rs\/","name":"Spinal Code","description":"Profesionalno.Moderno.Kreativno.","publisher":{"@id":"https:\/\/spinalcode.in.rs\/#organization"},"potentialAction":[{"@type":"SearchAction","target":{"@type":"EntryPoint","urlTemplate":"https:\/\/spinalcode.in.rs\/?s={search_term_string}"},"query-input":{"@type":"PropertyValueSpecification","valueRequired":true,"valueName":"search_term_string"}}],"inLanguage":"en-GB"},{"@type":"Organization","@id":"https:\/\/spinalcode.in.rs\/#organization","name":"Spinal Code","url":"https:\/\/spinalcode.in.rs\/","logo":{"@type":"ImageObject","inLanguage":"en-GB","@id":"https:\/\/spinalcode.in.rs\/#\/schema\/logo\/image\/","url":"https:\/\/spinalcode.in.rs\/wp-content\/uploads\/2024\/02\/sclogonoviprovucen200i.png","contentUrl":"https:\/\/spinalcode.in.rs\/wp-content\/uploads\/2024\/02\/sclogonoviprovucen200i.png","width":200,"height":200,"caption":"Spinal Code"},"image":{"@id":"https:\/\/spinalcode.in.rs\/#\/schema\/logo\/image\/"},"sameAs":["https:\/\/www.facebook.com\/spinal.code9","https:\/\/www.instagram.com\/spinal.code.rs\/"]}]}},"_links":{"self":[{"href":"https:\/\/spinalcode.in.rs\/en\/wp-json\/wp\/v2\/pages\/3677","targetHints":{"allow":["GET"]}}],"collection":[{"href":"https:\/\/spinalcode.in.rs\/en\/wp-json\/wp\/v2\/pages"}],"about":[{"href":"https:\/\/spinalcode.in.rs\/en\/wp-json\/wp\/v2\/types\/page"}],"author":[{"embeddable":true,"href":"https:\/\/spinalcode.in.rs\/en\/wp-json\/wp\/v2\/users\/1"}],"replies":[{"embeddable":true,"href":"https:\/\/spinalcode.in.rs\/en\/wp-json\/wp\/v2\/comments?post=3677"}],"version-history":[{"count":4,"href":"https:\/\/spinalcode.in.rs\/en\/wp-json\/wp\/v2\/pages\/3677\/revisions"}],"predecessor-version":[{"id":3690,"href":"https:\/\/spinalcode.in.rs\/en\/wp-json\/wp\/v2\/pages\/3677\/revisions\/3690"}],"wp:attachment":[{"href":"https:\/\/spinalcode.in.rs\/en\/wp-json\/wp\/v2\/media?parent=3677"}],"curies":[{"name":"wp","href":"https:\/\/api.w.org\/{rel}","templated":true}]}}